{"id":48653,"date":"2025-04-10T12:07:47","date_gmt":"2025-04-10T10:07:47","guid":{"rendered":"https:\/\/myspainfood.com\/producto\/manzanilla-4-kg-242-aperitiivi\/"},"modified":"2025-04-10T12:07:47","modified_gmt":"2025-04-10T10:07:47","slug":"manzanilla-4-kg-242-aperitiivi","status":"publish","type":"product","link":"https:\/\/myspainfood.com\/fi\/producto\/manzanilla-4-kg-242-aperitiivi\/","title":{"rendered":"Manzanilla 4 kg 242 aperitiivi"},"content":{"rendered":"<p>Nimitys &#8221;manzanilla&#8221; on annettu eri oliivipuulajikkeille (Olea europaea). T\u00e4m\u00e4 nimi annetaan my\u00f6s niiden tuottamille hedelmille tai oliiveille. T\u00e4rkeimm\u00e4t lajikkeet ovat manzanilla sevillana, manzanilla cacere\u00f1a ja manzanilla alore\u00f1a.    <\/p>\n","protected":false},"excerpt":{"rendered":"<p>Nimitys &#8221;manzanilla&#8221; on annettu eri oliivipuulajikkeille (Olea europaea). T\u00e4m\u00e4 nimi annetaan my\u00f6s niiden tuottamille hedelmille tai oliiveille. T\u00e4rkeimm\u00e4t lajikkeet ovat manzanilla sevillana, manzanilla cacere\u00f1a ja manzanilla alore\u00f1a.<\/p>\n","protected":false},"featured_media":48655,"template":"","meta":{"_et_pb_use_builder":"","_et_pb_old_content":"","_et_gb_content_width":""},"product_brand":[1069],"product_cat":[1781,1779],"product_tag":[2043],"class_list":{"0":"post-48653","1":"product","2":"type-product","3":"status-publish","4":"has-post-thumbnail","6":"product_brand-sangar","7":"product_cat-oliivit","8":"product_cat-pikkelsia","9":"product_tag-kamomilla","11":"first","12":"outofstock","13":"taxable","14":"shipping-taxable","15":"purchasable","16":"product-type-simple"},"_links":{"self":[{"href":"https:\/\/myspainfood.com\/fi\/wp-json\/wp\/v2\/product\/48653","targetHints":{"allow":["GET"]}}],"collection":[{"href":"https:\/\/myspainfood.com\/fi\/wp-json\/wp\/v2\/product"}],"about":[{"href":"https:\/\/myspainfood.com\/fi\/wp-json\/wp\/v2\/types\/product"}],"wp:featuredmedia":[{"embeddable":true,"href":"https:\/\/myspainfood.com\/fi\/wp-json\/wp\/v2\/media\/48655"}],"wp:attachment":[{"href":"https:\/\/myspainfood.com\/fi\/wp-json\/wp\/v2\/media?parent=48653"}],"wp:term":[{"taxonomy":"product_brand","embeddable":true,"href":"https:\/\/myspainfood.com\/fi\/wp-json\/wp\/v2\/product_brand?post=48653"},{"taxonomy":"product_cat","embeddable":true,"href":"https:\/\/myspainfood.com\/fi\/wp-json\/wp\/v2\/product_cat?post=48653"},{"taxonomy":"product_tag","embeddable":true,"href":"https:\/\/myspainfood.com\/fi\/wp-json\/wp\/v2\/product_tag?post=48653"}],"curies":[{"name":"wp","href":"https:\/\/api.w.org\/{rel}","templated":true}]}}