{"id":48887,"date":"2025-04-10T12:08:45","date_gmt":"2025-04-10T10:08:45","guid":{"rendered":"https:\/\/myspainfood.com\/producto\/riojana-juusto-75-yksikkoa\/"},"modified":"2025-08-16T20:28:22","modified_gmt":"2025-08-16T18:28:22","slug":"riojana-juusto-75-yksikkoa","status":"publish","type":"product","link":"https:\/\/myspainfood.com\/fi\/producto\/riojana-juusto-75-yksikkoa\/","title":{"rendered":"Riojana-juusto 75 yksikk\u00f6\u00e4"},"content":{"rendered":"<p>\u00d6ljy\u00e4 (85 % auringonkukka\u00f6ljy, 15 % oliivi\u00f6ljy), <strong>anjoviksella<\/strong> t\u00e4ytettyj\u00e4 oliiveja,<strong> anjovisfileet\u00e4<\/strong>, mausteista pehme\u00e4\u00e4 juustoa ja paprikaa.<\/p>\n","protected":false},"excerpt":{"rendered":"<p>\u00d6ljy\u00e4 (85 % auringonkukka\u00f6ljy, 15 % oliivi\u00f6ljy), anjoviksella t\u00e4ytettyj\u00e4 oliiveja, anjovisfileet\u00e4, mausteista pehme\u00e4\u00e4 juustoa ja paprikaa.<\/p>\n","protected":false},"featured_media":48892,"template":"","meta":{"_et_pb_use_builder":"","_et_pb_old_content":"","_et_gb_content_width":""},"product_brand":[1277],"product_cat":[2301,1872,1781,2375,1779,1874,1873],"product_tag":[],"class_list":{"0":"post-48887","1":"product","2":"type-product","3":"status-publish","4":"has-post-thumbnail","6":"product_brand-bokeo","7":"product_cat-juustoa-ja-makkaraa","8":"product_cat-kylma","9":"product_cat-oliivit","10":"product_cat-paprikat","11":"product_cat-pikkelsia","12":"product_cat-pintxos-fi","13":"product_cat-sardellit","14":"product_shipping_class-kylmalahetys","16":"first","17":"outofstock","18":"taxable","19":"shipping-taxable","20":"purchasable","21":"product-type-simple"},"_links":{"self":[{"href":"https:\/\/myspainfood.com\/fi\/wp-json\/wp\/v2\/product\/48887","targetHints":{"allow":["GET"]}}],"collection":[{"href":"https:\/\/myspainfood.com\/fi\/wp-json\/wp\/v2\/product"}],"about":[{"href":"https:\/\/myspainfood.com\/fi\/wp-json\/wp\/v2\/types\/product"}],"wp:featuredmedia":[{"embeddable":true,"href":"https:\/\/myspainfood.com\/fi\/wp-json\/wp\/v2\/media\/48892"}],"wp:attachment":[{"href":"https:\/\/myspainfood.com\/fi\/wp-json\/wp\/v2\/media?parent=48887"}],"wp:term":[{"taxonomy":"product_brand","embeddable":true,"href":"https:\/\/myspainfood.com\/fi\/wp-json\/wp\/v2\/product_brand?post=48887"},{"taxonomy":"product_cat","embeddable":true,"href":"https:\/\/myspainfood.com\/fi\/wp-json\/wp\/v2\/product_cat?post=48887"},{"taxonomy":"product_tag","embeddable":true,"href":"https:\/\/myspainfood.com\/fi\/wp-json\/wp\/v2\/product_tag?post=48887"}],"curies":[{"name":"wp","href":"https:\/\/api.w.org\/{rel}","templated":true}]}}