{"id":49050,"date":"2025-04-10T12:09:50","date_gmt":"2025-04-10T10:09:50","guid":{"rendered":"https:\/\/myspainfood.com\/producto\/paprikasalaatti-tonnikalan-kanssa-alsur-120-yksikkoa\/"},"modified":"2025-04-10T12:09:50","modified_gmt":"2025-04-10T10:09:50","slug":"paprikasalaatti-tonnikalan-kanssa-alsur-120-yksikkoa","status":"publish","type":"product","link":"https:\/\/myspainfood.com\/fi\/producto\/paprikasalaatti-tonnikalan-kanssa-alsur-120-yksikkoa\/","title":{"rendered":"Paprikasalaatti tonnikalan kanssa Alsur 120 yksikk\u00f6\u00e4"},"content":{"rendered":"<p><a href=\"https:\/\/www.alsurvegetales.com\/producto\/id\/26\/ensalada-de-pimiento-asado-con-atun\" target=\"_blank\" rel=\"noopener noreferrer nofollow\">Alsurin<\/a> tonnikalapippurisalaatin menestys perustuu sen vaihtelevaan v\u00e4riin, joka vaihtelee vaaleasta tummanpunaiseen, makuun ja pehme\u00e4\u00e4n rakenteeseen.<\/p>\n<p>Paahdetut paprikat yhdess\u00e4 sipulin kanssa muodostavat herkullisen ruokalajin, joka on eritt\u00e4in helppo valmistaa.<\/p>\n<p>Lasipurkki painaa 340 grammaa.<\/p>\n<p>S\u00e4ilyt\u00e4 viile\u00e4ss\u00e4, kuivassa paikassa. Kun avattu, j\u00e4\u00e4hdyt\u00e4 ja kuluta 7 p\u00e4iv\u00e4n kuluessa. <\/p>\n<p>Ainesosat: Piquillo paprika, sipuli, vesi, sokeri, tonnikala (5%), etikka, suola ja sitruunahappo.<\/p>\n<p>Alsur on perheyritys, jossa ruoka on p\u00e4\u00e4henkil\u00f6.<\/p>\n<h4>S\u00e4ilykkeiden t\u00e4rkeimm\u00e4t edut<\/h4>\n<ol>\n<li>Ne s\u00e4ilytt\u00e4v\u00e4t kaikki elintarvikkeen ravitsemukselliset ominaisuudet. Ruoka s\u00e4ilytt\u00e4\u00e4 tuoreutensa. <\/li>\n<li>K\u00e4ytetyt elintarvikkeet ovat terveellisi\u00e4 ja sopivat siksi optimaaliseen ruokavalioon niiden korkean vitamiini- ja proteiinipitoisuuden ansiosta.<\/li>\n<li>N\u00e4iden tuotteiden k\u00e4ytt\u00f6ik\u00e4 on pidempi (tyypillisesti 2-5 vuotta).<\/li>\n<li>S\u00e4ilykkeet ovat eritt\u00e4in helppoja s\u00e4ilytt\u00e4\u00e4, sill\u00e4 niiden pakkaukset on helppo levitt\u00e4\u00e4.<\/li>\n<\/ol>\n<p>Jos haluat ostaa paprikasalaattia tonnikalan kanssa tai mit\u00e4 tahansa muuta <a href=\"https:\/\/latiendadesami.com\/categoria-producto\/conservas\/\" rel=\"noopener noreferrer nofollow\" target=\"_blank\">s\u00e4ilykett\u00e4<\/a>, \u00e4l\u00e4 ep\u00e4r\u00f6i katsoa verkkoluetteloamme n\u00e4hd\u00e4ksesi laajan valikoiman <a href=\"https:\/\/latiendadesami.com\/categoria-producto\/conservas\/atun-y-bonito\/\" target=\"_blank\" rel=\"noopener noreferrer nofollow\">tonnikalaa<\/a>, jota meill\u00e4 on.<\/p>\n<p>Kirjoita meille saadaksesi lis\u00e4tietoja.<\/p>\n","protected":false},"excerpt":{"rendered":"<p>Alsurin tonnikalapippurisalaatin menestys perustuu sen vaihtelevaan v\u00e4riin, joka vaihtelee vaaleasta tummanpunaiseen, makuun ja pehme\u00e4\u00e4n rakenteeseen. Paahdetut paprikat yhdess\u00e4 sipulin kanssa muodostavat herkullisen ruokalajin, joka on eritt\u00e4in helppo valmistaa. Lasipurkki painaa 340 grammaa. S\u00e4ilyt\u00e4 viile\u00e4ss\u00e4, kuivassa paikassa. Kun avattu, j\u00e4\u00e4hdyt\u00e4 ja kuluta 7 p\u00e4iv\u00e4n kuluessa. Ainesosat: Piquillo paprika, sipuli, vesi, sokeri, tonnikala (5%), etikka, suola ja [&hellip;]<\/p>\n","protected":false},"featured_media":49052,"template":"","meta":{"_et_pb_use_builder":"","_et_pb_old_content":"","_et_gb_content_width":""},"product_brand":[1196],"product_cat":[2375,1945,4282,3003],"product_tag":[],"class_list":{"0":"post-49050","1":"product","2":"type-product","3":"status-publish","4":"has-post-thumbnail","6":"product_brand-alsur","7":"product_cat-paprikat","8":"product_cat-sailyttaa","9":"product_cat-tonnikala-ja-bonito","10":"product_cat-tukku","12":"first","13":"outofstock","14":"taxable","15":"shipping-taxable","16":"purchasable","17":"product-type-simple"},"_links":{"self":[{"href":"https:\/\/myspainfood.com\/fi\/wp-json\/wp\/v2\/product\/49050","targetHints":{"allow":["GET"]}}],"collection":[{"href":"https:\/\/myspainfood.com\/fi\/wp-json\/wp\/v2\/product"}],"about":[{"href":"https:\/\/myspainfood.com\/fi\/wp-json\/wp\/v2\/types\/product"}],"wp:featuredmedia":[{"embeddable":true,"href":"https:\/\/myspainfood.com\/fi\/wp-json\/wp\/v2\/media\/49052"}],"wp:attachment":[{"href":"https:\/\/myspainfood.com\/fi\/wp-json\/wp\/v2\/media?parent=49050"}],"wp:term":[{"taxonomy":"product_brand","embeddable":true,"href":"https:\/\/myspainfood.com\/fi\/wp-json\/wp\/v2\/product_brand?post=49050"},{"taxonomy":"product_cat","embeddable":true,"href":"https:\/\/myspainfood.com\/fi\/wp-json\/wp\/v2\/product_cat?post=49050"},{"taxonomy":"product_tag","embeddable":true,"href":"https:\/\/myspainfood.com\/fi\/wp-json\/wp\/v2\/product_tag?post=49050"}],"curies":[{"name":"wp","href":"https:\/\/api.w.org\/{rel}","templated":true}]}}