{"id":49161,"date":"2025-04-10T12:10:00","date_gmt":"2025-04-10T10:10:00","guid":{"rendered":"https:\/\/myspainfood.com\/producto\/alino-de-mi-pueblo-chicon-oliivit-900-gramman-pakkaus-6-kpl\/"},"modified":"2025-04-10T12:10:00","modified_gmt":"2025-04-10T10:10:00","slug":"alino-de-mi-pueblo-chicon-oliivit-900-gramman-pakkaus-6-kpl","status":"publish","type":"product","link":"https:\/\/myspainfood.com\/fi\/producto\/alino-de-mi-pueblo-chicon-oliivit-900-gramman-pakkaus-6-kpl\/","title":{"rendered":"Ali\u00f1o de mi pueblo Chic\u00f3n oliivit 900 gramman pakkaus 6 kpl"},"content":{"rendered":"<p>Ali\u00f1o de mi Pueblo&#8221; <strong>manzanilla-oliivit<\/strong> ovat perinteisen reseptin mukaan parhaista raaka-aineista maustettuja <a href=\"https:\/\/aceitunaschiconlebron.com\/catalogo-productos\/comprar-aceitunas\/deshuesadas\/\" target=\"_blank\" rel=\"noopener noreferrer nofollow\">oliiveja<\/a>.<\/p>\n<p>Luonnollisten mausteiden k\u00e4ytt\u00f6 ja l\u00e4mp\u00f6tilan s\u00e4\u00e4t\u00f6 ovat n\u00e4iden oliivien erityisen maun saavuttamisen salaisuus.<\/p>\n<p>Ali\u00f1o de mi pueblo -oliivit ovat pehmeit\u00e4, ja mehukas hedelm\u00e4liha antaa niille ainutlaatuisen maun.<\/p>\n<p>Kotimaiset suolavedess\u00e4 liotetut ja happamuuden v\u00e4hent\u00e4miseksi k\u00e4sitellyt <a href=\"https:\/\/latiendadesami.com\/categoria-producto\/encurtidos\/\" target=\"_blank\" rel=\"noopener noreferrer nofollow\">marinoidut<\/a> oliivit ovat yleinen n\u00e4ky monilla terasseilla ja ravintoloissa.<\/p>\n<h3>Ali\u00f1o de mi Pueblo -oliivien edut<\/h3>\n<p>Tiesitk\u00f6 n\u00e4iden <strong>oliivien<\/strong> moninaisista hy\u00f6dyist\u00e4? Ne ehk\u00e4isev\u00e4t eritt\u00e4in tehokkaasti syd\u00e4n- ja verenkiertoelinten sairauksia yleens\u00e4. <\/p>\n<p>T\u00e4m\u00e4 johtuu sen korkeasta tyydyttym\u00e4tt\u00f6mien rasvojen pitoisuudesta. Lis\u00e4ksi se sis\u00e4lt\u00e4\u00e4 paljon rautaa ja kuitua ja on eritt\u00e4in kyll\u00e4inen, mik\u00e4 tekee siit\u00e4 t\u00e4ydellisen v\u00e4lipalan. <\/p>\n<p>Jos haluat ostaa oliiveja tai muita <a href=\"https:\/\/latiendadesami.com\/categoria-producto\/encurtidos\/\" rel=\"noopener noreferrer nofollow\" target=\"_blank\">suolakurkkuja<\/a>, \u00e4l\u00e4 ep\u00e4r\u00f6i tutustua verkkoluetteloomme, josta n\u00e4et laajan valikoiman <a href=\"https:\/\/latiendadesami.com\/categoria-producto\/encurtidos\/aceitunas\/\" target=\"_blank\" rel=\"noopener noreferrer nofollow\">oliiveja<\/a>.<\/p>\n","protected":false},"excerpt":{"rendered":"<p>Ali\u00f1o de mi Pueblo&#8221; manzanilla-oliivit ovat perinteisen reseptin mukaan parhaista raaka-aineista maustettuja oliiveja. Luonnollisten mausteiden k\u00e4ytt\u00f6 ja l\u00e4mp\u00f6tilan s\u00e4\u00e4t\u00f6 ovat n\u00e4iden oliivien erityisen maun saavuttamisen salaisuus. Ali\u00f1o de mi pueblo -oliivit ovat pehmeit\u00e4, ja mehukas hedelm\u00e4liha antaa niille ainutlaatuisen maun. Kotimaiset suolavedess\u00e4 liotetut ja happamuuden v\u00e4hent\u00e4miseksi k\u00e4sitellyt marinoidut oliivit ovat yleinen n\u00e4ky monilla terasseilla ja [&hellip;]<\/p>\n","protected":false},"featured_media":49167,"template":"","meta":{"_et_pb_use_builder":"","_et_pb_old_content":"","_et_gb_content_width":""},"product_brand":[1036],"product_cat":[3141,3003],"product_tag":[9932],"class_list":{"0":"post-49161","1":"product","2":"type-product","3":"status-publish","4":"has-post-thumbnail","6":"product_brand-chicon","7":"product_cat-pikkelsia-fi","8":"product_cat-tukku","9":"product_tag-kyla","11":"first","12":"instock","13":"taxable","14":"shipping-taxable","15":"purchasable","16":"product-type-variable"},"_links":{"self":[{"href":"https:\/\/myspainfood.com\/fi\/wp-json\/wp\/v2\/product\/49161","targetHints":{"allow":["GET"]}}],"collection":[{"href":"https:\/\/myspainfood.com\/fi\/wp-json\/wp\/v2\/product"}],"about":[{"href":"https:\/\/myspainfood.com\/fi\/wp-json\/wp\/v2\/types\/product"}],"wp:featuredmedia":[{"embeddable":true,"href":"https:\/\/myspainfood.com\/fi\/wp-json\/wp\/v2\/media\/49167"}],"wp:attachment":[{"href":"https:\/\/myspainfood.com\/fi\/wp-json\/wp\/v2\/media?parent=49161"}],"wp:term":[{"taxonomy":"product_brand","embeddable":true,"href":"https:\/\/myspainfood.com\/fi\/wp-json\/wp\/v2\/product_brand?post=49161"},{"taxonomy":"product_cat","embeddable":true,"href":"https:\/\/myspainfood.com\/fi\/wp-json\/wp\/v2\/product_cat?post=49161"},{"taxonomy":"product_tag","embeddable":true,"href":"https:\/\/myspainfood.com\/fi\/wp-json\/wp\/v2\/product_tag?post=49161"}],"curies":[{"name":"wp","href":"https:\/\/api.w.org\/{rel}","templated":true}]}}