{"id":50630,"date":"2025-05-21T08:44:03","date_gmt":"2025-05-21T06:44:03","guid":{"rendered":"https:\/\/myspainfood.com\/producto\/kamomilla-luun-kanssa-900-gr-chicon-900-gr-chicon\/"},"modified":"2026-01-29T12:58:38","modified_gmt":"2026-01-29T11:58:38","slug":"kamomilla-luun-kanssa-900-gr-chicon-900-gr-chicon","status":"publish","type":"product","link":"https:\/\/myspainfood.com\/fi\/producto\/kamomilla-luun-kanssa-900-gr-chicon-900-gr-chicon\/","title":{"rendered":"Kamomilla luun kanssa 900 gr Chic\u00f3n 900 gr Chic\u00f3n"},"content":{"rendered":"<p>Kokonaiset Manzanilla-oliivit, joissa on kivi, s\u00e4ilytt\u00e4v\u00e4t alkuper\u00e4isen muotonsa, jolloin kivi on hedelm\u00e4n sis\u00e4ll\u00e4.<\/p>\n<p>Kokonaisten oliivien s\u00e4ilytt\u00e4minen viile\u00e4ss\u00e4 ja kuivassa paikassa, suojassa auringonvalolta, on suositeltavaa.<\/p>\n<h3>Manzanilla-oliivien ja <a href=\"https:\/\/aceitunaschiconlebron.com\/catalogo-productos\/comprar-aceitunas\/deshuesadas\/\" target=\"_blank\" rel=\"noopener noreferrer nofollow\">chic\u00f3n-sipulit<\/a> sis\u00e4lt\u00e4vien oliivien edut<\/h3>\n<p>Tiesitk\u00f6 n\u00e4iden oliivien moninaisista hy\u00f6dyist\u00e4? Ne ehk\u00e4isev\u00e4t eritt\u00e4in tehokkaasti syd\u00e4n- ja verenkiertoelinten sairauksia yleens\u00e4. <\/p>\n<p>T\u00e4m\u00e4 johtuu sen korkeasta tyydyttym\u00e4tt\u00f6mien rasvojen pitoisuudesta. Lis\u00e4ksi se sis\u00e4lt\u00e4\u00e4 paljon rautaa ja kuitua ja on eritt\u00e4in kyll\u00e4inen, mik\u00e4 tekee siit\u00e4 t\u00e4ydellisen v\u00e4lipalan. <\/p>\n<p>Jos haluat ostaa oliiveja tai muita <a href=\"https:\/\/latiendadesami.com\/categoria-producto\/encurtidos\/\" rel=\"noopener noreferrer nofollow\" target=\"_blank\">marinoituja elintarvikkeita<\/a>, \u00e4l\u00e4 ep\u00e4r\u00f6i tutustua verkkoluetteloomme, josta n\u00e4et laajan valikoiman <a href=\"https:\/\/latiendadesami.com\/categoria-producto\/encurtidos\/aceitunas\/\" target=\"_blank\" rel=\"noopener noreferrer nofollow\">oliiveja<\/a>.<\/p>\n","protected":false},"excerpt":{"rendered":"<p>Kokonaiset Manzanilla-oliivit, joissa on kivi, s\u00e4ilytt\u00e4v\u00e4t alkuper\u00e4isen muotonsa, jolloin kivi on hedelm\u00e4n sis\u00e4ll\u00e4. Kokonaisten oliivien s\u00e4ilytt\u00e4minen viile\u00e4ss\u00e4 ja kuivassa paikassa, suojassa auringonvalolta, on suositeltavaa. Manzanilla-oliivien ja chic\u00f3n-sipulit sis\u00e4lt\u00e4vien oliivien edut Tiesitk\u00f6 n\u00e4iden oliivien moninaisista hy\u00f6dyist\u00e4? Ne ehk\u00e4isev\u00e4t eritt\u00e4in tehokkaasti syd\u00e4n- ja verenkiertoelinten sairauksia yleens\u00e4. T\u00e4m\u00e4 johtuu sen korkeasta tyydyttym\u00e4tt\u00f6mien rasvojen pitoisuudesta. Lis\u00e4ksi se sis\u00e4lt\u00e4\u00e4 paljon [&hellip;]<\/p>\n","protected":false},"featured_media":50336,"template":"","meta":{"_et_pb_use_builder":"","_et_pb_old_content":"","_et_gb_content_width":""},"product_brand":[1036],"product_cat":[1781,1779],"product_tag":[2043,10026],"class_list":{"0":"post-50630","1":"product","2":"type-product","3":"status-publish","4":"has-post-thumbnail","6":"product_brand-chicon","7":"product_cat-oliivit","8":"product_cat-pikkelsia","9":"product_tag-kamomilla","10":"product_tag-luun-kanssa","12":"first","13":"instock","14":"taxable","15":"shipping-taxable","16":"purchasable","17":"product-type-variable"},"_links":{"self":[{"href":"https:\/\/myspainfood.com\/fi\/wp-json\/wp\/v2\/product\/50630","targetHints":{"allow":["GET"]}}],"collection":[{"href":"https:\/\/myspainfood.com\/fi\/wp-json\/wp\/v2\/product"}],"about":[{"href":"https:\/\/myspainfood.com\/fi\/wp-json\/wp\/v2\/types\/product"}],"wp:featuredmedia":[{"embeddable":true,"href":"https:\/\/myspainfood.com\/fi\/wp-json\/wp\/v2\/media\/50336"}],"wp:attachment":[{"href":"https:\/\/myspainfood.com\/fi\/wp-json\/wp\/v2\/media?parent=50630"}],"wp:term":[{"taxonomy":"product_brand","embeddable":true,"href":"https:\/\/myspainfood.com\/fi\/wp-json\/wp\/v2\/product_brand?post=50630"},{"taxonomy":"product_cat","embeddable":true,"href":"https:\/\/myspainfood.com\/fi\/wp-json\/wp\/v2\/product_cat?post=50630"},{"taxonomy":"product_tag","embeddable":true,"href":"https:\/\/myspainfood.com\/fi\/wp-json\/wp\/v2\/product_tag?post=50630"}],"curies":[{"name":"wp","href":"https:\/\/api.w.org\/{rel}","templated":true}]}}