{"id":50987,"date":"2025-05-21T09:40:50","date_gmt":"2025-05-21T07:40:50","guid":{"rendered":"https:\/\/myspainfood.com\/producto\/kimbitos-oliivi-ja-kurkku-900-gr-chicon\/"},"modified":"2026-01-29T13:06:18","modified_gmt":"2026-01-29T12:06:18","slug":"kimbitos-oliivi-ja-kurkku-900-gr-chicon","status":"publish","type":"product","link":"https:\/\/myspainfood.com\/fi\/producto\/kimbitos-oliivi-ja-kurkku-900-gr-chicon\/","title":{"rendered":"Kimbitos - oliivi ja kurkku 900 gr Chic\u00f3n"},"content":{"rendered":"<p><a href=\"https:\/\/aceitunaschiconlebron.com\/catalogo\/manzanilla-rellena-de-pepinillo\/\" target=\"_blank\" rel=\"noopener noreferrer nofollow\">Kimbitos-oliivi ja kurkku<\/a>, jossa on mieto makea ja hapan maku.<\/p>\n<h3>Manzanilla- tai Kimbitos-oliivien ominaisuudet<\/h3>\n<p>Manzanilla-oliivit, jotka ovat alun perin per\u00e4isin Espanjasta, tarjoavat suuria etuja, joista voidaan mainita erityisesti seuraavat:<\/p>\n<p>Ne sis\u00e4lt\u00e4v\u00e4t runsaasti antioksidantteja.<\/p>\n<p>Ne alentavat verenpainetta ja kolesterolia.<\/p>\n<p>ehk\u00e4isee joitakin sy\u00f6p\u00e4tyyppej\u00e4.<\/p>\n<p>Ne toimivat luonnollisena probioottina.<\/p>\n<p>Parantaa syd\u00e4men terveytt\u00e4.<\/p>\n<p>Ne auttavat torjumaan infektioita.<\/p>\n<p>Ne ehk\u00e4isev\u00e4t osteoporoosia.<\/p>\n<p>Tiesitk\u00f6 n\u00e4iden Kimbitos-oliivien moninaisista eduista? Niill\u00e4 on suuri teho syd\u00e4n- ja verenkiertosairauksien ehk\u00e4isyss\u00e4 yleens\u00e4. <\/p>\n<p>Jos haluat ostaa oliiveja tai muita <a href=\"https:\/\/latiendadesami.com\/categoria-producto\/encurtidos\/\" rel=\"noopener noreferrer nofollow\" target=\"_blank\">marinoituja elintarvikkeita<\/a>, \u00e4l\u00e4 ep\u00e4r\u00f6i tutustua verkkoluetteloomme, josta n\u00e4et laajan valikoiman <a href=\"https:\/\/latiendadesami.com\/categoria-producto\/encurtidos\/aceitunas\/\" target=\"_blank\" rel=\"noopener noreferrer nofollow\">oliiveja<\/a>.<\/p>\n","protected":false},"excerpt":{"rendered":"<p>Kimbitos-oliivi ja kurkku, jossa on mieto makea ja hapan maku. Manzanilla- tai Kimbitos-oliivien ominaisuudet Manzanilla-oliivit, jotka ovat alun perin per\u00e4isin Espanjasta, tarjoavat suuria etuja, joista voidaan mainita erityisesti seuraavat: Ne sis\u00e4lt\u00e4v\u00e4t runsaasti antioksidantteja. Ne alentavat verenpainetta ja kolesterolia. ehk\u00e4isee joitakin sy\u00f6p\u00e4tyyppej\u00e4. Ne toimivat luonnollisena probioottina. Parantaa syd\u00e4men terveytt\u00e4. Ne auttavat torjumaan infektioita. Ne ehk\u00e4isev\u00e4t osteoporoosia. [&hellip;]<\/p>\n","protected":false},"featured_media":50992,"template":"","meta":{"_et_pb_use_builder":"","_et_pb_old_content":"","_et_gb_content_width":""},"product_brand":[1036],"product_cat":[2000,1781,1779],"product_tag":[2023,2043,2002],"class_list":{"0":"post-50987","1":"product","2":"type-product","3":"status-publish","4":"has-post-thumbnail","6":"product_brand-chicon","7":"product_cat-kurkut","8":"product_cat-oliivit","9":"product_cat-pikkelsia","10":"product_tag-gherkin-fi","11":"product_tag-kamomilla","12":"product_tag-kimbo-fi","14":"first","15":"instock","16":"taxable","17":"shipping-taxable","18":"purchasable","19":"product-type-variable"},"_links":{"self":[{"href":"https:\/\/myspainfood.com\/fi\/wp-json\/wp\/v2\/product\/50987","targetHints":{"allow":["GET"]}}],"collection":[{"href":"https:\/\/myspainfood.com\/fi\/wp-json\/wp\/v2\/product"}],"about":[{"href":"https:\/\/myspainfood.com\/fi\/wp-json\/wp\/v2\/types\/product"}],"wp:featuredmedia":[{"embeddable":true,"href":"https:\/\/myspainfood.com\/fi\/wp-json\/wp\/v2\/media\/50992"}],"wp:attachment":[{"href":"https:\/\/myspainfood.com\/fi\/wp-json\/wp\/v2\/media?parent=50987"}],"wp:term":[{"taxonomy":"product_brand","embeddable":true,"href":"https:\/\/myspainfood.com\/fi\/wp-json\/wp\/v2\/product_brand?post=50987"},{"taxonomy":"product_cat","embeddable":true,"href":"https:\/\/myspainfood.com\/fi\/wp-json\/wp\/v2\/product_cat?post=50987"},{"taxonomy":"product_tag","embeddable":true,"href":"https:\/\/myspainfood.com\/fi\/wp-json\/wp\/v2\/product_tag?post=50987"}],"curies":[{"name":"wp","href":"https:\/\/api.w.org\/{rel}","templated":true}]}}