{"id":51098,"date":"2025-05-21T09:40:50","date_gmt":"2025-05-21T07:40:50","guid":{"rendered":"https:\/\/myspainfood.com\/producto\/munakokkelia-extra-900-gr-chicon\/"},"modified":"2026-01-29T13:05:02","modified_gmt":"2026-01-29T12:05:02","slug":"munakokkelia-extra-900-gr-chicon","status":"publish","type":"product","link":"https:\/\/myspainfood.com\/fi\/producto\/munakokkelia-extra-900-gr-chicon\/","title":{"rendered":"Munakokkelia Extra 900 gr Chic\u00f3n"},"content":{"rendered":"<p>Ekstra-kokkelimme oliivien ja suolakurkkujen kera koostuu <a href=\"https:\/\/aceitunaschiconlebron.com\/catalogo\/revuelto-extra-aceitunas-encurtidos\/\" target=\"_blank\" rel=\"noopener noreferrer nofollow\">manzanilla-oliiveista<\/a>, kurkusta, sipulista ja porkkanasta.<\/p>\n<p>T\u00e4m\u00e4 oliivien ja suolakurkkujen yhdistelm\u00e4 mahdollistaa ly\u00f6m\u00e4tt\u00f6m\u00e4n maun nauttimisen tapaksissa tai alkupaloissa.<\/p>\n<p>Se on eritt\u00e4in terveellinen lis\u00e4 perinteiseen ravitsevaan V\u00e4limeren ruokavalioomme.<\/p>\n<p>Suolakurkkujen merkitys on kasvanut ikivanhasta ruoan s\u00e4il\u00f6nt\u00e4tekniikasta kaikkialla maailmassa yhdeksi espanjalaisen gastronomian suosituimmista tapaksista tai alkupaloista.<\/p>\n<h3><strong>Scrambled Extran edut<\/strong><\/h3>\n<p>Tiesitk\u00f6 Revuelto Extran ja yleens\u00e4 suolakurkkujen hy\u00f6dyt? T\u00e4ss\u00e4 on luettelo t\u00e4rkeimmist\u00e4: <\/p>\n<ul>\n<li>Runsaasti probiootteja.<\/li>\n<li>Ne edist\u00e4v\u00e4t ruoansulatusta.<\/li>\n<li>Ne vahvistavat immuunij\u00e4rjestelm\u00e4\u00e4.<\/li>\n<li>Ne v\u00e4hent\u00e4v\u00e4t sokerinhimoa.<\/li>\n<li>Suotuisa sappirakolle.<\/li>\n<\/ul>\n<p>Jos haluat ostaa oliiveja tai muita <a href=\"https:\/\/latiendadesami.com\/categoria-producto\/encurtidos\/\" rel=\"noopener noreferrer nofollow\" target=\"_blank\">marinoituja elintarvikkeita<\/a>, \u00e4l\u00e4 ep\u00e4r\u00f6i tutustua verkkoluetteloomme, josta n\u00e4et laajan valikoiman <a href=\"https:\/\/latiendadesami.com\/categoria-producto\/encurtidos\/aceitunas\/\" target=\"_blank\" rel=\"noopener noreferrer nofollow\">oliiveja<\/a>.<\/p>\n","protected":false},"excerpt":{"rendered":"<p>Ekstra-kokkelimme oliivien ja suolakurkkujen kera koostuu manzanilla-oliiveista, kurkusta, sipulista ja porkkanasta. T\u00e4m\u00e4 oliivien ja suolakurkkujen yhdistelm\u00e4 mahdollistaa ly\u00f6m\u00e4tt\u00f6m\u00e4n maun nauttimisen tapaksissa tai alkupaloissa. Se on eritt\u00e4in terveellinen lis\u00e4 perinteiseen ravitsevaan V\u00e4limeren ruokavalioomme. Suolakurkkujen merkitys on kasvanut ikivanhasta ruoan s\u00e4il\u00f6nt\u00e4tekniikasta kaikkialla maailmassa yhdeksi espanjalaisen gastronomian suosituimmista tapaksista tai alkupaloista. Scrambled Extran edut Tiesitk\u00f6 Revuelto Extran ja [&hellip;]<\/p>\n","protected":false},"featured_media":50824,"template":"","meta":{"_et_pb_use_builder":"","_et_pb_old_content":"","_et_gb_content_width":""},"product_brand":[1036],"product_cat":[1781,1779],"product_tag":[8147],"class_list":{"0":"post-51098","1":"product","2":"type-product","3":"status-publish","4":"has-post-thumbnail","6":"product_brand-chicon","7":"product_cat-oliivit","8":"product_cat-pikkelsia","9":"product_tag-munakokkelia","11":"first","12":"instock","13":"taxable","14":"shipping-taxable","15":"purchasable","16":"product-type-variable"},"_links":{"self":[{"href":"https:\/\/myspainfood.com\/fi\/wp-json\/wp\/v2\/product\/51098","targetHints":{"allow":["GET"]}}],"collection":[{"href":"https:\/\/myspainfood.com\/fi\/wp-json\/wp\/v2\/product"}],"about":[{"href":"https:\/\/myspainfood.com\/fi\/wp-json\/wp\/v2\/types\/product"}],"wp:featuredmedia":[{"embeddable":true,"href":"https:\/\/myspainfood.com\/fi\/wp-json\/wp\/v2\/media\/50824"}],"wp:attachment":[{"href":"https:\/\/myspainfood.com\/fi\/wp-json\/wp\/v2\/media?parent=51098"}],"wp:term":[{"taxonomy":"product_brand","embeddable":true,"href":"https:\/\/myspainfood.com\/fi\/wp-json\/wp\/v2\/product_brand?post=51098"},{"taxonomy":"product_cat","embeddable":true,"href":"https:\/\/myspainfood.com\/fi\/wp-json\/wp\/v2\/product_cat?post=51098"},{"taxonomy":"product_tag","embeddable":true,"href":"https:\/\/myspainfood.com\/fi\/wp-json\/wp\/v2\/product_tag?post=51098"}],"curies":[{"name":"wp","href":"https:\/\/api.w.org\/{rel}","templated":true}]}}