{"id":51351,"date":"2025-05-21T10:50:34","date_gmt":"2025-05-21T08:50:34","guid":{"rendered":"https:\/\/myspainfood.com\/producto\/isoaidin-salaisuus\/"},"modified":"2026-01-29T13:13:56","modified_gmt":"2026-01-29T12:13:56","slug":"isoaidin-salaisuus","status":"publish","type":"product","link":"https:\/\/myspainfood.com\/fi\/producto\/isoaidin-salaisuus\/","title":{"rendered":"Iso\u00e4idin salaisuus"},"content":{"rendered":"<p>Olives Secreto de la Abuela on yhdistelm\u00e4 kuorettomia gordal-oliiveja, valkoista valkosipulia, kapriksia ja munakoisonpaloja.<\/p>\n<p>Mauste on <a href=\"https:\/\/aceitunaschiconlebron.com\/\" target=\"_blank\" rel=\"noopener noreferrer nofollow\">Chic\u00f3nin<\/a> oma.<\/p>\n<h3><strong>Secreto de la Abuela -oliivien edut<\/strong><\/h3>\n<p>Tiesitk\u00f6 t\u00e4m\u00e4ntyyppisten oliivien ja suolakurkkujen hy\u00f6dyt yleens\u00e4? T\u00e4ss\u00e4 on luettelo t\u00e4rkeimmist\u00e4: <\/p>\n<ul>\n<li>Runsaasti probiootteja.<\/li>\n<li>Ne edist\u00e4v\u00e4t ruoansulatusta.<\/li>\n<li>Ne vahvistavat immuunij\u00e4rjestelm\u00e4\u00e4.<\/li>\n<li>Ne v\u00e4hent\u00e4v\u00e4t sokerinhimoa.<\/li>\n<li>Suotuisa sappirakolle.<\/li>\n<\/ul>\n<p>&nbsp;<\/p>\n<p>Jos haluat ostaa oliiveja tai muita <a href=\"https:\/\/latiendadesami.com\/categoria-producto\/encurtidos\/\" rel=\"noopener noreferrer nofollow\" target=\"_blank\">marinoituja elintarvikkeita<\/a>, \u00e4l\u00e4 ep\u00e4r\u00f6i tutustua verkkoluetteloomme, josta n\u00e4et laajan valikoiman <a href=\"https:\/\/latiendadesami.com\/categoria-producto\/encurtidos\/aceitunas\/\" target=\"_blank\" rel=\"noopener noreferrer nofollow\">oliiveja<\/a>.<\/p>\n","protected":false},"excerpt":{"rendered":"<p>Olives Secreto de la Abuela on yhdistelm\u00e4 kuorettomia gordal-oliiveja, valkoista valkosipulia, kapriksia ja munakoisonpaloja. Mauste on Chic\u00f3nin oma. Secreto de la Abuela -oliivien edut Tiesitk\u00f6 t\u00e4m\u00e4ntyyppisten oliivien ja suolakurkkujen hy\u00f6dyt yleens\u00e4? T\u00e4ss\u00e4 on luettelo t\u00e4rkeimmist\u00e4: Runsaasti probiootteja. Ne edist\u00e4v\u00e4t ruoansulatusta. Ne vahvistavat immuunij\u00e4rjestelm\u00e4\u00e4. Ne v\u00e4hent\u00e4v\u00e4t sokerinhimoa. Suotuisa sappirakolle. &nbsp; Jos haluat ostaa oliiveja tai muita [&hellip;]<\/p>\n","protected":false},"featured_media":51205,"template":"","meta":{"_et_pb_use_builder":"","_et_pb_old_content":"","_et_gb_content_width":""},"product_brand":[1036],"product_cat":[1781,1779],"product_tag":[1784,10120],"class_list":{"0":"post-51351","1":"product","2":"type-product","3":"status-publish","4":"has-post-thumbnail","6":"product_brand-chicon","7":"product_cat-oliivit","8":"product_cat-pikkelsia","9":"product_tag-isoaiti","10":"product_tag-salainen","12":"first","13":"outofstock","14":"taxable","15":"shipping-taxable","16":"product-type-variable"},"_links":{"self":[{"href":"https:\/\/myspainfood.com\/fi\/wp-json\/wp\/v2\/product\/51351","targetHints":{"allow":["GET"]}}],"collection":[{"href":"https:\/\/myspainfood.com\/fi\/wp-json\/wp\/v2\/product"}],"about":[{"href":"https:\/\/myspainfood.com\/fi\/wp-json\/wp\/v2\/types\/product"}],"wp:featuredmedia":[{"embeddable":true,"href":"https:\/\/myspainfood.com\/fi\/wp-json\/wp\/v2\/media\/51205"}],"wp:attachment":[{"href":"https:\/\/myspainfood.com\/fi\/wp-json\/wp\/v2\/media?parent=51351"}],"wp:term":[{"taxonomy":"product_brand","embeddable":true,"href":"https:\/\/myspainfood.com\/fi\/wp-json\/wp\/v2\/product_brand?post=51351"},{"taxonomy":"product_cat","embeddable":true,"href":"https:\/\/myspainfood.com\/fi\/wp-json\/wp\/v2\/product_cat?post=51351"},{"taxonomy":"product_tag","embeddable":true,"href":"https:\/\/myspainfood.com\/fi\/wp-json\/wp\/v2\/product_tag?post=51351"}],"curies":[{"name":"wp","href":"https:\/\/api.w.org\/{rel}","templated":true}]}}