{"id":52409,"date":"2025-05-23T12:58:14","date_gmt":"2025-05-23T10:58:14","guid":{"rendered":"https:\/\/myspainfood.com\/producto\/alyan-dubai-pistaasipatukka-suklaata-100-grammaa\/"},"modified":"2026-01-29T13:16:51","modified_gmt":"2026-01-29T12:16:51","slug":"alyan-dubai-pistaasipatukka-suklaata-100-grammaa","status":"publish","type":"product","link":"https:\/\/myspainfood.com\/fi\/producto\/alyan-dubai-pistaasipatukka-suklaata-100-grammaa\/","title":{"rendered":"Alyan Dubai pistaasipatukka suklaata 100 grammaa"},"content":{"rendered":"<p>Maitosuklaa t\u00e4ynn\u00e4 pistaasip\u00e4hkin\u00e4\u00e4 ja kunafaa. Ainesosat: <\/p>\n<p>Pistaasipasta 45 % [sokeri, pistaasip\u00e4hkin\u00e4t (30 %), kasvi\u00f6ljy (t\u00e4ysin hydrattu palmu-, puuvillansiemen- ja auringonkukka\u00f6ljy), rasvaton maito, emulgointiaine (auringonkukkalesitiini), aromit (maito, vanilliini)],<\/p>\n<p>Maitosuklaa 45 % [sokeri, kaakaovoi, t\u00e4ysmaitojauhe, kaakaomassa, rasvaton maitojauhe, herajauhe, emulgointiaine (ammoniumfosfatidit, polyglyserolipolyrisiininoleaatti, auringonkukkalesitiini), aromi (vanilliini)],<\/p>\n<p>Kunafa 10% [vehn\u00e4 (sis\u00e4lt\u00e4\u00e4 gluteenia), vesi], s\u00e4il\u00f6nt\u00e4aineet (kaliumsorbaatti, kalsiumpropionaatti).<\/p>\n<p>Allergeenit: maito, vehn\u00e4 ja pistaasip\u00e4hkin\u00e4t. Saattaa sis\u00e4lt\u00e4\u00e4 pieni\u00e4 m\u00e4\u00e4ri\u00e4 muita p\u00e4hkin\u00f6it\u00e4, maap\u00e4hkin\u00f6it\u00e4 ja munia. <\/p>\n","protected":false},"excerpt":{"rendered":"<p>Maitosuklaa t\u00e4ynn\u00e4 pistaasip\u00e4hkin\u00e4\u00e4 ja kunafaa. Ainesosat: Pistaasipasta 45 % [sokeri, pistaasip\u00e4hkin\u00e4t (30 %), kasvi\u00f6ljy (t\u00e4ysin hydrattu palmu-, puuvillansiemen- ja auringonkukka\u00f6ljy), rasvaton maito, emulgointiaine (auringonkukkalesitiini), aromit (maito, vanilliini)], Maitosuklaa 45 % [sokeri, kaakaovoi, t\u00e4ysmaitojauhe, kaakaomassa, rasvaton maitojauhe, herajauhe, emulgointiaine (ammoniumfosfatidit, polyglyserolipolyrisiininoleaatti, auringonkukkalesitiini), aromi (vanilliini)], Kunafa 10% [vehn\u00e4 (sis\u00e4lt\u00e4\u00e4 gluteenia), vesi], s\u00e4il\u00f6nt\u00e4aineet (kaliumsorbaatti, kalsiumpropionaatti). Allergeenit: maito, vehn\u00e4 [&hellip;]<\/p>\n","protected":false},"featured_media":52365,"template":"","meta":{"_et_pb_use_builder":"","_et_pb_old_content":"","_et_gb_content_width":""},"product_brand":[],"product_cat":[1945],"product_tag":[],"class_list":{"0":"post-52409","1":"product","2":"type-product","3":"status-publish","4":"has-post-thumbnail","6":"product_cat-sailyttaa","8":"first","9":"instock","10":"featured","11":"taxable","12":"shipping-taxable","13":"purchasable","14":"product-type-variable"},"_links":{"self":[{"href":"https:\/\/myspainfood.com\/fi\/wp-json\/wp\/v2\/product\/52409","targetHints":{"allow":["GET"]}}],"collection":[{"href":"https:\/\/myspainfood.com\/fi\/wp-json\/wp\/v2\/product"}],"about":[{"href":"https:\/\/myspainfood.com\/fi\/wp-json\/wp\/v2\/types\/product"}],"wp:featuredmedia":[{"embeddable":true,"href":"https:\/\/myspainfood.com\/fi\/wp-json\/wp\/v2\/media\/52365"}],"wp:attachment":[{"href":"https:\/\/myspainfood.com\/fi\/wp-json\/wp\/v2\/media?parent=52409"}],"wp:term":[{"taxonomy":"product_brand","embeddable":true,"href":"https:\/\/myspainfood.com\/fi\/wp-json\/wp\/v2\/product_brand?post=52409"},{"taxonomy":"product_cat","embeddable":true,"href":"https:\/\/myspainfood.com\/fi\/wp-json\/wp\/v2\/product_cat?post=52409"},{"taxonomy":"product_tag","embeddable":true,"href":"https:\/\/myspainfood.com\/fi\/wp-json\/wp\/v2\/product_tag?post=52409"}],"curies":[{"name":"wp","href":"https:\/\/api.w.org\/{rel}","templated":true}]}}