{"id":62876,"date":"2025-10-10T12:25:50","date_gmt":"2025-10-10T10:25:50","guid":{"rendered":"https:\/\/myspainfood.com\/producto\/sardinillat-luonnonmukaisessa-oliivioljyssa-20-25-kpl-rias-baixas-115-gr\/"},"modified":"2025-10-10T12:25:50","modified_gmt":"2025-10-10T10:25:50","slug":"sardinillat-luonnonmukaisessa-oliivioljyssa-20-25-kpl-rias-baixas-115-gr","status":"publish","type":"product","link":"https:\/\/myspainfood.com\/fi\/producto\/sardinillat-luonnonmukaisessa-oliivioljyssa-20-25-kpl-rias-baixas-115-gr\/","title":{"rendered":"Sardinillat luonnonmukaisessa oliivi\u00f6ljyss\u00e4 20\/25 kpl Rias Baixas 115 gr."},"content":{"rendered":"<p>Sardiinis\u00e4ilykkeemme ovat herkullisia, sill\u00e4 ne tuoksuvat, maistuvat voimakkaalta, ovat hopeanhohtoisia ja niiden sijainti ja esillepano purkissa on t\u00e4ydellinen. L\u00e4ht\u00f6kohtana on aina parhaiden, tuoreimpien ja pienimpien sardiinien valinta kalamarkkinoilta (jokaisessa purkissa on 12-16 sardiinia). <\/p>\n<p>Moa\u00f1assa (Pontevedra) sijaitsevassa tehtaassamme tuotantohenkil\u00f6st\u00f6mme ammattitaitoiset k\u00e4det poistavat p\u00e4\u00e4n ja sis\u00e4elimet yksitellen jokaisesta kalasta. Sen j\u00e4lkeen ne h\u00f6yrypaahdetaan ja pakataan huolellisesti ja tarkasti, jotta ne n\u00e4ytt\u00e4isiv\u00e4t mahdollisimman houkuttelevilta, kun avaat purkkisi. Kuorrutuksena kakun p\u00e4\u00e4lle lis\u00e4t\u00e4\u00e4n <strong>luonnonmukaista ekstra-neitsytoliivi\u00f6ljy\u00e4*.<\/strong> Lopputulos on upea, ja nyt voit n\u00e4hd\u00e4 sen itse.  <\/p>\n<p>Muista, ett\u00e4 kypsytysaika, joka voi kest\u00e4\u00e4 muutamasta kuukaudesta useisiin vuosiin, on ratkaiseva, sill\u00e4 sardiinien maku paranee \u00f6ljyn tunkeutuessa kalaan. Purkkien s\u00e4\u00e4nn\u00f6llinen k\u00e4\u00e4nt\u00e4minen takaa hienon ja tasaisen maun, joka tyydytt\u00e4\u00e4 vaativimmatkin makunystyr\u00e4t. <\/p>\n<p>Viime vuosina sardiinis\u00e4ilykkeet ovat saavuttaneet suuren maineen elintarvikkeena, jolla on korkea ravintoarvo. Voidaan sanoa, ett\u00e4 ravitsemuksellisesti sardiinit viev\u00e4t kultamitalin. Ne sis\u00e4lt\u00e4v\u00e4t runsaasti B12-vitamiinia sek\u00e4 A-, D-, K- ja E-vitamiineja. Ne ovat my\u00f6s t\u00e4rke\u00e4 proteiinin, natriumin, fosforin, jodin ja kalsiumin l\u00e4hde. Lis\u00e4ksi niiss\u00e4 on runsaasti omega-3- ja \u00f6ljyhappoa, mit\u00e4 muuta voisit toivoa?    <\/p>\n","protected":false},"excerpt":{"rendered":"<p>Sardiinis\u00e4ilykkeemme ovat herkullisia, sill\u00e4 ne tuoksuvat, maistuvat voimakkaalta, ovat hopeanhohtoisia ja niiden sijainti ja esillepano purkissa on t\u00e4ydellinen. L\u00e4ht\u00f6kohtana on aina parhaiden, tuoreimpien ja pienimpien sardiinien valinta kalamarkkinoilta (jokaisessa purkissa on 12-16 sardiinia). Moa\u00f1assa (Pontevedra) sijaitsevassa tehtaassamme tuotantohenkil\u00f6st\u00f6mme ammattitaitoiset k\u00e4det poistavat p\u00e4\u00e4n ja sis\u00e4elimet yksitellen jokaisesta kalasta. Sen j\u00e4lkeen ne h\u00f6yrypaahdetaan ja pakataan huolellisesti ja [&hellip;]<\/p>\n","protected":false},"featured_media":59415,"template":"","meta":{"_et_pb_use_builder":"","_et_pb_old_content":"","_et_gb_content_width":""},"product_brand":[11014],"product_cat":[1945,3780,11046],"product_tag":[],"class_list":{"0":"post-62876","1":"product","2":"type-product","3":"status-publish","4":"has-post-thumbnail","6":"product_brand-rias-baixas","7":"product_cat-sailyttaa","8":"product_cat-sardinillat","9":"product_cat-uusi","11":"first","12":"instock","13":"featured","14":"taxable","15":"shipping-taxable","16":"purchasable","17":"product-type-variable"},"_links":{"self":[{"href":"https:\/\/myspainfood.com\/fi\/wp-json\/wp\/v2\/product\/62876","targetHints":{"allow":["GET"]}}],"collection":[{"href":"https:\/\/myspainfood.com\/fi\/wp-json\/wp\/v2\/product"}],"about":[{"href":"https:\/\/myspainfood.com\/fi\/wp-json\/wp\/v2\/types\/product"}],"wp:featuredmedia":[{"embeddable":true,"href":"https:\/\/myspainfood.com\/fi\/wp-json\/wp\/v2\/media\/59415"}],"wp:attachment":[{"href":"https:\/\/myspainfood.com\/fi\/wp-json\/wp\/v2\/media?parent=62876"}],"wp:term":[{"taxonomy":"product_brand","embeddable":true,"href":"https:\/\/myspainfood.com\/fi\/wp-json\/wp\/v2\/product_brand?post=62876"},{"taxonomy":"product_cat","embeddable":true,"href":"https:\/\/myspainfood.com\/fi\/wp-json\/wp\/v2\/product_cat?post=62876"},{"taxonomy":"product_tag","embeddable":true,"href":"https:\/\/myspainfood.com\/fi\/wp-json\/wp\/v2\/product_tag?post=62876"}],"curies":[{"name":"wp","href":"https:\/\/api.w.org\/{rel}","templated":true}]}}