{"id":63002,"date":"2025-10-10T12:25:49","date_gmt":"2025-10-10T10:25:49","guid":{"rendered":"https:\/\/myspainfood.com\/producto\/rias-baixasin-rias-baixasin-finisterren-simpukat-luomu-oliivioljya-115-g\/"},"modified":"2025-10-10T12:25:49","modified_gmt":"2025-10-10T10:25:49","slug":"rias-baixasin-rias-baixasin-finisterren-simpukat-luomu-oliivioljya-115-g","status":"publish","type":"product","link":"https:\/\/myspainfood.com\/fi\/producto\/rias-baixasin-rias-baixasin-finisterren-simpukat-luomu-oliivioljya-115-g\/","title":{"rendered":"Rias Baixasin Rias Baixasin Finisterren simpukat luomu oliivi\u00f6ljy\u00e4 115 g"},"content":{"rendered":"<p>Simpukoita saadaan monissa kauniiden R\u00edas-jokiemme paikoissa, mutta niist\u00e4 kaikista on yksi, jossa simpukat ja pitk\u00e4vartiset simpukat ovat parhaimmillaan: Finisterre (Fisterra). Koska toisin ei voisi olla, CONSERVAS R\u00cdAS BAIXAS 1907 -yhdistyksess\u00e4 ostamme vain n\u00e4ilt\u00e4 paratiisimaisilta rannoilta per\u00e4isin olevia partaveitsisimpukoita, ja vain sellaisia, jotka vapaasukeltajat pyydyst\u00e4v\u00e4t yksi kerrallaan, jotta varmistetaan luonnonymp\u00e4rist\u00f6n s\u00e4ilyminen, jotta my\u00f6s tulevat sukupolvet voivat nauttia t\u00e4st\u00e4 herkusta. <\/p>\n<p>Tuoreen partakoneen annetaan puhdistua suolavedess\u00e4 j\u00e4ljell\u00e4 olevan hiekan poistamiseksi, mink\u00e4 j\u00e4lkeen se pakataan huolellisesti Moa\u00f1assa sijaitsevissa tiloissamme.<\/p>\n<p>Ja vaikka Finisterren partaveitsisimpukat ovat herkku sin\u00e4ns\u00e4, olemme p\u00e4\u00e4tt\u00e4neet tarjota ne luonnonmukaisessa ekstra-neitsytoliivi\u00f6ljyss\u00e4*. Tulos on upea, ja kutsumme sinut kokeilemaan sit\u00e4. <\/p>\n<p>Lis\u00e4ksi partaveitsisimpukat sis\u00e4lt\u00e4v\u00e4t hyvin v\u00e4h\u00e4n kaloreita ja rasvoja. Toisaalta partaveitsisimpukat sis\u00e4lt\u00e4v\u00e4t runsaasti monityydyttym\u00e4tt\u00f6mi\u00e4 OMEGA 3 -rasvahappoja, mink\u00e4 vuoksi niiden nauttiminen on eritt\u00e4in suositeltavaa. <\/p>\n","protected":false},"excerpt":{"rendered":"<p>Simpukoita saadaan monissa kauniiden R\u00edas-jokiemme paikoissa, mutta niist\u00e4 kaikista on yksi, jossa simpukat ja pitk\u00e4vartiset simpukat ovat parhaimmillaan: Finisterre (Fisterra). Koska toisin ei voisi olla, CONSERVAS R\u00cdAS BAIXAS 1907 -yhdistyksess\u00e4 ostamme vain n\u00e4ilt\u00e4 paratiisimaisilta rannoilta per\u00e4isin olevia partaveitsisimpukoita, ja vain sellaisia, jotka vapaasukeltajat pyydyst\u00e4v\u00e4t yksi kerrallaan, jotta varmistetaan luonnonymp\u00e4rist\u00f6n s\u00e4ilyminen, jotta my\u00f6s tulevat sukupolvet voivat [&hellip;]<\/p>\n","protected":false},"featured_media":59293,"template":"","meta":{"_et_pb_use_builder":"","_et_pb_old_content":"","_et_gb_content_width":""},"product_brand":[11014],"product_cat":[7627,1945,11046],"product_tag":[],"class_list":{"0":"post-63002","1":"product","2":"type-product","3":"status-publish","4":"has-post-thumbnail","6":"product_brand-rias-baixas","7":"product_cat-partakoneet","8":"product_cat-sailyttaa","9":"product_cat-uusi","11":"first","12":"instock","13":"taxable","14":"shipping-taxable","15":"purchasable","16":"product-type-variable"},"_links":{"self":[{"href":"https:\/\/myspainfood.com\/fi\/wp-json\/wp\/v2\/product\/63002","targetHints":{"allow":["GET"]}}],"collection":[{"href":"https:\/\/myspainfood.com\/fi\/wp-json\/wp\/v2\/product"}],"about":[{"href":"https:\/\/myspainfood.com\/fi\/wp-json\/wp\/v2\/types\/product"}],"wp:featuredmedia":[{"embeddable":true,"href":"https:\/\/myspainfood.com\/fi\/wp-json\/wp\/v2\/media\/59293"}],"wp:attachment":[{"href":"https:\/\/myspainfood.com\/fi\/wp-json\/wp\/v2\/media?parent=63002"}],"wp:term":[{"taxonomy":"product_brand","embeddable":true,"href":"https:\/\/myspainfood.com\/fi\/wp-json\/wp\/v2\/product_brand?post=63002"},{"taxonomy":"product_cat","embeddable":true,"href":"https:\/\/myspainfood.com\/fi\/wp-json\/wp\/v2\/product_cat?post=63002"},{"taxonomy":"product_tag","embeddable":true,"href":"https:\/\/myspainfood.com\/fi\/wp-json\/wp\/v2\/product_tag?post=63002"}],"curies":[{"name":"wp","href":"https:\/\/api.w.org\/{rel}","templated":true}]}}