{"id":63128,"date":"2025-10-10T12:25:49","date_gmt":"2025-10-10T10:25:49","guid":{"rendered":"https:\/\/myspainfood.com\/producto\/ankeriaita-luonnonmukaisessa-oliivioljyssa-rias-baixas-110-g\/"},"modified":"2026-01-29T11:17:45","modified_gmt":"2026-01-29T10:17:45","slug":"ankeriaita-luonnonmukaisessa-oliivioljyssa-rias-baixas-110-g","status":"publish","type":"product","link":"https:\/\/myspainfood.com\/fi\/producto\/ankeriaita-luonnonmukaisessa-oliivioljyssa-rias-baixas-110-g\/","title":{"rendered":"Ankeriaita luonnonmukaisessa oliivi\u00f6ljyss\u00e4 Rias Baixas 110 g"},"content":{"rendered":"<p>Kuten luultavasti tied\u00e4t, lasiankerias on ankeriaan poikanen. Niiden seikkailu alkaa Sargassomerest\u00e4, Karibianmeren keskelt\u00e4, jossa ankeriaat kutevat ja kuoriutuvat munistaan, jotka seuraavat kolme vuotta kulkevat Golfvirtaa pitkin, kunnes ne saapuvat Euroopan jokiin. Lasiankeriaat ker\u00e4\u00e4ntyv\u00e4t suuriksi joen suulle ja uivat vastavirtaan, kunnes niist\u00e4 tulee aikuisia. Erikoisinta on, ett\u00e4 jokainen lasihanhi saapuu samaan jokeen, josta sen vanhemmat ovat nousseet. Pyydystettyn\u00e4 kukin yksil\u00f6 painaa yleens\u00e4 1 grammaa ja on vajaan 8 senttimetrin pituinen.     <\/p>\n<p>On sanomattakin selv\u00e4\u00e4, ett\u00e4 n\u00e4in herkk\u00e4\u00e4 ja arvokasta kalaa kohdellaan \u00e4\u00e4rimm\u00e4isen huolellisesti ja hienovaraisesti sen kuljetuksessa tehtaalle, kypsennyksess\u00e4 ja s\u00e4il\u00f6nt\u00e4menetelm\u00e4ss\u00e4. Esittelemme sen t\u00e4m\u00e4n herkun perinteisen reseptin mukaisesti, luonnollisella chilipippurilla maustettuna ja luonnonmukaisessa ekstra-neitsytoliivi\u00f6ljyss\u00e4* kylvetettyn\u00e4. <\/p>\n<p>Monien asiantuntijoiden mielest\u00e4 ly\u00f6m\u00e4tt\u00f6m\u00e4n makunsa lis\u00e4ksi merihummeri on tuote, jolla on eritt\u00e4in korkea ravintoarvo. Se on itse asiassa rasvaisin tunnettu rasvainen kala, ja siin\u00e4 on runsaasti proteiinia (16,3 g\/100 g). Se sis\u00e4lt\u00e4\u00e4 my\u00f6s mielenkiintoisia m\u00e4\u00e4ri\u00e4 er\u00e4it\u00e4 kivenn\u00e4isaineita, kuten fosforia ja kaliumia, jotka edist\u00e4v\u00e4t munuaisten terveytt\u00e4 ja hermostoa. Merkitt\u00e4vin piirre on kuitenkin sen eritt\u00e4in suuri A-vitamiinipitoisuus, joka edist\u00e4\u00e4 muun muassa silmien ja n\u00e4\u00f6n terveytt\u00e4.   <\/p>\n","protected":false},"excerpt":{"rendered":"<p>Kuten luultavasti tied\u00e4t, lasiankerias on ankeriaan poikanen. Niiden seikkailu alkaa Sargassomerest\u00e4, Karibianmeren keskelt\u00e4, jossa ankeriaat kutevat ja kuoriutuvat munistaan, jotka seuraavat kolme vuotta kulkevat Golfvirtaa pitkin, kunnes ne saapuvat Euroopan jokiin. Lasiankeriaat ker\u00e4\u00e4ntyv\u00e4t suuriksi joen suulle ja uivat vastavirtaan, kunnes niist\u00e4 tulee aikuisia. Erikoisinta on, ett\u00e4 jokainen lasihanhi saapuu samaan jokeen, josta sen vanhemmat ovat [&hellip;]<\/p>\n","protected":false},"featured_media":59147,"template":"","meta":{"_et_pb_use_builder":"","_et_pb_old_content":"","_et_gb_content_width":""},"product_brand":[11014],"product_cat":[1945,11046],"product_tag":[],"class_list":{"0":"post-63128","1":"product","2":"type-product","3":"status-publish","4":"has-post-thumbnail","6":"product_brand-rias-baixas","7":"product_cat-sailyttaa","8":"product_cat-uusi","10":"first","11":"instock","12":"taxable","13":"shipping-taxable","14":"purchasable","15":"product-type-variable"},"_links":{"self":[{"href":"https:\/\/myspainfood.com\/fi\/wp-json\/wp\/v2\/product\/63128","targetHints":{"allow":["GET"]}}],"collection":[{"href":"https:\/\/myspainfood.com\/fi\/wp-json\/wp\/v2\/product"}],"about":[{"href":"https:\/\/myspainfood.com\/fi\/wp-json\/wp\/v2\/types\/product"}],"wp:featuredmedia":[{"embeddable":true,"href":"https:\/\/myspainfood.com\/fi\/wp-json\/wp\/v2\/media\/59147"}],"wp:attachment":[{"href":"https:\/\/myspainfood.com\/fi\/wp-json\/wp\/v2\/media?parent=63128"}],"wp:term":[{"taxonomy":"product_brand","embeddable":true,"href":"https:\/\/myspainfood.com\/fi\/wp-json\/wp\/v2\/product_brand?post=63128"},{"taxonomy":"product_cat","embeddable":true,"href":"https:\/\/myspainfood.com\/fi\/wp-json\/wp\/v2\/product_cat?post=63128"},{"taxonomy":"product_tag","embeddable":true,"href":"https:\/\/myspainfood.com\/fi\/wp-json\/wp\/v2\/product_tag?post=63128"}],"curies":[{"name":"wp","href":"https:\/\/api.w.org\/{rel}","templated":true}]}}