{"id":16096,"date":"2025-04-08T08:43:07","date_gmt":"2025-04-08T06:43:07","guid":{"rendered":"https:\/\/myspainfood.com\/politique-de-confidentialite\/"},"modified":"2025-04-25T11:55:23","modified_gmt":"2025-04-25T09:55:23","slug":"politique-de-confidentialite","status":"publish","type":"page","link":"https:\/\/myspainfood.com\/fr\/politique-de-confidentialite\/","title":{"rendered":"Politique de confidentialit\u00e9"},"content":{"rendered":"\n<p>Bienvenue sur le site https:\/\/myspainfood.com (le \u00ab\u00a0Site\u00a0\u00bb). Nous comprenons que la protection de la vie priv\u00e9e en ligne est importante pour les utilisateurs de notre site, en particulier lorsqu&rsquo;ils effectuent des transactions commerciales. La pr\u00e9sente d\u00e9claration r\u00e9git notre politique de confidentialit\u00e9 \u00e0 l&rsquo;\u00e9gard des utilisateurs du site (\u00ab\u00a0visiteurs\u00a0\u00bb) qui le visitent sans y effectuer de transactions commerciales et des visiteurs qui s&rsquo;inscrivent pour effectuer des transactions commerciales sur le site et utiliser les divers services offerts par SUMINISTROS HOSTELEROS, S. L. (collectivement, les \u00ab\u00a0services\u00a0\u00bb) (\u00ab\u00a0clients autoris\u00e9s\u00a0\u00bb).  <\/p>\n\n<p><strong>\u00ab\u00a0Informations personnelles identifiables<\/strong><\/p>\n\n<p>d\u00e9signe toute information qui identifie ou peut \u00eatre utilis\u00e9e pour identifier, contacter ou localiser la personne \u00e0 laquelle ces informations se rapportent, y compris, mais sans s&rsquo;y limiter, le nom, l&rsquo;adresse, le num\u00e9ro de t\u00e9l\u00e9phone, le num\u00e9ro de t\u00e9l\u00e9copie, l&rsquo;adresse \u00e9lectronique, les profils financiers, le num\u00e9ro de s\u00e9curit\u00e9 sociale et les informations relatives \u00e0 la carte de cr\u00e9dit. Les informations personnellement identifiables ne comprennent pas les informations collect\u00e9es de mani\u00e8re anonyme (c&rsquo;est-\u00e0-dire sans identifier l&rsquo;utilisateur individuel) ou les informations d\u00e9mographiques non li\u00e9es \u00e0 une personne identifi\u00e9e. <\/p>\n\n<p><strong>Quelles sont les donn\u00e9es personnelles collect\u00e9es ?<\/strong><\/p>\n\n<p>Nous pouvons recueillir des informations de base sur le profil de l&rsquo;utilisateur aupr\u00e8s de tous nos visiteurs. Nous recueillons les informations suppl\u00e9mentaires suivantes aupr\u00e8s de nos clients autoris\u00e9s : les noms, adresses, num\u00e9ros de t\u00e9l\u00e9phone et adresses \u00e9lectroniques des clients autoris\u00e9s, la nature et la taille de l&rsquo;entreprise, ainsi que la nature et la taille de l&rsquo;inventaire publicitaire que le client autoris\u00e9 a l&rsquo;intention d&rsquo;acheter ou de vendre. <\/p>\n\n<p><strong>Quelles sont les organisations qui collectent les informations ?<\/strong><\/p>\n\n<p>Outre notre collecte directe d&rsquo;informations, nos prestataires de services tiers (tels que les soci\u00e9t\u00e9s de cartes de cr\u00e9dit, les chambres de compensation et les banques) qui peuvent fournir des services tels que des services de cr\u00e9dit, d&rsquo;assurance et de d\u00e9p\u00f4t fiduciaire peuvent collecter ces informations aupr\u00e8s de nos visiteurs et de nos clients autoris\u00e9s. Nous ne contr\u00f4lons pas la mani\u00e8re dont ces tiers utilisent ces informations, mais nous leur demandons de divulguer la mani\u00e8re dont ils utilisent les informations personnelles qui leur sont fournies par les visiteurs et les clients autoris\u00e9s. Certains de ces tiers peuvent \u00eatre des interm\u00e9diaires qui n&rsquo;agissent qu&rsquo;en tant que maillons de la cha\u00eene de distribution et ne stockent, ne conservent ni n&rsquo;utilisent les informations qui leur sont fournies.  <\/p>\n\n<p><strong>Comment le site web utilise-t-il les informations personnellement identifiables ?<\/strong><\/p>\n\n<p>Nous utilisons les donn\u00e9es personnelles pour personnaliser le site, fournir des services appropri\u00e9s et r\u00e9pondre aux demandes d&rsquo;achat et de vente sur le site. Nous pouvons envoyer des courriers \u00e9lectroniques aux visiteurs et aux clients autoris\u00e9s concernant la recherche ou les opportunit\u00e9s d&rsquo;achat et de vente sur le site ou des informations li\u00e9es \u00e0 l&rsquo;objet du site. Nous pouvons \u00e9galement utiliser les donn\u00e9es personnelles pour contacter les visiteurs et les clients autoris\u00e9s en r\u00e9ponse \u00e0 des demandes sp\u00e9cifiques ou pour fournir les informations demand\u00e9es.  <\/p>\n\n<p><strong>Avec qui les informations peuvent-elles \u00eatre partag\u00e9es ?<\/strong><\/p>\n\n<p>Les donn\u00e9es personnelles des clients autoris\u00e9s peuvent \u00eatre partag\u00e9es avec d&rsquo;autres clients autoris\u00e9s qui souhaitent \u00e9valuer des transactions potentielles avec d&rsquo;autres clients autoris\u00e9s. Nous pouvons partager des informations agr\u00e9g\u00e9es sur nos visiteurs, y compris les donn\u00e9es d\u00e9mographiques de nos visiteurs et de nos clients autoris\u00e9s, avec nos agences affili\u00e9es et des vendeurs tiers. Nous vous offrons \u00e9galement la possibilit\u00e9 de refuser de recevoir des informations ou d&rsquo;\u00eatre contact\u00e9 par nous ou par toute agence agissant en notre nom.  <\/p>\n\n<p><strong>Comment les informations personnelles identifiables sont-elles stock\u00e9es ?<\/strong><\/p>\n\n<p>Les informations personnellement identifiables recueillies par SUMINISTROS HOSTELEROS, S. L. sont stock\u00e9es en toute s\u00e9curit\u00e9 et ne sont pas accessibles \u00e0 des tiers ou \u00e0 des employ\u00e9s de SUMINISTROS HOSTELEROS, S. L., sauf pour l&rsquo;utilisation indiqu\u00e9e ci-dessus.<\/p>\n\n<p><strong>Quels choix les visiteurs ont-ils en ce qui concerne la collecte, l&rsquo;utilisation et la diffusion des informations ?<\/strong><\/p>\n\n<p>Les visiteurs et les clients autoris\u00e9s peuvent refuser de recevoir des informations non sollicit\u00e9es ou d&rsquo;\u00eatre contact\u00e9s par nous et\/ou nos fournisseurs et agences affili\u00e9es en r\u00e9pondant aux courriels selon les instructions, ou en nous contactant \u00e0 l&rsquo;adresse suivante<\/p>\n\n<p><strong>Des cookies sont-ils utilis\u00e9s sur le site web ?<\/strong><\/p>\n\n<p>Les cookies sont utilis\u00e9s pour diverses raisons. Nous les utilisons pour obtenir des informations sur les pr\u00e9f\u00e9rences de nos visiteurs et les services qu&rsquo;ils s\u00e9lectionnent. Nous utilisons \u00e9galement des cookies \u00e0 des fins de s\u00e9curit\u00e9 pour prot\u00e9ger nos clients autoris\u00e9s. Par exemple, si un client autoris\u00e9 est connect\u00e9 et que le site n&rsquo;est pas utilis\u00e9 pendant plus de 10 minutes, nous d\u00e9connecterons automatiquement le client autoris\u00e9.   <\/p>\n\n<p><strong>Comment SUMINISTROS HOSTELEROS, S. L. utilise-t-elle les donn\u00e9es d&rsquo;acc\u00e8s ?<\/strong><\/p>\n\n<p>SUMINISTROS HOSTELEROS, S. L. utilise les informations d&rsquo;acc\u00e8s, y compris, mais sans s&rsquo;y limiter, les adresses IP, les FAI et les types de navigateurs, pour analyser les tendances, administrer le site, suivre les mouvements et l&rsquo;utilisation d&rsquo;un utilisateur et recueillir des informations d\u00e9mographiques g\u00e9n\u00e9rales.<\/p>\n\n<p><strong>Quels partenaires ou prestataires de services ont acc\u00e8s aux informations personnellement identifiables des visiteurs et\/ou des clients autoris\u00e9s sur le site ?<\/strong><\/p>\n\n<p>SUMINISTROS HOSTELEROS, S. L. a conclu et continuera \u00e0 conclure des accords de collaboration et d&rsquo;autres affiliations avec un certain nombre de fournisseurs, qui peuvent avoir acc\u00e8s \u00e0 certaines donn\u00e9es personnelles dans le but d&rsquo;\u00e9valuer l&rsquo;ad\u00e9quation des clients autoris\u00e9s au service. Notre politique de confidentialit\u00e9 ne couvre pas la collecte ou l&rsquo;utilisation de ces informations. Divulgation d&rsquo;informations personnellement identifiables pour se conformer \u00e0 la loi. Nous divulguerons des informations personnellement identifiables pour nous conformer \u00e0 une d\u00e9cision de justice, \u00e0 une citation \u00e0 compara\u00eetre ou \u00e0 une demande de divulgation d&rsquo;informations \u00e9manant d&rsquo;un organisme charg\u00e9 de l&rsquo;application de la loi. Nous divulguerons \u00e9galement des informations personnellement identifiables lorsque cela sera raisonnablement n\u00e9cessaire pour prot\u00e9ger la s\u00e9curit\u00e9 de nos visiteurs et de nos clients autoris\u00e9s.    <\/p>\n\n<p><strong>Comment le site prot\u00e8ge-t-il les informations personnelles ?<\/strong><\/p>\n\n<p>Tous nos employ\u00e9s sont conscients de notre politique et de nos pratiques en mati\u00e8re de s\u00e9curit\u00e9. Les informations personnelles identifiables de nos visiteurs et clients autoris\u00e9s ne sont accessibles qu&rsquo;\u00e0 un nombre limit\u00e9 d&#8217;employ\u00e9s qualifi\u00e9s qui disposent d&rsquo;un mot de passe pour acc\u00e9der \u00e0 ces informations. Nous proc\u00e9dons r\u00e9guli\u00e8rement \u00e0 des audits de nos syst\u00e8mes et processus de s\u00e9curit\u00e9. Les informations sensibles, telles que les num\u00e9ros de carte de cr\u00e9dit ou de s\u00e9curit\u00e9 sociale, sont prot\u00e9g\u00e9es par des protocoles de cryptage, mis en place pour prot\u00e9ger les informations envoy\u00e9es sur Internet. Bien que nous prenions des mesures commercialement raisonnables pour maintenir un site s\u00e9curis\u00e9, les communications \u00e9lectroniques et les bases de donn\u00e9es sont sujettes \u00e0 des erreurs, des alt\u00e9rations et des effractions, et nous ne pouvons pas garantir que de tels \u00e9v\u00e9nements ne se produiront pas et nous ne serons pas responsables envers les visiteurs ou les clients autoris\u00e9s pour de tels \u00e9v\u00e9nements.    <\/p>\n\n<p><strong>Comment les visiteurs peuvent-ils corriger toute inexactitude dans les informations personnellement identifiables ?<\/strong><\/p>\n\n<p>Les visiteurs et les clients autoris\u00e9s peuvent nous contacter pour mettre \u00e0 jour leurs donn\u00e9es personnelles ou corriger toute inexactitude en nous envoyant un courriel \u00e0 hola@myspainfood.com.<\/p>\n\n<p><strong>Un visiteur peut-il supprimer ou d\u00e9sactiver les informations personnelles collect\u00e9es par le site ?<\/strong><\/p>\n\n<p>Nous fournissons aux visiteurs et aux clients autoris\u00e9s un m\u00e9canisme permettant de supprimer\/d\u00e9sactiver les informations personnellement identifiables de la base de donn\u00e9es du site en contactant . Toutefois, en raison des sauvegardes et des enregistrements des suppressions, il peut \u00eatre impossible de supprimer l&rsquo;entr\u00e9e d&rsquo;un visiteur sans conserver certaines informations r\u00e9siduelles. Si une personne demande la d\u00e9sactivation de ses informations d&rsquo;identification personnelle, celles-ci seront supprim\u00e9es de mani\u00e8re fonctionnelle et nous ne vendrons, ne transf\u00e9rerons ni n&rsquo;utiliserons \u00e0 l&rsquo;avenir, de quelque mani\u00e8re que ce soit, les informations d&rsquo;identification personnelle relatives \u00e0 cette personne.  <\/p>\n\n<p><strong>Que se passe-t-il en cas de modification de la politique de confidentialit\u00e9 ?<\/strong><\/p>\n\n<p>Nous informerons nos visiteurs et nos clients autoris\u00e9s des modifications apport\u00e9es \u00e0 notre politique de confidentialit\u00e9 en publiant ces modifications sur le site. Toutefois, si nous modifions notre politique de confidentialit\u00e9 d&rsquo;une mani\u00e8re susceptible d&rsquo;entra\u00eener la divulgation d&rsquo;informations personnellement identifiables qu&rsquo;un visiteur ou un client autoris\u00e9 a pr\u00e9c\u00e9demment demand\u00e9 \u00e0 ne pas voir divulgu\u00e9es, nous contacterons ce visiteur ou ce client autoris\u00e9 pour lui permettre d&#8217;emp\u00eacher cette divulgation. <\/p>\n\n<p><strong>Politiques de retour ?<\/strong><\/p>\n\n<p>Les conditions suivantes de retour de nos produits ne s&rsquo;appliquent pas en cas d&rsquo;exercice du droit de r\u00e9tractation. Les retours ou \u00e9changes de produits ne seront accept\u00e9s qu&rsquo;en cas de d\u00e9fauts de fabrication, de dommages dus au transport ou d&rsquo;erreurs de livraison. Dans tous les cas, il ne doit pas s&rsquo;\u00eatre \u00e9coul\u00e9 plus de 14 jours depuis la r\u00e9ception du produit et l&#8217;emballage et les accessoires doivent \u00eatre inclus. Il convient de v\u00e9rifier au pr\u00e9alable qu&rsquo;il s&rsquo;agit d&rsquo;un d\u00e9faut ou d&rsquo;une anomalie de fabrication ou d&#8217;emballage et non d&rsquo;une utilisation, d&rsquo;une manipulation ou d&rsquo;un stockage inad\u00e9quats ou n\u00e9gligents. Ils doivent toujours \u00eatre accompagn\u00e9s du bon de livraison ou de la facture correspondante. Aussi bien dans le cas d&rsquo;un retour d\u00fb \u00e0 un d\u00e9faut de fabrication ou d&#8217;emballage que dans le cas d&rsquo;une erreur dans la commande, le CLIENT se verra offrir, si possible, son remplacement par une autre alternative, sans frais suppl\u00e9mentaires et sans droit, de la part du CLIENT, \u00e0 un quelconque type de d\u00e9dommagement. MySpainFood prendra en charge les frais encourus pour l&rsquo;envoi de la commande. Dans tous les cas, le retour sera toujours soumis \u00e0 l&rsquo;examen pr\u00e9alable par MySpainFood de l&rsquo;\u00e9tat du produit retourn\u00e9 et \u00e0 la v\u00e9rification que les exigences des pr\u00e9sentes conditions de vente ont \u00e9t\u00e9 respect\u00e9es. Une fois le retour re\u00e7u et le cas \u00e9ch\u00e9ant, nous vous rembourserons le montant factur\u00e9 dans un d\u00e9lai maximum de 30 jours et dans les m\u00eames conditions que celles utilis\u00e9es pour effectuer le paiement. MySpainFood se r\u00e9serve le droit de refuser les retours communiqu\u00e9s ou envoy\u00e9s hors d\u00e9lai ou les produits qui ne sont pas dans le m\u00eame \u00e9tat que celui dans lequel ils ont \u00e9t\u00e9 re\u00e7us. Les retours seront g\u00e9r\u00e9s par l&rsquo;envoi d&rsquo;un courrier \u00e9lectronique \u00e0 info@latiendadesami.com avec une description des motifs et des raisons invoqu\u00e9es pour le retour. Il sera \u00e9galement n\u00e9cessaire d&rsquo;indiquer le nom et le pr\u00e9nom ainsi que le num\u00e9ro de r\u00e9f\u00e9rence de la commande. Une fois la demande re\u00e7ue, nous la traiterons dans les meilleurs d\u00e9lais.            <\/p>\n\n<p><strong>Liens :<\/strong><\/p>\n\n<p>https:\/\/myspainfood.com contient des liens vers d&rsquo;autres sites web. Veuillez noter que lorsque vous cliquez sur l&rsquo;un de ces liens, vous acc\u00e9dez \u00e0 un autre site web. Nous vous encourageons \u00e0 lire les d\u00e9clarations de confidentialit\u00e9 de ces sites, car leur politique de confidentialit\u00e9 peut diff\u00e9rer de la n\u00f4tre.  <\/p>\n","protected":false},"excerpt":{"rendered":"<p>Bienvenue sur le site https:\/\/myspainfood.com (le \u00ab\u00a0Site\u00a0\u00bb). Nous comprenons que la protection de la vie priv\u00e9e en ligne est importante pour les utilisateurs de notre site, en particulier lorsqu&rsquo;ils effectuent des transactions commerciales. La pr\u00e9sente d\u00e9claration r\u00e9git notre politique de confidentialit\u00e9 \u00e0 l&rsquo;\u00e9gard des utilisateurs du site (\u00ab\u00a0visiteurs\u00a0\u00bb) qui le visitent sans y effectuer de [&hellip;]<\/p>\n","protected":false},"author":1,"featured_media":0,"parent":0,"menu_order":0,"comment_status":"closed","ping_status":"closed","template":"","meta":{"_et_pb_use_builder":"","_et_pb_old_content":"","_et_gb_content_width":"","footnotes":""},"class_list":["post-16096","page","type-page","status-publish","hentry"],"_links":{"self":[{"href":"https:\/\/myspainfood.com\/fr\/wp-json\/wp\/v2\/pages\/16096","targetHints":{"allow":["GET"]}}],"collection":[{"href":"https:\/\/myspainfood.com\/fr\/wp-json\/wp\/v2\/pages"}],"about":[{"href":"https:\/\/myspainfood.com\/fr\/wp-json\/wp\/v2\/types\/page"}],"author":[{"embeddable":true,"href":"https:\/\/myspainfood.com\/fr\/wp-json\/wp\/v2\/users\/1"}],"replies":[{"embeddable":true,"href":"https:\/\/myspainfood.com\/fr\/wp-json\/wp\/v2\/comments?post=16096"}],"version-history":[{"count":1,"href":"https:\/\/myspainfood.com\/fr\/wp-json\/wp\/v2\/pages\/16096\/revisions"}],"predecessor-version":[{"id":16097,"href":"https:\/\/myspainfood.com\/fr\/wp-json\/wp\/v2\/pages\/16096\/revisions\/16097"}],"wp:attachment":[{"href":"https:\/\/myspainfood.com\/fr\/wp-json\/wp\/v2\/media?parent=16096"}],"curies":[{"name":"wp","href":"https:\/\/api.w.org\/{rel}","templated":true}]}}