{"id":17063,"date":"2025-04-10T12:05:09","date_gmt":"2025-04-10T10:05:09","guid":{"rendered":"https:\/\/myspainfood.com\/producto\/kimbos-gordal-olives-gordal-et-cornichon-900-gr-chicon\/"},"modified":"2025-09-02T20:59:42","modified_gmt":"2025-09-02T18:59:42","slug":"kimbos-gordal-olives-gordal-et-cornichon-900-gr-chicon","status":"publish","type":"product","link":"https:\/\/myspainfood.com\/fr\/producto\/kimbos-gordal-olives-gordal-et-cornichon-900-gr-chicon\/","title":{"rendered":"Kimbos Gordal - olives gordal et cornichon 900 gr Chicon"},"content":{"rendered":"<h3>Pourquoi utiliser les olives Kimbos Gordal farcies au cornichon ?<\/h3>\n<p>Le Kimbos Gordal est une variante de l&rsquo;une des olives farcies les plus populaires en Espagne et \u00e0 l&rsquo;\u00e9tranger.<\/p>\n<p>L&rsquo;une de ses particularit\u00e9s est sa taille, car elle est g\u00e9n\u00e9ralement plus grande que les autres vari\u00e9t\u00e9s.<\/p>\n<p>C&rsquo;est donc une olive id\u00e9ale \u00e0 servir \u00e0 table, farcie de diff\u00e9rents types d&rsquo;aliments comme les anchois, les cornichons ou les poivrons, par exemple.<\/p>\n<p>Le nom \u00ab\u00a0Aceituna Gordal\u00a0\u00bb lui a \u00e9t\u00e9 donn\u00e9 en raison de sa taille.<\/p>\n<p>On peut dire qu&rsquo;il est tr\u00e8s attrayant et qu&rsquo;il attire l&rsquo;attention.<\/p>\n<p>Bien qu&rsquo;elle soit originaire d&rsquo;<a href=\"https:\/\/aceitunaschiconlebron.com\/catalogo\/aceituna-gordal-rellena-de-pepinillo\/\" target=\"_blank\" rel=\"noopener noreferrer nofollow\">Andalousie<\/a>, la consommation de l&rsquo;olive Gordal farcie au cornichon s&rsquo;est r\u00e9pandue aux \u00c9tats-Unis, l&rsquo;endroit o\u00f9 elle s&rsquo;est le plus r\u00e9pandue en dehors de l&rsquo;Espagne.<\/p>\n<p>Si vous souhaitez acheter des olives ou tout autre type d&rsquo;<a href=\"https:\/\/latiendadesami.com\/categoria-producto\/encurtidos\/\" rel=\"noopener noreferrer nofollow\" target=\"_blank\">aliments marin\u00e9s<\/a>, n&rsquo;h\u00e9sitez pas \u00e0 consulter notre catalogue en ligne pour voir la grande vari\u00e9t\u00e9 d&rsquo;<a href=\"https:\/\/latiendadesami.com\/categoria-producto\/encurtidos\/aceitunas\/\" target=\"_blank\" rel=\"noopener noreferrer nofollow\">olives<\/a> que nous avons.<\/p>\n","protected":false},"excerpt":{"rendered":"<p>Pourquoi utiliser les olives Kimbos Gordal farcies au cornichon ? Le Kimbos Gordal est une variante de l&rsquo;une des olives farcies les plus populaires en Espagne et \u00e0 l&rsquo;\u00e9tranger. L&rsquo;une de ses particularit\u00e9s est sa taille, car elle est g\u00e9n\u00e9ralement plus grande que les autres vari\u00e9t\u00e9s. C&rsquo;est donc une olive id\u00e9ale \u00e0 servir \u00e0 table, [&hellip;]<\/p>\n","protected":false},"featured_media":7100,"template":"","meta":{"_et_pb_use_builder":"","_et_pb_old_content":"","_et_gb_content_width":""},"product_brand":[1036],"product_cat":[1570,1571],"product_tag":[1629,1630],"class_list":{"0":"post-17063","1":"product","2":"type-product","3":"status-publish","4":"has-post-thumbnail","6":"product_brand-chicon","7":"product_cat-cornichons","8":"product_cat-olives-fr","9":"product_tag-gordal-fr","10":"product_tag-kimbo-fr","12":"first","13":"instock","14":"taxable","15":"shipping-taxable","16":"purchasable","17":"product-type-variable"},"_links":{"self":[{"href":"https:\/\/myspainfood.com\/fr\/wp-json\/wp\/v2\/product\/17063","targetHints":{"allow":["GET"]}}],"collection":[{"href":"https:\/\/myspainfood.com\/fr\/wp-json\/wp\/v2\/product"}],"about":[{"href":"https:\/\/myspainfood.com\/fr\/wp-json\/wp\/v2\/types\/product"}],"wp:featuredmedia":[{"embeddable":true,"href":"https:\/\/myspainfood.com\/fr\/wp-json\/wp\/v2\/media\/7100"}],"wp:attachment":[{"href":"https:\/\/myspainfood.com\/fr\/wp-json\/wp\/v2\/media?parent=17063"}],"wp:term":[{"taxonomy":"product_brand","embeddable":true,"href":"https:\/\/myspainfood.com\/fr\/wp-json\/wp\/v2\/product_brand?post=17063"},{"taxonomy":"product_cat","embeddable":true,"href":"https:\/\/myspainfood.com\/fr\/wp-json\/wp\/v2\/product_cat?post=17063"},{"taxonomy":"product_tag","embeddable":true,"href":"https:\/\/myspainfood.com\/fr\/wp-json\/wp\/v2\/product_tag?post=17063"}],"curies":[{"name":"wp","href":"https:\/\/api.w.org\/{rel}","templated":true}]}}