{"id":17908,"date":"2025-04-10T12:14:40","date_gmt":"2025-04-10T10:14:40","guid":{"rendered":"https:\/\/myspainfood.com\/producto\/almejon-amande-de-mer-natural-estela-do-mar-111-gr\/"},"modified":"2026-01-20T13:36:49","modified_gmt":"2026-01-20T12:36:49","slug":"almejon-amande-de-mer-natural-estela-do-mar-111-gr","status":"publish","type":"product","link":"https:\/\/myspainfood.com\/fr\/producto\/almejon-amande-de-mer-natural-estela-do-mar-111-gr\/","title":{"rendered":"Almej\u00f3n (Amande de mer) natural Estela do Mar 111 gr"},"content":{"rendered":"<p>D\u00e9couvrez l&rsquo;authentique saveur de la mer avec <strong>Estela do Mar Natural Almej\u00f3n<\/strong>. Cette amande de mer en conserve de 111 grammes renferme toute la fra\u00eecheur et la puret\u00e9 des meilleures palourdes, sans additifs ni conservateurs. Parfaite pour ceux qui recherchent des fruits de mer naturels et de grande qualit\u00e9, cette palourde est id\u00e9ale pour \u00eatre d\u00e9gust\u00e9e seule ou dans vos recettes pr\u00e9f\u00e9r\u00e9es, car elle offre une texture tendre et une saveur intense.  <\/p>\n<p>Riche en prot\u00e9ines, en om\u00e9ga-3 et en min\u00e9raux essentiels, la <strong>palourde naturelle Estela do Mar<\/strong> est une option nutritive pour tout r\u00e9gime alimentaire. Ajoutez une touche gourmande et saine \u00e0 vos plats et explorez d&rsquo;autres options dans notre <a target=\"_new\" rel=\"noopener\">section fruits de mer<\/a> ou consultez les avantages des fruits de mer frais sur des sites de r\u00e9f\u00e9rence tels que <a href=\"https:\/\/www.fen.org.es\" target=\"_new\" rel=\"noopener noreferrer nofollow\" target=\"_blank\">la Fondation espagnole pour la nutrition.<\/a> <\/p>\n<p>Ajoutez la palourde Estela do Mar \u00e0 vos plats et profitez d&rsquo;une touche gourmande !<\/p>\n<p><span class=\"BxUVEf ILfuVd\" lang=\"es\"><span class=\"hgKElc\"> <\/span><\/span><\/p>\n","protected":false},"excerpt":{"rendered":"<p>D\u00e9couvrez l&rsquo;authentique saveur de la mer avec Estela do Mar Natural Almej\u00f3n. Cette amande de mer en conserve de 111 grammes renferme toute la fra\u00eecheur et la puret\u00e9 des meilleures palourdes, sans additifs ni conservateurs. Parfaite pour ceux qui recherchent des fruits de mer naturels et de grande qualit\u00e9, cette palourde est id\u00e9ale pour \u00eatre [&hellip;]<\/p>\n","protected":false},"featured_media":14948,"template":"","meta":{"_et_pb_use_builder":"","_et_pb_old_content":"","_et_gb_content_width":""},"product_brand":[1469],"product_cat":[1941,1942],"product_tag":[],"class_list":{"0":"post-17908","1":"product","2":"type-product","3":"status-publish","4":"has-post-thumbnail","6":"product_brand-estela-do-mar","7":"product_cat-conserves","8":"product_cat-palourdes","10":"first","11":"outofstock","12":"taxable","13":"shipping-taxable","14":"product-type-variable"},"_links":{"self":[{"href":"https:\/\/myspainfood.com\/fr\/wp-json\/wp\/v2\/product\/17908","targetHints":{"allow":["GET"]}}],"collection":[{"href":"https:\/\/myspainfood.com\/fr\/wp-json\/wp\/v2\/product"}],"about":[{"href":"https:\/\/myspainfood.com\/fr\/wp-json\/wp\/v2\/types\/product"}],"wp:featuredmedia":[{"embeddable":true,"href":"https:\/\/myspainfood.com\/fr\/wp-json\/wp\/v2\/media\/14948"}],"wp:attachment":[{"href":"https:\/\/myspainfood.com\/fr\/wp-json\/wp\/v2\/media?parent=17908"}],"wp:term":[{"taxonomy":"product_brand","embeddable":true,"href":"https:\/\/myspainfood.com\/fr\/wp-json\/wp\/v2\/product_brand?post=17908"},{"taxonomy":"product_cat","embeddable":true,"href":"https:\/\/myspainfood.com\/fr\/wp-json\/wp\/v2\/product_cat?post=17908"},{"taxonomy":"product_tag","embeddable":true,"href":"https:\/\/myspainfood.com\/fr\/wp-json\/wp\/v2\/product_tag?post=17908"}],"curies":[{"name":"wp","href":"https:\/\/api.w.org\/{rel}","templated":true}]}}