{"id":18009,"date":"2025-04-10T12:05:44","date_gmt":"2025-04-10T10:05:44","guid":{"rendered":"https:\/\/myspainfood.com\/producto\/camomille-farcie-au-concombre-3-8kg-kimbitos\/"},"modified":"2025-04-10T12:05:44","modified_gmt":"2025-04-10T10:05:44","slug":"camomille-farcie-au-concombre-3-8kg-kimbitos","status":"publish","type":"product","link":"https:\/\/myspainfood.com\/fr\/producto\/camomille-farcie-au-concombre-3-8kg-kimbitos\/","title":{"rendered":"Camomille farcie au concombre 3.8kg Kimbitos"},"content":{"rendered":"<p>Concombre farci \u00e0 la manzanilla 3.8kg Kimbitos est un en-cas dans lequel on trouve les traditionnelles olives <a href=\"https:\/\/www.laencajera.es\/encurtidos-de-almagro\" target=\"_blank\" rel=\"noopener noreferrer nofollow\">manzanilla<\/a> farcies au cornichon.<\/p>\n<p>Un accompagnement id\u00e9al pour les plats traditionnels.<\/p>\n<p>Kimbitos est le nom sous lequel on conna\u00eet, dans certaines r\u00e9gions d&rsquo;Espagne, l&rsquo;olive manzanilla d\u00e9noyaut\u00e9e accompagn\u00e9e d&rsquo;un cornichon.<\/p>\n<p>Il est fabriqu\u00e9 \u00e0 la main pour r\u00e9aliser cette union.<\/p>\n<h3>Avantages de la camomille farcie au concombre 3,8kg Kimbitos<\/h3>\n<p>Connaissez-vous les multiples bienfaits de ces olives ? Elles sont tr\u00e8s efficaces pour pr\u00e9venir les maladies cardiaques et circulatoires en g\u00e9n\u00e9ral. <\/p>\n<p>Cela est d\u00fb \u00e0 sa teneur \u00e9lev\u00e9e en graisses insatur\u00e9es. En outre, c&rsquo;est un aliment qui contient beaucoup de fer et de fibres et qui est tr\u00e8s rassasiant, ce qui en fait un en-cas id\u00e9al. <\/p>\n<p>Si vous souhaitez acheter des olives ou tout autre type d&rsquo;<a href=\"https:\/\/latiendadesami.com\/categoria-producto\/encurtidos\/\" rel=\"noopener noreferrer nofollow\" target=\"_blank\">aliments marin\u00e9s<\/a>, n&rsquo;h\u00e9sitez pas \u00e0 consulter notre catalogue en ligne pour voir la grande vari\u00e9t\u00e9 d&rsquo;<a href=\"https:\/\/latiendadesami.com\/categoria-producto\/encurtidos\/aceitunas\/\" target=\"_blank\" rel=\"noopener noreferrer nofollow\">olives<\/a> que nous avons.<\/p>\n<p>Origine : Castilla la Mancha.<\/p>\n<p>Ingr\u00e9dients : Olives, cornichons, eau, sel, acidifiant (E-330), conservateurs (E-211, E-202, E-260), exhausteurs de go\u00fbt (E-621, E-631, E-627), antioxydants (E-300) et ar\u00f4mes naturels. Peut contenir des traces de sulfites. <\/p>\n<h3>Informations nutritionnelles<\/h3>\n<p>Valeur \u00e9nerg\u00e9tique 132 kcal\/ 553 kj Mati\u00e8res grasses 13,4 g dont satur\u00e9es 1,7 g Glucides 0,8 g dont sucre 0,09 g Fibres alimentaires 0,5 g Prot\u00e9ines 2,6 g Sel 2,0 g<\/p>\n","protected":false},"excerpt":{"rendered":"<p>Concombre farci \u00e0 la manzanilla 3.8kg Kimbitos est un en-cas dans lequel on trouve les traditionnelles olives manzanilla farcies au cornichon. Un accompagnement id\u00e9al pour les plats traditionnels. Kimbitos est le nom sous lequel on conna\u00eet, dans certaines r\u00e9gions d&rsquo;Espagne, l&rsquo;olive manzanilla d\u00e9noyaut\u00e9e accompagn\u00e9e d&rsquo;un cornichon. Il est fabriqu\u00e9 \u00e0 la main pour r\u00e9aliser cette [&hellip;]<\/p>\n","protected":false},"featured_media":7739,"template":"","meta":{"_et_pb_use_builder":"","_et_pb_old_content":"","_et_gb_content_width":""},"product_brand":[],"product_cat":[1636,1570,1571],"product_tag":[1630],"class_list":{"0":"post-18009","1":"product","2":"type-product","3":"status-publish","4":"has-post-thumbnail","6":"product_cat-cornichons-fr","7":"product_cat-cornichons","8":"product_cat-olives-fr","9":"product_tag-kimbo-fr","11":"first","12":"instock","13":"taxable","14":"shipping-taxable","15":"purchasable","16":"product-type-simple"},"_links":{"self":[{"href":"https:\/\/myspainfood.com\/fr\/wp-json\/wp\/v2\/product\/18009","targetHints":{"allow":["GET"]}}],"collection":[{"href":"https:\/\/myspainfood.com\/fr\/wp-json\/wp\/v2\/product"}],"about":[{"href":"https:\/\/myspainfood.com\/fr\/wp-json\/wp\/v2\/types\/product"}],"wp:featuredmedia":[{"embeddable":true,"href":"https:\/\/myspainfood.com\/fr\/wp-json\/wp\/v2\/media\/7739"}],"wp:attachment":[{"href":"https:\/\/myspainfood.com\/fr\/wp-json\/wp\/v2\/media?parent=18009"}],"wp:term":[{"taxonomy":"product_brand","embeddable":true,"href":"https:\/\/myspainfood.com\/fr\/wp-json\/wp\/v2\/product_brand?post=18009"},{"taxonomy":"product_cat","embeddable":true,"href":"https:\/\/myspainfood.com\/fr\/wp-json\/wp\/v2\/product_cat?post=18009"},{"taxonomy":"product_tag","embeddable":true,"href":"https:\/\/myspainfood.com\/fr\/wp-json\/wp\/v2\/product_tag?post=18009"}],"curies":[{"name":"wp","href":"https:\/\/api.w.org\/{rel}","templated":true}]}}