{"id":18116,"date":"2025-04-10T12:10:57","date_gmt":"2025-04-10T10:10:57","guid":{"rendered":"https:\/\/myspainfood.com\/producto\/olive-chupadedos-aguedo-2-kg-poids-net\/"},"modified":"2025-04-10T12:10:57","modified_gmt":"2025-04-10T10:10:57","slug":"olive-chupadedos-aguedo-2-kg-poids-net","status":"publish","type":"product","link":"https:\/\/myspainfood.com\/fr\/producto\/olive-chupadedos-aguedo-2-kg-poids-net\/","title":{"rendered":"Olive Chupadedos Aguedo 2 kg poids net"},"content":{"rendered":"<div>\n<p>Chez ACEITUNAS AGUEDO, nous garantissons l&rsquo;excellence de nos produits, en alliant tradition et nouvelles technologies. Nous vous offrons le professionnalisme d&rsquo;une entreprise familiale en croissance constante, qui fait de la satisfaction de ses clients son unique objectif. <\/p>\n<p>Nous supervisons tous les processus de production du d\u00e9but \u00e0 la fin, c&rsquo;est la seule fa\u00e7on d&rsquo;obtenir des produits MAXIMUM.<\/p>\n<\/div>\n<div class=\"leo_camara_desc\">Nous offrons \u00e0 nos clients le snack le plus sain et le plus naturel, avec une saveur incomparable et la meilleure qualit\u00e9.<\/div>\n","protected":false},"excerpt":{"rendered":"<p>Chez ACEITUNAS AGUEDO, nous garantissons l&rsquo;excellence de nos produits, en alliant tradition et nouvelles technologies. Nous vous offrons le professionnalisme d&rsquo;une entreprise familiale en croissance constante, qui fait de la satisfaction de ses clients son unique objectif. Nous supervisons tous les processus de production du d\u00e9but \u00e0 la fin, c&rsquo;est la seule fa\u00e7on d&rsquo;obtenir des [&hellip;]<\/p>\n","protected":false},"featured_media":13328,"template":"","meta":{"_et_pb_use_builder":"","_et_pb_old_content":"","_et_gb_content_width":""},"product_brand":[1397],"product_cat":[1570,1571],"product_tag":[2044],"class_list":{"0":"post-18116","1":"product","2":"type-product","3":"status-publish","4":"has-post-thumbnail","6":"product_brand-aguedo","7":"product_cat-cornichons","8":"product_cat-olives-fr","9":"product_tag-camomille","11":"first","12":"outofstock","13":"taxable","14":"shipping-taxable","15":"purchasable","16":"product-type-simple"},"_links":{"self":[{"href":"https:\/\/myspainfood.com\/fr\/wp-json\/wp\/v2\/product\/18116","targetHints":{"allow":["GET"]}}],"collection":[{"href":"https:\/\/myspainfood.com\/fr\/wp-json\/wp\/v2\/product"}],"about":[{"href":"https:\/\/myspainfood.com\/fr\/wp-json\/wp\/v2\/types\/product"}],"wp:featuredmedia":[{"embeddable":true,"href":"https:\/\/myspainfood.com\/fr\/wp-json\/wp\/v2\/media\/13328"}],"wp:attachment":[{"href":"https:\/\/myspainfood.com\/fr\/wp-json\/wp\/v2\/media?parent=18116"}],"wp:term":[{"taxonomy":"product_brand","embeddable":true,"href":"https:\/\/myspainfood.com\/fr\/wp-json\/wp\/v2\/product_brand?post=18116"},{"taxonomy":"product_cat","embeddable":true,"href":"https:\/\/myspainfood.com\/fr\/wp-json\/wp\/v2\/product_cat?post=18116"},{"taxonomy":"product_tag","embeddable":true,"href":"https:\/\/myspainfood.com\/fr\/wp-json\/wp\/v2\/product_tag?post=18116"}],"curies":[{"name":"wp","href":"https:\/\/api.w.org\/{rel}","templated":true}]}}