{"id":18158,"date":"2025-04-10T12:05:43","date_gmt":"2025-04-10T10:05:43","guid":{"rendered":"https:\/\/myspainfood.com\/producto\/banderilles-de-concombre-epicees-38-kg\/"},"modified":"2025-08-01T18:27:44","modified_gmt":"2025-08-01T16:27:44","slug":"banderilles-de-concombre-epicees-38-kg","status":"publish","type":"product","link":"https:\/\/myspainfood.com\/fr\/producto\/banderilles-de-concombre-epicees-38-kg\/","title":{"rendered":"Banderilles de concombre \u00e9pic\u00e9es 3,8 kg"},"content":{"rendered":"<p>Avec les Banderillas Picantes Pepino Entero 3,8 kg d&rsquo;Almagro, vous pouvez d\u00e9guster plusieurs <a href=\"https:\/\/www.laencajera.es\/encurtidos-de-almagro\" target=\"_blank\" rel=\"noopener noreferrer nofollow\">cornichons<\/a> en m\u00eame temps.<\/p>\n<p>Avec un go\u00fbt rafra\u00eechissant et l\u00e9ger, nos banderilles peuvent \u00eatre d\u00e9gust\u00e9es entre les repas ou entre amis.<\/p>\n<p>Savourez les assaisonnements en une seule bouch\u00e9e avec ces concombres entiers Banderillas Picantes 3,8 kg. L&rsquo;origine est Castilla la Mancha. <\/p>\n<p>Ingr\u00e9dients : Oignon 21-23, poivron rouge, olive (taille envisag\u00e9e de 200-320), cornichon entier 60-80, piment, eau, sel et sprat en plastique, exhausteur de go\u00fbt (E-621, E-627), acidifiant E-330, antioxydant E-300, conservateurs (E-211, E-202, E-270, E-260) Contient des sulfites.<\/p>\n<p>Conditions de conservation :<\/p>\n<p>Conserver dans un endroit frais et sec, entre 3\u00baC et 10\u00baC. Tenir \u00e0 l&rsquo;\u00e9cart de la lumi\u00e8re du soleil et des odeurs fortes. <\/p>\n<p>Apr\u00e8s ouverture, conservez au r\u00e9frig\u00e9rateur et consommez dans les 30 jours.<\/p>\n<p>Si vous souhaitez acheter des olives ou tout autre type de <a href=\"https:\/\/latiendadesami.com\/categoria-producto\/encurtidos\/\" rel=\"noopener noreferrer nofollow\" target=\"_blank\">cornichons<\/a>, n&rsquo;h\u00e9sitez pas \u00e0 consulter notre catalogue en ligne pour voir la grande vari\u00e9t\u00e9 d&rsquo;<a href=\"https:\/\/latiendadesami.com\/categoria-producto\/encurtidos\/berenjenas\/\" target=\"_blank\" rel=\"noopener noreferrer nofollow\">aubergines<\/a> que nous avons.<\/p>\n<p>La marque est La Encajonera, une entreprise familiale fond\u00e9e en 1990, situ\u00e9e au c\u0153ur de La Mancha, dans la ville d&rsquo;ALMAGRO, dans la province de Ciudad Real.<\/p>\n<p>Le processus de fabrication de ses produits commence dans la m\u00eame zone de culture, en s\u00e9lectionnant le produit de la meilleure qualit\u00e9.<\/p>\n<p>L&rsquo;usine est \u00e9quip\u00e9e des technologies les plus avanc\u00e9es, tout en pr\u00e9servant la tradition et le savoir-faire de ses artisans.<\/p>\n","protected":false},"excerpt":{"rendered":"<p>Avec les Banderillas Picantes Pepino Entero 3,8 kg d&rsquo;Almagro, vous pouvez d\u00e9guster plusieurs cornichons en m\u00eame temps. Avec un go\u00fbt rafra\u00eechissant et l\u00e9ger, nos banderilles peuvent \u00eatre d\u00e9gust\u00e9es entre les repas ou entre amis. Savourez les assaisonnements en une seule bouch\u00e9e avec ces concombres entiers Banderillas Picantes 3,8 kg. L&rsquo;origine est Castilla la Mancha. Ingr\u00e9dients [&hellip;]<\/p>\n","protected":false},"featured_media":7721,"template":"","meta":{"_et_pb_use_builder":"","_et_pb_old_content":"","_et_gb_content_width":""},"product_brand":[],"product_cat":[2071,1570,1636],"product_tag":[2025,2072],"class_list":{"0":"post-18158","1":"product","2":"type-product","3":"status-publish","4":"has-post-thumbnail","6":"product_cat-banderilles","7":"product_cat-cornichons","8":"product_cat-cornichons-fr","9":"product_tag-cornichon","10":"product_tag-epice","12":"first","13":"instock","14":"taxable","15":"shipping-taxable","16":"purchasable","17":"product-type-simple"},"_links":{"self":[{"href":"https:\/\/myspainfood.com\/fr\/wp-json\/wp\/v2\/product\/18158","targetHints":{"allow":["GET"]}}],"collection":[{"href":"https:\/\/myspainfood.com\/fr\/wp-json\/wp\/v2\/product"}],"about":[{"href":"https:\/\/myspainfood.com\/fr\/wp-json\/wp\/v2\/types\/product"}],"wp:featuredmedia":[{"embeddable":true,"href":"https:\/\/myspainfood.com\/fr\/wp-json\/wp\/v2\/media\/7721"}],"wp:attachment":[{"href":"https:\/\/myspainfood.com\/fr\/wp-json\/wp\/v2\/media?parent=18158"}],"wp:term":[{"taxonomy":"product_brand","embeddable":true,"href":"https:\/\/myspainfood.com\/fr\/wp-json\/wp\/v2\/product_brand?post=18158"},{"taxonomy":"product_cat","embeddable":true,"href":"https:\/\/myspainfood.com\/fr\/wp-json\/wp\/v2\/product_cat?post=18158"},{"taxonomy":"product_tag","embeddable":true,"href":"https:\/\/myspainfood.com\/fr\/wp-json\/wp\/v2\/product_tag?post=18158"}],"curies":[{"name":"wp","href":"https:\/\/api.w.org\/{rel}","templated":true}]}}