{"id":18273,"date":"2025-04-10T12:05:35","date_gmt":"2025-04-10T10:05:35","guid":{"rendered":"https:\/\/myspainfood.com\/producto\/aubergines-farcies-aux-olives-gordal-4-5-kg\/"},"modified":"2025-04-10T12:05:35","modified_gmt":"2025-04-10T10:05:35","slug":"aubergines-farcies-aux-olives-gordal-4-5-kg","status":"publish","type":"product","link":"https:\/\/myspainfood.com\/fr\/producto\/aubergines-farcies-aux-olives-gordal-4-5-kg\/","title":{"rendered":"Aubergines farcies aux olives Gordal 4.5 kg"},"content":{"rendered":"<p>Olives Gordal farcies d&rsquo;aubergines de la vari\u00e9t\u00e9 Gordal farcies de nos traditionnelles <a href=\"https:\/\/www.laencajera.es\/aceitunas\" target=\"_blank\" rel=\"noopener noreferrer nofollow\">aubergines<\/a> Almagro.<\/p>\n<p>L&rsquo;une des vari\u00e9t\u00e9s les plus populaires. Elles sont id\u00e9ales pour l&rsquo;ap\u00e9ritif. <\/p>\n<p>Ingr\u00e9dients : NTES : Olives Gordal d\u00e9noyaut\u00e9es, aubergines \u00ab\u00a0De Almagro\u00a0\u00bb, eau, sel, vinaigre de vin, cumin moulu, paprika de la Vera, origan, exhausteur de go\u00fbt (E-621, E-631, E-627), acidifiant (E-330), conservateurs (E-260, E-211, E-202), antioxydant (E-300), et essences naturelles (essence de poivre, essence d&rsquo;ail, essence de cumin). Peut contenir des sulfites. <\/p>\n<p>Conserver dans un endroit frais et sec, entre 3\u00baC et 10\u00baC.<\/p>\n<p>Prot\u00e9ger de la lumi\u00e8re du soleil et des odeurs fortes.<\/p>\n<p>Olives Gordal farcies \u00e0 l&rsquo;aubergine. Apr\u00e8s ouverture, conserver au r\u00e9frig\u00e9rateur et consommer dans les 30 jours.<\/p>\n<p>Si vous souhaitez acheter des olives ou tout autre type de <a href=\"https:\/\/latiendadesami.com\/categoria-producto\/encurtidos\/\" rel=\"noopener noreferrer nofollow\" target=\"_blank\">cornichons<\/a>, n&rsquo;h\u00e9sitez pas \u00e0 consulter notre catalogue en ligne pour voir la grande vari\u00e9t\u00e9 d&rsquo;<a href=\"https:\/\/latiendadesami.com\/categoria-producto\/encurtidos\/berenjenas\/\" target=\"_blank\" rel=\"noopener noreferrer nofollow\">aubergines<\/a> que nous avons.<\/p>\n<p>La marque est La Encajonera, une entreprise familiale fond\u00e9e en 1990, situ\u00e9e au c\u0153ur de La Mancha, dans la ville d&rsquo;ALMAGRO, dans la province de Ciudad Real.<\/p>\n<p>Le processus de fabrication de ses produits commence dans la m\u00eame zone de culture, en s\u00e9lectionnant le produit de la meilleure qualit\u00e9.<\/p>\n<p>L&rsquo;usine est \u00e9quip\u00e9e des technologies les plus avanc\u00e9es, tout en pr\u00e9servant la tradition et le savoir-faire de ses artisans.<\/p>\n","protected":false},"excerpt":{"rendered":"<p>Olives Gordal farcies d&rsquo;aubergines de la vari\u00e9t\u00e9 Gordal farcies de nos traditionnelles aubergines Almagro. L&rsquo;une des vari\u00e9t\u00e9s les plus populaires. Elles sont id\u00e9ales pour l&rsquo;ap\u00e9ritif. Ingr\u00e9dients : NTES : Olives Gordal d\u00e9noyaut\u00e9es, aubergines \u00ab\u00a0De Almagro\u00a0\u00bb, eau, sel, vinaigre de vin, cumin moulu, paprika de la Vera, origan, exhausteur de go\u00fbt (E-621, E-631, E-627), acidifiant (E-330), [&hellip;]<\/p>\n","protected":false},"featured_media":7515,"template":"","meta":{"_et_pb_use_builder":"","_et_pb_old_content":"","_et_gb_content_width":""},"product_brand":[],"product_cat":[1570,1571],"product_tag":[2180,2181],"class_list":{"0":"post-18273","1":"product","2":"type-product","3":"status-publish","4":"has-post-thumbnail","6":"product_cat-cornichons","7":"product_cat-olives-fr","8":"product_tag-aubergine-fr","9":"product_tag-remplir","11":"first","12":"instock","13":"taxable","14":"shipping-taxable","15":"purchasable","16":"product-type-simple"},"_links":{"self":[{"href":"https:\/\/myspainfood.com\/fr\/wp-json\/wp\/v2\/product\/18273","targetHints":{"allow":["GET"]}}],"collection":[{"href":"https:\/\/myspainfood.com\/fr\/wp-json\/wp\/v2\/product"}],"about":[{"href":"https:\/\/myspainfood.com\/fr\/wp-json\/wp\/v2\/types\/product"}],"wp:featuredmedia":[{"embeddable":true,"href":"https:\/\/myspainfood.com\/fr\/wp-json\/wp\/v2\/media\/7515"}],"wp:attachment":[{"href":"https:\/\/myspainfood.com\/fr\/wp-json\/wp\/v2\/media?parent=18273"}],"wp:term":[{"taxonomy":"product_brand","embeddable":true,"href":"https:\/\/myspainfood.com\/fr\/wp-json\/wp\/v2\/product_brand?post=18273"},{"taxonomy":"product_cat","embeddable":true,"href":"https:\/\/myspainfood.com\/fr\/wp-json\/wp\/v2\/product_cat?post=18273"},{"taxonomy":"product_tag","embeddable":true,"href":"https:\/\/myspainfood.com\/fr\/wp-json\/wp\/v2\/product_tag?post=18273"}],"curies":[{"name":"wp","href":"https:\/\/api.w.org\/{rel}","templated":true}]}}