{"id":18313,"date":"2025-04-10T12:09:16","date_gmt":"2025-04-10T10:09:16","guid":{"rendered":"https:\/\/myspainfood.com\/producto\/manzanilla-olive-anchois-saveur-140-160-5-kg-egoutte\/"},"modified":"2025-06-18T22:27:22","modified_gmt":"2025-06-18T20:27:22","slug":"manzanilla-olive-anchois-saveur-140-160-5-kg-egoutte","status":"publish","type":"product","link":"https:\/\/myspainfood.com\/fr\/producto\/manzanilla-olive-anchois-saveur-140-160-5-kg-egoutte\/","title":{"rendered":"Manzanilla Olive Anchois Saveur 140-160 5 kg \u00e9goutt\u00e9"},"content":{"rendered":"<p>L&rsquo;olive manzanilla au go\u00fbt d&rsquo;anchois est l&rsquo;olive la plus populaire du march\u00e9. Elle est tr\u00e8s appr\u00e9ci\u00e9e pour sa finesse de go\u00fbt. Elle est principalement utilis\u00e9e comme olive de table. De couleur vert jaun\u00e2tre, elle est d\u00e9noyaut\u00e9e et de saveur douce. Elle est largement utilis\u00e9e en ap\u00e9ritif et en entr\u00e9e. Elle entre dans la composition de recettes telles que les pizzas, les salades ou des plats plus \u00e9labor\u00e9s.     <\/p>\n<p>Ingr\u00e9dients : Olives, eau, sel, acidifiant (E-330), conservateurs.<\/p>\n<p>(E-211, E-202, E-270) Antioxydant (E-300)<\/p>\n<p>Peut contenir des sulfites.<\/p>\n<p>Conserver dans un endroit frais et sec, entre 3\u00baC et 10\u00baC.<\/p>\n<p>Prot\u00e9ger de la lumi\u00e8re du soleil et des odeurs fortes.<\/p>\n<p>Si vous souhaitez acheter des olives ou tout autre type de <a href=\"https:\/\/latiendadesami.com\/categoria-producto\/encurtidos\/\" rel=\"noopener noreferrer nofollow\" target=\"_blank\">cornichons<\/a>, n&rsquo;h\u00e9sitez pas \u00e0 consulter notre catalogue en ligne pour voir la grande vari\u00e9t\u00e9 d&rsquo;<a href=\"https:\/\/latiendadesami.com\/categoria-producto\/encurtidos\/berenjenas\/\" target=\"_blank\" rel=\"noopener noreferrer nofollow\">aubergines<\/a> que nous avons.<\/p>\n<p>La marque est La Encajera, une entreprise familiale fond\u00e9e en 1990, situ\u00e9e au c\u0153ur de La Mancha, dans la ville d&rsquo;ALMAGRO, dans la province de Ciudad Real.<\/p>\n<p>Le processus de fabrication de ses produits commence dans la m\u00eame zone de culture, en s\u00e9lectionnant le produit de la meilleure qualit\u00e9.<\/p>\n<p>L&rsquo;usine est \u00e9quip\u00e9e des technologies les plus avanc\u00e9es, tout en pr\u00e9servant la tradition et le savoir-faire de ses artisans.<\/p>\n","protected":false},"excerpt":{"rendered":"<p>L&rsquo;olive manzanilla au go\u00fbt d&rsquo;anchois est l&rsquo;olive la plus populaire du march\u00e9. Elle est tr\u00e8s appr\u00e9ci\u00e9e pour sa finesse de go\u00fbt. Elle est principalement utilis\u00e9e comme olive de table. De couleur vert jaun\u00e2tre, elle est d\u00e9noyaut\u00e9e et de saveur douce. Elle est largement utilis\u00e9e en ap\u00e9ritif et en entr\u00e9e. Elle entre dans la composition de [&hellip;]<\/p>\n","protected":false},"featured_media":11843,"template":"","meta":{"_et_pb_use_builder":"","_et_pb_old_content":"","_et_gb_content_width":""},"product_brand":[],"product_cat":[1570,1571],"product_tag":[2180,2181],"class_list":{"0":"post-18313","1":"product","2":"type-product","3":"status-publish","4":"has-post-thumbnail","6":"product_cat-cornichons","7":"product_cat-olives-fr","8":"product_tag-aubergine-fr","9":"product_tag-remplir","11":"first","12":"instock","13":"taxable","14":"shipping-taxable","15":"purchasable","16":"product-type-simple"},"_links":{"self":[{"href":"https:\/\/myspainfood.com\/fr\/wp-json\/wp\/v2\/product\/18313","targetHints":{"allow":["GET"]}}],"collection":[{"href":"https:\/\/myspainfood.com\/fr\/wp-json\/wp\/v2\/product"}],"about":[{"href":"https:\/\/myspainfood.com\/fr\/wp-json\/wp\/v2\/types\/product"}],"wp:featuredmedia":[{"embeddable":true,"href":"https:\/\/myspainfood.com\/fr\/wp-json\/wp\/v2\/media\/11843"}],"wp:attachment":[{"href":"https:\/\/myspainfood.com\/fr\/wp-json\/wp\/v2\/media?parent=18313"}],"wp:term":[{"taxonomy":"product_brand","embeddable":true,"href":"https:\/\/myspainfood.com\/fr\/wp-json\/wp\/v2\/product_brand?post=18313"},{"taxonomy":"product_cat","embeddable":true,"href":"https:\/\/myspainfood.com\/fr\/wp-json\/wp\/v2\/product_cat?post=18313"},{"taxonomy":"product_tag","embeddable":true,"href":"https:\/\/myspainfood.com\/fr\/wp-json\/wp\/v2\/product_tag?post=18313"}],"curies":[{"name":"wp","href":"https:\/\/api.w.org\/{rel}","templated":true}]}}