{"id":18635,"date":"2025-04-10T12:16:51","date_gmt":"2025-04-10T10:16:51","guid":{"rendered":"https:\/\/myspainfood.com\/producto\/lot-3c-filet-danchois-de-cantabrie-filets-de-harengs-filets-de-harengs-aux-olives-picarpicar\/"},"modified":"2026-01-13T13:55:01","modified_gmt":"2026-01-13T12:55:01","slug":"lot-3c-filet-danchois-de-cantabrie-filets-de-harengs-filets-de-harengs-aux-olives-picarpicar","status":"publish","type":"product","link":"https:\/\/myspainfood.com\/fr\/producto\/lot-3c-filet-danchois-de-cantabrie-filets-de-harengs-filets-de-harengs-aux-olives-picarpicar\/","title":{"rendered":"Lot 3C Filet d&rsquo;anchois de Cantabrie - filets de harengs - filets de harengs aux olives Picar&amp;Picar"},"content":{"rendered":"<p>SOMMAIRE :<\/p>\n<ul>\n<li>Filet d&rsquo;anchois du golfe de Gascogne :<\/li>\n<\/ul>\n<p>300 g barquette : 1 pi\u00e8ce<\/p>\n<ul>\n<li>Filets de hareng :<\/li>\n<\/ul>\n<p>Plateau 220 gr : 1 pi\u00e8ce<\/p>\n<ul>\n<li>Filets de hareng avec olives :<\/li>\n<\/ul>\n<p>Plateau 220 gr : 1 pi\u00e8ce<\/p>\n","protected":false},"excerpt":{"rendered":"<p>SOMMAIRE : Filet d&rsquo;anchois du golfe de Gascogne : 300 g barquette : 1 pi\u00e8ce Filets de hareng : Plateau 220 gr : 1 pi\u00e8ce Filets de hareng avec olives : Plateau 220 gr : 1 pi\u00e8ce<\/p>\n","protected":false},"featured_media":15821,"template":"","meta":{"_et_pb_use_builder":"","_et_pb_old_content":"","_et_gb_content_width":""},"product_brand":[1127],"product_cat":[1895,1864],"product_tag":[],"class_list":{"0":"post-18635","1":"product","2":"type-product","3":"status-publish","4":"has-post-thumbnail","6":"product_brand-picarpicar","7":"product_cat-anchois-fr","8":"product_cat-froid","9":"product_shipping_class-expedition-a-froid","11":"first","12":"outofstock","13":"taxable","14":"shipping-taxable","15":"purchasable","16":"product-type-simple"},"_links":{"self":[{"href":"https:\/\/myspainfood.com\/fr\/wp-json\/wp\/v2\/product\/18635","targetHints":{"allow":["GET"]}}],"collection":[{"href":"https:\/\/myspainfood.com\/fr\/wp-json\/wp\/v2\/product"}],"about":[{"href":"https:\/\/myspainfood.com\/fr\/wp-json\/wp\/v2\/types\/product"}],"wp:featuredmedia":[{"embeddable":true,"href":"https:\/\/myspainfood.com\/fr\/wp-json\/wp\/v2\/media\/15821"}],"wp:attachment":[{"href":"https:\/\/myspainfood.com\/fr\/wp-json\/wp\/v2\/media?parent=18635"}],"wp:term":[{"taxonomy":"product_brand","embeddable":true,"href":"https:\/\/myspainfood.com\/fr\/wp-json\/wp\/v2\/product_brand?post=18635"},{"taxonomy":"product_cat","embeddable":true,"href":"https:\/\/myspainfood.com\/fr\/wp-json\/wp\/v2\/product_cat?post=18635"},{"taxonomy":"product_tag","embeddable":true,"href":"https:\/\/myspainfood.com\/fr\/wp-json\/wp\/v2\/product_tag?post=18635"}],"curies":[{"name":"wp","href":"https:\/\/api.w.org\/{rel}","templated":true}]}}