{"id":18650,"date":"2025-04-10T12:16:51","date_gmt":"2025-04-10T10:16:51","guid":{"rendered":"https:\/\/myspainfood.com\/producto\/lot-1f-filet-danchois-a-lhuile-filet-danchois-au-vinaigre-filet-danchois-a-la-sauce-ail-et-persil-ail-et-persil-chop-chop\/"},"modified":"2026-01-13T13:54:12","modified_gmt":"2026-01-13T12:54:12","slug":"lot-1f-filet-danchois-a-lhuile-filet-danchois-au-vinaigre-filet-danchois-a-la-sauce-ail-et-persil-ail-et-persil-chop-chop","status":"publish","type":"product","link":"https:\/\/myspainfood.com\/fr\/producto\/lot-1f-filet-danchois-a-lhuile-filet-danchois-au-vinaigre-filet-danchois-a-la-sauce-ail-et-persil-ail-et-persil-chop-chop\/","title":{"rendered":"Lot 1F Filet d&rsquo;anchois \u00e0 l&rsquo;huile-filet d&rsquo;anchois au vinaigre-filet d&rsquo;anchois \u00e0 la sauce ail et persil (ail et persil) Chop &amp; Chop"},"content":{"rendered":"<p>SOMMAIRE :<\/p>\n<ul>\n<li>Filet d&rsquo;anchois \u00e0 l&rsquo;huile :<\/li>\n<\/ul>\n<p>Plateau 200 gr : 3 pi\u00e8ces<\/p>\n<ul>\n<li>Filet d&rsquo;anchois au vinaigre :<\/li>\n<\/ul>\n<p>Plateau 200 gr : 3 pi\u00e8ces<\/p>\n<ul>\n<li>Filet d&rsquo;anchois assaisonn\u00e9 (ail et persil) :<\/li>\n<\/ul>\n<p>Plateau 200 gr : 3 pi\u00e8ces<\/p>\n","protected":false},"excerpt":{"rendered":"<p>SOMMAIRE : Filet d&rsquo;anchois \u00e0 l&rsquo;huile : Plateau 200 gr : 3 pi\u00e8ces Filet d&rsquo;anchois au vinaigre : Plateau 200 gr : 3 pi\u00e8ces Filet d&rsquo;anchois assaisonn\u00e9 (ail et persil) : Plateau 200 gr : 3 pi\u00e8ces<\/p>\n","protected":false},"featured_media":15830,"template":"","meta":{"_et_pb_use_builder":"","_et_pb_old_content":"","_et_gb_content_width":""},"product_brand":[1127],"product_cat":[1895,1864],"product_tag":[],"class_list":{"0":"post-18650","1":"product","2":"type-product","3":"status-publish","4":"has-post-thumbnail","6":"product_brand-picarpicar","7":"product_cat-anchois-fr","8":"product_cat-froid","9":"product_shipping_class-expedition-a-froid","11":"first","12":"outofstock","13":"taxable","14":"shipping-taxable","15":"purchasable","16":"product-type-simple"},"_links":{"self":[{"href":"https:\/\/myspainfood.com\/fr\/wp-json\/wp\/v2\/product\/18650","targetHints":{"allow":["GET"]}}],"collection":[{"href":"https:\/\/myspainfood.com\/fr\/wp-json\/wp\/v2\/product"}],"about":[{"href":"https:\/\/myspainfood.com\/fr\/wp-json\/wp\/v2\/types\/product"}],"wp:featuredmedia":[{"embeddable":true,"href":"https:\/\/myspainfood.com\/fr\/wp-json\/wp\/v2\/media\/15830"}],"wp:attachment":[{"href":"https:\/\/myspainfood.com\/fr\/wp-json\/wp\/v2\/media?parent=18650"}],"wp:term":[{"taxonomy":"product_brand","embeddable":true,"href":"https:\/\/myspainfood.com\/fr\/wp-json\/wp\/v2\/product_brand?post=18650"},{"taxonomy":"product_cat","embeddable":true,"href":"https:\/\/myspainfood.com\/fr\/wp-json\/wp\/v2\/product_cat?post=18650"},{"taxonomy":"product_tag","embeddable":true,"href":"https:\/\/myspainfood.com\/fr\/wp-json\/wp\/v2\/product_tag?post=18650"}],"curies":[{"name":"wp","href":"https:\/\/api.w.org\/{rel}","templated":true}]}}