{"id":18987,"date":"2025-04-10T12:16:34","date_gmt":"2025-04-10T10:16:34","guid":{"rendered":"https:\/\/myspainfood.com\/producto\/longe-de-porc-iberique-nourri-aux-glands-50-fili-500-gr\/"},"modified":"2026-01-30T08:25:02","modified_gmt":"2026-01-30T07:25:02","slug":"longe-de-porc-iberique-nourri-aux-glands-50-fili-500-gr","status":"publish","type":"product","link":"https:\/\/myspainfood.com\/fr\/producto\/longe-de-porc-iberique-nourri-aux-glands-50-fili-500-gr\/","title":{"rendered":"Longe de porc ib\u00e9rique nourri au gland 50% - Fili - 500 gr"},"content":{"rendered":"<p>Les 800 grammes de <strong>longe de porc ib\u00e9rique nourri \u00e0 50 % de<\/strong> glands <strong>- FILI<\/strong> sont un d\u00e9lice gastronomique, \u00e9labor\u00e9 \u00e0 partir de porcs ib\u00e9riques de pure race, \u00e9lev\u00e9s en libert\u00e9 et nourris de glands. Ce processus artisanal, associ\u00e9 \u00e0 un affinage minutieux, permet d&rsquo;obtenir une saveur in\u00e9gal\u00e9e et une texture juteuse. Parfait pour les amateurs de produits ib\u00e9riques et riche en acides gras sains.  <\/p>\n<p>Pour en savoir plus sur les bienfaits de la consommation de produits ib\u00e9riques, consultez le site <a href=\"https:\/\/www.jamonlovers.es\" target=\"_new\" rel=\"noopener noreferrer nofollow\" target=\"_blank\">Jam\u00f3n Lovers<\/a>.<\/p>\n<p>D\u00e9couvrez d&rsquo;autres options dans nos cat\u00e9gories de <a href=\"https:\/\/latiendadesami.com\/categoria-producto\/queso-embutido\/\" target=\"_blank\" rel=\"noopener noreferrer nofollow\"><span style=\"color: #2ea3f2;\">Saucisses<\/span><\/a><\/p>\n","protected":false},"excerpt":{"rendered":"<p>Les 800 grammes de longe de porc ib\u00e9rique nourri \u00e0 50 % de glands - FILI sont un d\u00e9lice gastronomique, \u00e9labor\u00e9 \u00e0 partir de porcs ib\u00e9riques de pure race, \u00e9lev\u00e9s en libert\u00e9 et nourris de glands. Ce processus artisanal, associ\u00e9 \u00e0 un affinage minutieux, permet d&rsquo;obtenir une saveur in\u00e9gal\u00e9e et une texture juteuse. Parfait pour [&hellip;]<\/p>\n","protected":false},"featured_media":15461,"template":"","meta":{"_et_pb_use_builder":"","_et_pb_old_content":"","_et_gb_content_width":""},"product_brand":[],"product_cat":[2295,2296],"product_tag":[],"class_list":{"0":"post-18987","1":"product","2":"type-product","3":"status-publish","4":"has-post-thumbnail","6":"product_cat-fromage-et-saucisse","7":"product_cat-saucisse","9":"first","10":"outofstock","11":"taxable","12":"shipping-taxable","13":"purchasable","14":"product-type-simple"},"_links":{"self":[{"href":"https:\/\/myspainfood.com\/fr\/wp-json\/wp\/v2\/product\/18987","targetHints":{"allow":["GET"]}}],"collection":[{"href":"https:\/\/myspainfood.com\/fr\/wp-json\/wp\/v2\/product"}],"about":[{"href":"https:\/\/myspainfood.com\/fr\/wp-json\/wp\/v2\/types\/product"}],"wp:featuredmedia":[{"embeddable":true,"href":"https:\/\/myspainfood.com\/fr\/wp-json\/wp\/v2\/media\/15461"}],"wp:attachment":[{"href":"https:\/\/myspainfood.com\/fr\/wp-json\/wp\/v2\/media?parent=18987"}],"wp:term":[{"taxonomy":"product_brand","embeddable":true,"href":"https:\/\/myspainfood.com\/fr\/wp-json\/wp\/v2\/product_brand?post=18987"},{"taxonomy":"product_cat","embeddable":true,"href":"https:\/\/myspainfood.com\/fr\/wp-json\/wp\/v2\/product_cat?post=18987"},{"taxonomy":"product_tag","embeddable":true,"href":"https:\/\/myspainfood.com\/fr\/wp-json\/wp\/v2\/product_tag?post=18987"}],"curies":[{"name":"wp","href":"https:\/\/api.w.org\/{rel}","templated":true}]}}