{"id":19066,"date":"2025-04-10T12:16:39","date_gmt":"2025-04-10T10:16:39","guid":{"rendered":"https:\/\/myspainfood.com\/producto\/poivrons-piquillos-entiers-extra-rotis-la-joya-del-valle-320gr\/"},"modified":"2026-01-30T14:22:18","modified_gmt":"2026-01-30T13:22:18","slug":"poivrons-piquillos-entiers-extra-rotis-la-joya-del-valle-320gr","status":"publish","type":"product","link":"https:\/\/myspainfood.com\/fr\/producto\/poivrons-piquillos-entiers-extra-rotis-la-joya-del-valle-320gr\/","title":{"rendered":"Poivrons Piquillos entiers extra r\u00f4tis La joya del valle 320gr"},"content":{"rendered":"<p>Ingr\u00e9dients : Piments piquillos, ail, sel et acidifiant : acide citrique, durcisseur : chlorure de calcium.<\/p>\n<p>Une fois ouvert, conserver au r\u00e9frig\u00e9rateur et consommer de pr\u00e9f\u00e9rence dans les 5 jours.<\/p>\n<p>Nous avons la meilleure qualit\u00e9 au meilleur prix.<\/p>\n<p>\u00c9crivez-nous pour plus d&rsquo;informations ou si vous avez des questions sur ce produit ou tout autre produit de notre catalogue.<\/p>\n","protected":false},"excerpt":{"rendered":"<p>Ingr\u00e9dients : Piments piquillos, ail, sel et acidifiant : acide citrique, durcisseur : chlorure de calcium. Une fois ouvert, conserver au r\u00e9frig\u00e9rateur et consommer de pr\u00e9f\u00e9rence dans les 5 jours. Nous avons la meilleure qualit\u00e9 au meilleur prix. \u00c9crivez-nous pour plus d&rsquo;informations ou si vous avez des questions sur ce produit ou tout autre produit [&hellip;]<\/p>\n","protected":false},"featured_media":15596,"template":"","meta":{"_et_pb_use_builder":"","_et_pb_old_content":"","_et_gb_content_width":""},"product_brand":[1129],"product_cat":[1941,2367],"product_tag":[2369,2368],"class_list":{"0":"post-19066","1":"product","2":"type-product","3":"status-publish","4":"has-post-thumbnail","6":"product_brand-mateo","7":"product_cat-conserves","8":"product_cat-poivrons","9":"product_tag-poivre","10":"product_tag-roti","12":"first","13":"outofstock","14":"featured","15":"taxable","16":"shipping-taxable","17":"product-type-variable"},"_links":{"self":[{"href":"https:\/\/myspainfood.com\/fr\/wp-json\/wp\/v2\/product\/19066","targetHints":{"allow":["GET"]}}],"collection":[{"href":"https:\/\/myspainfood.com\/fr\/wp-json\/wp\/v2\/product"}],"about":[{"href":"https:\/\/myspainfood.com\/fr\/wp-json\/wp\/v2\/types\/product"}],"wp:featuredmedia":[{"embeddable":true,"href":"https:\/\/myspainfood.com\/fr\/wp-json\/wp\/v2\/media\/15596"}],"wp:attachment":[{"href":"https:\/\/myspainfood.com\/fr\/wp-json\/wp\/v2\/media?parent=19066"}],"wp:term":[{"taxonomy":"product_brand","embeddable":true,"href":"https:\/\/myspainfood.com\/fr\/wp-json\/wp\/v2\/product_brand?post=19066"},{"taxonomy":"product_cat","embeddable":true,"href":"https:\/\/myspainfood.com\/fr\/wp-json\/wp\/v2\/product_cat?post=19066"},{"taxonomy":"product_tag","embeddable":true,"href":"https:\/\/myspainfood.com\/fr\/wp-json\/wp\/v2\/product_tag?post=19066"}],"curies":[{"name":"wp","href":"https:\/\/api.w.org\/{rel}","templated":true}]}}