{"id":19172,"date":"2025-04-10T12:16:39","date_gmt":"2025-04-10T10:16:39","guid":{"rendered":"https:\/\/myspainfood.com\/producto\/huile-dolive-vierge-extra-viejo-olivar-5-litres-cazorla-jaen\/"},"modified":"2026-01-29T12:36:54","modified_gmt":"2026-01-29T11:36:54","slug":"huile-dolive-vierge-extra-viejo-olivar-5-litres-cazorla-jaen","status":"publish","type":"product","link":"https:\/\/myspainfood.com\/fr\/producto\/huile-dolive-vierge-extra-viejo-olivar-5-litres-cazorla-jaen\/","title":{"rendered":"Huile d&rsquo;olive vierge extra Viejo Olivar 5 litres Cazorla Ja\u00e9n"},"content":{"rendered":"<p>L&rsquo;<strong>huile d&rsquo;olive extra vierge<\/strong> de Ja\u00e9n est l&rsquo;un des produits phares de la gastronomie espagnole, ainsi que notre lettre d&rsquo;introduction dans le monde entier. Acheter de l&rsquo;huile d&rsquo;olive, c&rsquo;est acqu\u00e9rir un produit exceptionnel gr\u00e2ce \u00e0 ses incroyables bienfaits pour la sant\u00e9. De plus, il s&rsquo;agit de l&rsquo;ingr\u00e9dient de base du r\u00e9gime m\u00e9diterran\u00e9en, un ingr\u00e9dient qui ne devrait manquer dans aucune cuisine qui se respecte.  <\/p>\n<p>Parmi les huiles d&rsquo;olive, l&rsquo;huile d&rsquo;olive extra vierge est la plus exceptionnelle pour sa saveur, son ar\u00f4me et ses bienfaits pour l&rsquo;organisme. Elle est riche en vitamines A, D, E et K, pr\u00e9vient le risque d&rsquo;accumulation de cholest\u00e9rol, am\u00e9liore la tension art\u00e9rielle et favorise le transit intestinal. Pour toutes ces raisons, acheter de l&rsquo;huile d&rsquo;olive extra vierge sera toujours la meilleure option pour votre sant\u00e9 et votre palais.  <\/p>\n<p>\u00c0 Ja\u00e9n, nous sommes fiers d&rsquo;\u00eatre les plus grands producteurs d&rsquo;huile d&rsquo;olive au monde, et les huiles d&rsquo;olive vierges extra de nos terres sont, sans aucun doute, les plus c\u00e9l\u00e8bres au niveau national et international, et de la plus haute qualit\u00e9 que l&rsquo;on puisse acheter.<\/p>\n","protected":false},"excerpt":{"rendered":"<p>L&rsquo;huile d&rsquo;olive extra vierge de Ja\u00e9n est l&rsquo;un des produits phares de la gastronomie espagnole, ainsi que notre lettre d&rsquo;introduction dans le monde entier. Acheter de l&rsquo;huile d&rsquo;olive, c&rsquo;est acqu\u00e9rir un produit exceptionnel gr\u00e2ce \u00e0 ses incroyables bienfaits pour la sant\u00e9. De plus, il s&rsquo;agit de l&rsquo;ingr\u00e9dient de base du r\u00e9gime m\u00e9diterran\u00e9en, un ingr\u00e9dient qui [&hellip;]<\/p>\n","protected":false},"featured_media":15173,"template":"","meta":{"_et_pb_use_builder":"","_et_pb_old_content":"","_et_gb_content_width":""},"product_brand":[1221],"product_cat":[2591,2592],"product_tag":[2593],"class_list":{"0":"post-19172","1":"product","2":"type-product","3":"status-publish","4":"has-post-thumbnail","6":"product_brand-valdezarza","7":"product_cat-huile","8":"product_cat-olive-extra-vierge","9":"product_tag-huile","11":"first","12":"outofstock","13":"featured","14":"taxable","15":"shipping-taxable","16":"product-type-variable"},"_links":{"self":[{"href":"https:\/\/myspainfood.com\/fr\/wp-json\/wp\/v2\/product\/19172","targetHints":{"allow":["GET"]}}],"collection":[{"href":"https:\/\/myspainfood.com\/fr\/wp-json\/wp\/v2\/product"}],"about":[{"href":"https:\/\/myspainfood.com\/fr\/wp-json\/wp\/v2\/types\/product"}],"wp:featuredmedia":[{"embeddable":true,"href":"https:\/\/myspainfood.com\/fr\/wp-json\/wp\/v2\/media\/15173"}],"wp:attachment":[{"href":"https:\/\/myspainfood.com\/fr\/wp-json\/wp\/v2\/media?parent=19172"}],"wp:term":[{"taxonomy":"product_brand","embeddable":true,"href":"https:\/\/myspainfood.com\/fr\/wp-json\/wp\/v2\/product_brand?post=19172"},{"taxonomy":"product_cat","embeddable":true,"href":"https:\/\/myspainfood.com\/fr\/wp-json\/wp\/v2\/product_cat?post=19172"},{"taxonomy":"product_tag","embeddable":true,"href":"https:\/\/myspainfood.com\/fr\/wp-json\/wp\/v2\/product_tag?post=19172"}],"curies":[{"name":"wp","href":"https:\/\/api.w.org\/{rel}","templated":true}]}}