{"id":19216,"date":"2025-04-10T12:16:41","date_gmt":"2025-04-10T10:16:41","guid":{"rendered":"https:\/\/myspainfood.com\/producto\/jambon-iberique-cebo-huelva-sn-finca-6-kg-environ\/"},"modified":"2026-01-30T14:27:46","modified_gmt":"2026-01-30T13:27:46","slug":"jambon-iberique-cebo-huelva-sn-finca-6-kg-environ","status":"publish","type":"product","link":"https:\/\/myspainfood.com\/fr\/producto\/jambon-iberique-cebo-huelva-sn-finca-6-kg-environ\/","title":{"rendered":"Jambon ib\u00e9rique Cebo Huelva - SN Finca - 6 kg (Environ)"},"content":{"rendered":"<p>Le jambon ib\u00e9rique Cebo Huelva - SN Finca - 6 kg est une pi\u00e8ce d&rsquo;excellente qualit\u00e9, s\u00e9ch\u00e9e dans des s\u00e9choirs naturels \u00e0 Huelva, selon un processus de s\u00e9chage traditionnel qui lui conf\u00e8re son ar\u00f4me caract\u00e9ristique, ainsi que sa saveur bien connue. Ce soin fait de cette pi\u00e8ce un d\u00e9lice pour les amateurs de jambon ib\u00e9rique.<\/p>\n<h3><strong>Caract\u00e9ristiques du jambon ib\u00e9rique Cebo Huelva<\/strong><\/h3>\n<ol>\n<li><strong>Provenance garantie<\/strong>\n<p>Ce jambon est produit \u00e0 Huelva, une r\u00e9gion r\u00e9put\u00e9e dans le monde entier pour son climat id\u00e9al pour l&rsquo;affinage des jambons. La Sierra de Huelva offre un \u00e9quilibre parfait entre l&rsquo;humidit\u00e9 et la temp\u00e9rature, ce qui permet d&rsquo;obtenir un jambon \u00e0 l&rsquo;affinage optimal. <\/li>\n<li><strong>Qualit\u00e9 certifi\u00e9e<\/strong>\n<p>Chaque pi\u00e8ce est soumise \u00e0 des contr\u00f4les de qualit\u00e9 stricts. SN Finca garantit un produit d&rsquo;origine tra\u00e7able, assurant au consommateur le meilleur de la tradition ib\u00e9rique. <\/li>\n<li><strong>Affinage prolong\u00e9<\/strong>\n<p>Affin\u00e9 pendant environ 24 mois, ce jambon d\u00e9veloppe une saveur complexe et un ar\u00f4me unique qui captive les sens d\u00e8s la premi\u00e8re coupe.<\/li>\n<li><strong>Poids id\u00e9al<\/strong>\n<p>Avec <strong>6 kg (environ)<\/strong>, ce jambon est parfait pour les familles et les r\u00e9unions sp\u00e9ciales, offrant un excellent rapport quantit\u00e9\/qualit\u00e9.<\/li>\n<li><strong>Pr\u00e9sentation exceptionnelle<\/strong>\n<p>Sa coupe r\u00e9v\u00e8le un persillage caract\u00e9ristique, signe incontestable de sa qualit\u00e9. L&rsquo;\u00e9quilibre entre la graisse infiltr\u00e9e et la viande garantit une exp\u00e9rience gustative unique dans chaque tranche. <\/li>\n<\/ol>\n<p>Vous pouvez jeter un coup d&rsquo;\u0153il \u00e0 notre s\u00e9lection de saucisses, vous <a href=\"https:\/\/latiendadesami.com\/categoria-producto\/queso-embutido\/\" target=\"_blank\" rel=\"noopener noreferrer nofollow\">y<\/a> trouverez des produits gastronomiques, parfaits pour \u00eatre d\u00e9gust\u00e9s en famille ou entre amis.<\/p>\n","protected":false},"excerpt":{"rendered":"<p>Le jambon ib\u00e9rique Cebo Huelva - SN Finca - 6 kg est une pi\u00e8ce d&rsquo;excellente qualit\u00e9, s\u00e9ch\u00e9e dans des s\u00e9choirs naturels \u00e0 Huelva, selon un processus de s\u00e9chage traditionnel qui lui conf\u00e8re son ar\u00f4me caract\u00e9ristique, ainsi que sa saveur bien connue. Ce soin fait de cette pi\u00e8ce un d\u00e9lice pour les amateurs de jambon ib\u00e9rique. [&hellip;]<\/p>\n","protected":false},"featured_media":15578,"template":"","meta":{"_et_pb_use_builder":"","_et_pb_old_content":"","_et_gb_content_width":""},"product_brand":[],"product_cat":[2193],"product_tag":[],"class_list":{"0":"post-19216","1":"product","2":"type-product","3":"status-publish","4":"has-post-thumbnail","6":"product_cat-categorie-dessai","8":"first","9":"outofstock","10":"taxable","11":"shipping-taxable","12":"purchasable","13":"product-type-simple"},"_links":{"self":[{"href":"https:\/\/myspainfood.com\/fr\/wp-json\/wp\/v2\/product\/19216","targetHints":{"allow":["GET"]}}],"collection":[{"href":"https:\/\/myspainfood.com\/fr\/wp-json\/wp\/v2\/product"}],"about":[{"href":"https:\/\/myspainfood.com\/fr\/wp-json\/wp\/v2\/types\/product"}],"wp:featuredmedia":[{"embeddable":true,"href":"https:\/\/myspainfood.com\/fr\/wp-json\/wp\/v2\/media\/15578"}],"wp:attachment":[{"href":"https:\/\/myspainfood.com\/fr\/wp-json\/wp\/v2\/media?parent=19216"}],"wp:term":[{"taxonomy":"product_brand","embeddable":true,"href":"https:\/\/myspainfood.com\/fr\/wp-json\/wp\/v2\/product_brand?post=19216"},{"taxonomy":"product_cat","embeddable":true,"href":"https:\/\/myspainfood.com\/fr\/wp-json\/wp\/v2\/product_cat?post=19216"},{"taxonomy":"product_tag","embeddable":true,"href":"https:\/\/myspainfood.com\/fr\/wp-json\/wp\/v2\/product_tag?post=19216"}],"curies":[{"name":"wp","href":"https:\/\/api.w.org\/{rel}","templated":true}]}}