{"id":19289,"date":"2025-04-10T12:16:47","date_gmt":"2025-04-10T10:16:47","guid":{"rendered":"https:\/\/myspainfood.com\/producto\/lot-1c-anchois-anchois-et-harengs-picarpicar\/"},"modified":"2026-01-13T13:55:57","modified_gmt":"2026-01-13T12:55:57","slug":"lot-1c-anchois-anchois-et-harengs-picarpicar","status":"publish","type":"product","link":"https:\/\/myspainfood.com\/fr\/producto\/lot-1c-anchois-anchois-et-harengs-picarpicar\/","title":{"rendered":"lot 1c - anchois, anchois et harengs Picar&amp;Picar"},"content":{"rendered":"<p>LOT 1C : Conserves de poisson de premi\u00e8re qualit\u00e9, lot compos\u00e9 de : Filet d&rsquo;anchois 45g (3 pi\u00e8ces), Filet d&rsquo;anchois de Cantabrie 120g (1 pi\u00e8ce), Filet d&rsquo;anchois \u00e0 l&rsquo;huile 200g (1 pi\u00e8ce), Filet de hareng 220g (1 pi\u00e8ce) et Filet de hareng aux olives 220g (1 pi\u00e8ce).<\/p>\n<p>SOMMAIRE :<\/p>\n<ul>\n<li>Filet d&rsquo;anchois :<\/li>\n<\/ul>\n<p>Tripack 120 gr : 3 pi\u00e8ces<\/p>\n<ul>\n<li>Filet d&rsquo;anchois du golfe de Gascogne :<\/li>\n<\/ul>\n<p>Plateau 120 gr : 1 pc<\/p>\n<ul>\n<li>Filet d&rsquo;anchois \u00e0 l&rsquo;huile :<\/li>\n<\/ul>\n<p>Plateau 200 gr : 1 pc<\/p>\n<ul>\n<li>Filet d&rsquo;anchois au vinaigre :<\/li>\n<\/ul>\n<p>Plateau 200 gr : 2 pi\u00e8ces<\/p>\n<ul>\n<li>Filets de hareng :<\/li>\n<\/ul>\n<p>Plateau 220 gr : 1 pi\u00e8ce<\/p>\n<ul>\n<li>Filets de hareng avec olives :<\/li>\n<\/ul>\n<p>Plateau 220 gr : 1 pi\u00e8ce<\/p>\n","protected":false},"excerpt":{"rendered":"<p>LOT 1C : Conserves de poisson de premi\u00e8re qualit\u00e9, lot compos\u00e9 de : Filet d&rsquo;anchois 45g (3 pi\u00e8ces), Filet d&rsquo;anchois de Cantabrie 120g (1 pi\u00e8ce), Filet d&rsquo;anchois \u00e0 l&rsquo;huile 200g (1 pi\u00e8ce), Filet de hareng 220g (1 pi\u00e8ce) et Filet de hareng aux olives 220g (1 pi\u00e8ce). SOMMAIRE : Filet d&rsquo;anchois : Tripack 120 gr [&hellip;]<\/p>\n","protected":false},"featured_media":15731,"template":"","meta":{"_et_pb_use_builder":"","_et_pb_old_content":"","_et_gb_content_width":""},"product_brand":[1127],"product_cat":[1895,1864],"product_tag":[],"class_list":{"0":"post-19289","1":"product","2":"type-product","3":"status-publish","4":"has-post-thumbnail","6":"product_brand-picarpicar","7":"product_cat-anchois-fr","8":"product_cat-froid","9":"product_shipping_class-expedition-a-froid","11":"first","12":"outofstock","13":"taxable","14":"shipping-taxable","15":"purchasable","16":"product-type-simple"},"_links":{"self":[{"href":"https:\/\/myspainfood.com\/fr\/wp-json\/wp\/v2\/product\/19289","targetHints":{"allow":["GET"]}}],"collection":[{"href":"https:\/\/myspainfood.com\/fr\/wp-json\/wp\/v2\/product"}],"about":[{"href":"https:\/\/myspainfood.com\/fr\/wp-json\/wp\/v2\/types\/product"}],"wp:featuredmedia":[{"embeddable":true,"href":"https:\/\/myspainfood.com\/fr\/wp-json\/wp\/v2\/media\/15731"}],"wp:attachment":[{"href":"https:\/\/myspainfood.com\/fr\/wp-json\/wp\/v2\/media?parent=19289"}],"wp:term":[{"taxonomy":"product_brand","embeddable":true,"href":"https:\/\/myspainfood.com\/fr\/wp-json\/wp\/v2\/product_brand?post=19289"},{"taxonomy":"product_cat","embeddable":true,"href":"https:\/\/myspainfood.com\/fr\/wp-json\/wp\/v2\/product_cat?post=19289"},{"taxonomy":"product_tag","embeddable":true,"href":"https:\/\/myspainfood.com\/fr\/wp-json\/wp\/v2\/product_tag?post=19289"}],"curies":[{"name":"wp","href":"https:\/\/api.w.org\/{rel}","templated":true}]}}