{"id":19322,"date":"2025-04-10T12:16:48","date_gmt":"2025-04-10T10:16:48","guid":{"rendered":"https:\/\/myspainfood.com\/producto\/lot-1d-chop-chop\/"},"modified":"2026-01-13T13:56:45","modified_gmt":"2026-01-13T12:56:45","slug":"lot-1d-chop-chop","status":"publish","type":"product","link":"https:\/\/myspainfood.com\/fr\/producto\/lot-1d-chop-chop\/","title":{"rendered":"lot 1d Chop &amp; Chop"},"content":{"rendered":"<p>LOT 1D : Conserves de poisson de premi\u00e8re qualit\u00e9, lot compos\u00e9 de : Filet d&rsquo;anchois \u00e0 l&rsquo;huile 200 gr (1 pi\u00e8ce), Filet d&rsquo;anchois au vinaigre 200 gr (1 pi\u00e8ce), Filet d&rsquo;anchois \u00e0 l&rsquo;ail et au persil 200 gr (1 pi\u00e8ce), Pavillon d&rsquo;anchois 220 gr (3 pi\u00e8ces), Filet de hareng 220 gr (1 pi\u00e8ce) et Filet de hareng aux olives 220 gr (1 pi\u00e8ce).<\/p>\n<p>SOMMAIRE :<\/p>\n<ul>\n<li>Filet d&rsquo;anchois \u00e0 l&rsquo;huile :<\/li>\n<\/ul>\n<p>Plateau 200 gr : 1 pc<\/p>\n<ul>\n<li>Filet d&rsquo;anchois au vinaigre :<\/li>\n<\/ul>\n<p>Plateau 200 gr : 1 pc<\/p>\n<ul>\n<li>Filet d&rsquo;anchois assaisonn\u00e9 (ail et persil) :<\/li>\n<\/ul>\n<p>Plateau 200 gr : 1 pc<\/p>\n<ul>\n<li>Banderilla de boquer\u00f3n :<\/li>\n<\/ul>\n<p>Plateau 220 gr : 3 pi\u00e8ces<\/p>\n<ul>\n<li>Filets de hareng :<\/li>\n<\/ul>\n<p>Plateau 220 gr : 1 pi\u00e8ce<\/p>\n<ul>\n<li>Filets de hareng avec olives :<\/li>\n<\/ul>\n<p>Plateau 220 gr : 1 pi\u00e8ce<\/p>\n","protected":false},"excerpt":{"rendered":"<p>LOT 1D : Conserves de poisson de premi\u00e8re qualit\u00e9, lot compos\u00e9 de : Filet d&rsquo;anchois \u00e0 l&rsquo;huile 200 gr (1 pi\u00e8ce), Filet d&rsquo;anchois au vinaigre 200 gr (1 pi\u00e8ce), Filet d&rsquo;anchois \u00e0 l&rsquo;ail et au persil 200 gr (1 pi\u00e8ce), Pavillon d&rsquo;anchois 220 gr (3 pi\u00e8ces), Filet de hareng 220 gr (1 pi\u00e8ce) et Filet [&hellip;]<\/p>\n","protected":false},"featured_media":15758,"template":"","meta":{"_et_pb_use_builder":"","_et_pb_old_content":"","_et_gb_content_width":""},"product_brand":[1127],"product_cat":[1895,1864],"product_tag":[],"class_list":{"0":"post-19322","1":"product","2":"type-product","3":"status-publish","4":"has-post-thumbnail","6":"product_brand-picarpicar","7":"product_cat-anchois-fr","8":"product_cat-froid","9":"product_shipping_class-expedition-a-froid","11":"first","12":"outofstock","13":"taxable","14":"shipping-taxable","15":"purchasable","16":"product-type-simple"},"_links":{"self":[{"href":"https:\/\/myspainfood.com\/fr\/wp-json\/wp\/v2\/product\/19322","targetHints":{"allow":["GET"]}}],"collection":[{"href":"https:\/\/myspainfood.com\/fr\/wp-json\/wp\/v2\/product"}],"about":[{"href":"https:\/\/myspainfood.com\/fr\/wp-json\/wp\/v2\/types\/product"}],"wp:featuredmedia":[{"embeddable":true,"href":"https:\/\/myspainfood.com\/fr\/wp-json\/wp\/v2\/media\/15758"}],"wp:attachment":[{"href":"https:\/\/myspainfood.com\/fr\/wp-json\/wp\/v2\/media?parent=19322"}],"wp:term":[{"taxonomy":"product_brand","embeddable":true,"href":"https:\/\/myspainfood.com\/fr\/wp-json\/wp\/v2\/product_brand?post=19322"},{"taxonomy":"product_cat","embeddable":true,"href":"https:\/\/myspainfood.com\/fr\/wp-json\/wp\/v2\/product_cat?post=19322"},{"taxonomy":"product_tag","embeddable":true,"href":"https:\/\/myspainfood.com\/fr\/wp-json\/wp\/v2\/product_tag?post=19322"}],"curies":[{"name":"wp","href":"https:\/\/api.w.org\/{rel}","templated":true}]}}