{"id":19356,"date":"2025-04-10T12:16:18","date_gmt":"2025-04-10T10:16:18","guid":{"rendered":"https:\/\/myspainfood.com\/producto\/sardines-a-lhuile-de-tournesol-rias-baixas-855-g\/"},"modified":"2026-01-30T14:37:07","modified_gmt":"2026-01-30T13:37:07","slug":"sardines-a-lhuile-de-tournesol-rias-baixas-855-g","status":"publish","type":"product","link":"https:\/\/myspainfood.com\/fr\/producto\/sardines-a-lhuile-de-tournesol-rias-baixas-855-g\/","title":{"rendered":"Sardines \u00e0 l&rsquo;huile de tournesol - Rias Baixas - 855 g"},"content":{"rendered":"<h3><strong>Sardines \u00e0 l&rsquo;huile de tournesol - R\u00edas Baixas - 855 g<\/strong><\/h3>\n<p>Les <strong>sardines \u00e0 l&rsquo;huile de tournesol de R\u00edas Baixas<\/strong> sont soigneusement s\u00e9lectionn\u00e9es et conditionn\u00e9es pour pr\u00e9server leur fra\u00eecheur et leur saveur naturelle, afin que vous puissiez profiter de toute leur saveur. Id\u00e9ales pour les salades, les hors-d&rsquo;\u0153uvre ou les recettes traditionnelles, elles se distinguent par leur texture tendre et leur go\u00fbt exquis en bouche. <\/p>\n<p>N&rsquo;h\u00e9sitez plus et offrez-vous les meilleures sardines. D\u00e9couvrez notre s\u00e9lection de <a href=\"https:\/\/latiendadesami.com\/categoria-producto\/conservas\/\" target=\"_blank\" rel=\"noopener noreferrer nofollow\"><b>conserves<\/b> <\/a>  <\/p>\n<h4><strong>Pourquoi les choisir ?<\/strong><\/h4>\n<ul>\n<li><strong>Origine garantie !<\/strong>  Pris dans les eaux propres et riches de l&rsquo;Atlantique, dans les R\u00edas Baixas de Galice.<\/li>\n<li><strong>Huile de tournesol de premi\u00e8re qualit\u00e9, qui apporte<\/strong>douceur et \u00e9quilibre \u00e0 la saveur.<\/li>\n<li><strong>Format<\/strong>: bo\u00eete de 855 g, id\u00e9ale pour les familles ou les \u00e9v\u00e9nements sp\u00e9ciaux.<\/li>\n<\/ul>\n","protected":false},"excerpt":{"rendered":"<p>Sardines \u00e0 l&rsquo;huile de tournesol - R\u00edas Baixas - 855 g Les sardines \u00e0 l&rsquo;huile de tournesol de R\u00edas Baixas sont soigneusement s\u00e9lectionn\u00e9es et conditionn\u00e9es pour pr\u00e9server leur fra\u00eecheur et leur saveur naturelle, afin que vous puissiez profiter de toute leur saveur. Id\u00e9ales pour les salades, les hors-d&rsquo;\u0153uvre ou les recettes traditionnelles, elles se distinguent [&hellip;]<\/p>\n","protected":false},"featured_media":15542,"template":"","meta":{"_et_pb_use_builder":"","_et_pb_old_content":"","_et_gb_content_width":""},"product_brand":[],"product_cat":[1941],"product_tag":[],"class_list":{"0":"post-19356","1":"product","2":"type-product","3":"status-publish","4":"has-post-thumbnail","6":"product_cat-conserves","8":"first","9":"outofstock","10":"taxable","11":"shipping-taxable","12":"product-type-variable"},"_links":{"self":[{"href":"https:\/\/myspainfood.com\/fr\/wp-json\/wp\/v2\/product\/19356","targetHints":{"allow":["GET"]}}],"collection":[{"href":"https:\/\/myspainfood.com\/fr\/wp-json\/wp\/v2\/product"}],"about":[{"href":"https:\/\/myspainfood.com\/fr\/wp-json\/wp\/v2\/types\/product"}],"wp:featuredmedia":[{"embeddable":true,"href":"https:\/\/myspainfood.com\/fr\/wp-json\/wp\/v2\/media\/15542"}],"wp:attachment":[{"href":"https:\/\/myspainfood.com\/fr\/wp-json\/wp\/v2\/media?parent=19356"}],"wp:term":[{"taxonomy":"product_brand","embeddable":true,"href":"https:\/\/myspainfood.com\/fr\/wp-json\/wp\/v2\/product_brand?post=19356"},{"taxonomy":"product_cat","embeddable":true,"href":"https:\/\/myspainfood.com\/fr\/wp-json\/wp\/v2\/product_cat?post=19356"},{"taxonomy":"product_tag","embeddable":true,"href":"https:\/\/myspainfood.com\/fr\/wp-json\/wp\/v2\/product_tag?post=19356"}],"curies":[{"name":"wp","href":"https:\/\/api.w.org\/{rel}","templated":true}]}}