{"id":19391,"date":"2025-04-10T12:16:20","date_gmt":"2025-04-10T10:16:20","guid":{"rendered":"https:\/\/myspainfood.com\/producto\/huile-dolive-extra-vierge-lot-de-3-carafes-viejo-olivas-15-l\/"},"modified":"2026-01-29T12:35:21","modified_gmt":"2026-01-29T11:35:21","slug":"huile-dolive-extra-vierge-lot-de-3-carafes-viejo-olivas-15-l","status":"publish","type":"product","link":"https:\/\/myspainfood.com\/fr\/producto\/huile-dolive-extra-vierge-lot-de-3-carafes-viejo-olivas-15-l\/","title":{"rendered":"Huile d&rsquo;olive extra vierge - Lot de 3 carafes - Viejo Olivas - 15 L"},"content":{"rendered":"<h3><strong>Huile d&rsquo;olive extra vierge - Lot de 3 carafes - Viejo Olivas - 15 L<\/strong><\/h3>\n<p>D\u00e9couvrez la richesse de la saveur m\u00e9diterran\u00e9enne avec le <strong>pack d&rsquo;huile d&rsquo;olive extra vierge Viejo Olivas<\/strong>, qui comprend trois bouteilles de 5 litres. Cette huile est le r\u00e9sultat d&rsquo;une s\u00e9lection rigoureuse d&rsquo;olives de la plus haute qualit\u00e9, cultiv\u00e9es dans des oliveraies traditionnelles. Son <strong>processus d&rsquo;extraction \u00e0 froid<\/strong> garantit que chaque goutte conserve toutes les propri\u00e9t\u00e9s nutritionnelles et la saveur exceptionnelle qui caract\u00e9risent une v\u00e9ritable huile d&rsquo;olive vierge extra.  <\/p>\n<p>Chaque carafe de 5 litres est con\u00e7ue pour r\u00e9pondre aux besoins des chefs et des amateurs de cuisine. Avec un ar\u00f4me fruit\u00e9 et un palais \u00e9quilibr\u00e9, cette huile est parfaite pour rehausser la saveur de vos salades, marinades et rago\u00fbts. Id\u00e9ale pour un usage quotidien, son format de 15 litres permet de r\u00e9aliser des \u00e9conomies significatives sans compromettre la qualit\u00e9, vous assurant d&rsquo;avoir toujours \u00e0 port\u00e9e de main cet ingr\u00e9dient essentiel de la cuisine m\u00e9diterran\u00e9enne.  <\/p>\n<p><strong>Pourquoi choisir l&rsquo;huile d&rsquo;olive extra vierge Viejo Olivas ?<\/strong><\/p>\n<ul>\n<li><strong>Qualit\u00e9 sup\u00e9rieure<\/strong>: chaque carafe est fabriqu\u00e9e \u00e0 partir d&rsquo;olives s\u00e9lectionn\u00e9es, ce qui permet d&rsquo;obtenir une huile au go\u00fbt intense et aux propri\u00e9t\u00e9s b\u00e9n\u00e9fiques pour la sant\u00e9.<\/li>\n<li><strong>Utilisation polyvalente<\/strong>: parfait pour cuisiner, assaisonner et ajouter une touche sp\u00e9ciale \u00e0 vos plats.<\/li>\n<li><strong>Efficacit\u00e9 \u00e9conomique<\/strong>: en achetant un paquet, vous b\u00e9n\u00e9ficiez d&rsquo;un excellent rapport qualit\u00e9-prix, id\u00e9al pour les familles ou les entreprises du secteur de l&rsquo;h\u00f4tellerie et de la restauration.<\/li>\n<\/ul>\n<p>Par ailleurs, si vous souhaitez en savoir plus sur les bienfaits de l&rsquo;huile <a target=\"_new\" rel=\"noopener\">d&rsquo;olive, visitez notre section sur les bienfaits de l&rsquo;huile d&rsquo;olive<\/a> et d\u00e9couvrez comment elle peut am\u00e9liorer votre sant\u00e9 et vos recettes. Pour un choix plus large, consultez notre cat\u00e9gorie <a target=\"_new\" rel=\"noopener\">huiles et vinaigres<\/a>, o\u00f9 vous trouverez d&rsquo;autres produits de haute qualit\u00e9 qui compl\u00e8teront parfaitement votre cuisine.<\/p>\n<p>En optant pour le <strong>paquet d&rsquo;huile d&rsquo;olive extra vierge Viejo Olivas<\/strong>, vous choisissez non seulement la qualit\u00e9 et le go\u00fbt, mais vous soutenez \u00e9galement des pratiques agricoles durables et responsables. Saisissez l&rsquo;occasion d&rsquo;apporter le meilleur de la tradition m\u00e9diterran\u00e9enne \u00e0 votre table, commandez aujourd&rsquo;hui et transformez chaque repas en une exp\u00e9rience gastronomique !  <\/p>\n","protected":false},"excerpt":{"rendered":"<p>Huile d&rsquo;olive extra vierge - Lot de 3 carafes - Viejo Olivas - 15 L D\u00e9couvrez la richesse de la saveur m\u00e9diterran\u00e9enne avec le pack d&rsquo;huile d&rsquo;olive extra vierge Viejo Olivas, qui comprend trois bouteilles de 5 litres. Cette huile est le r\u00e9sultat d&rsquo;une s\u00e9lection rigoureuse d&rsquo;olives de la plus haute qualit\u00e9, cultiv\u00e9es dans des [&hellip;]<\/p>\n","protected":false},"featured_media":15173,"template":"","meta":{"_et_pb_use_builder":"","_et_pb_old_content":"","_et_gb_content_width":""},"product_brand":[1221],"product_cat":[2591,2592],"product_tag":[2593],"class_list":{"0":"post-19391","1":"product","2":"type-product","3":"status-publish","4":"has-post-thumbnail","6":"product_brand-valdezarza","7":"product_cat-huile","8":"product_cat-olive-extra-vierge","9":"product_tag-huile","11":"first","12":"outofstock","13":"featured","14":"taxable","15":"shipping-taxable","16":"purchasable","17":"product-type-simple"},"_links":{"self":[{"href":"https:\/\/myspainfood.com\/fr\/wp-json\/wp\/v2\/product\/19391","targetHints":{"allow":["GET"]}}],"collection":[{"href":"https:\/\/myspainfood.com\/fr\/wp-json\/wp\/v2\/product"}],"about":[{"href":"https:\/\/myspainfood.com\/fr\/wp-json\/wp\/v2\/types\/product"}],"wp:featuredmedia":[{"embeddable":true,"href":"https:\/\/myspainfood.com\/fr\/wp-json\/wp\/v2\/media\/15173"}],"wp:attachment":[{"href":"https:\/\/myspainfood.com\/fr\/wp-json\/wp\/v2\/media?parent=19391"}],"wp:term":[{"taxonomy":"product_brand","embeddable":true,"href":"https:\/\/myspainfood.com\/fr\/wp-json\/wp\/v2\/product_brand?post=19391"},{"taxonomy":"product_cat","embeddable":true,"href":"https:\/\/myspainfood.com\/fr\/wp-json\/wp\/v2\/product_cat?post=19391"},{"taxonomy":"product_tag","embeddable":true,"href":"https:\/\/myspainfood.com\/fr\/wp-json\/wp\/v2\/product_tag?post=19391"}],"curies":[{"name":"wp","href":"https:\/\/api.w.org\/{rel}","templated":true}]}}