{"id":19455,"date":"2025-04-10T12:16:30","date_gmt":"2025-04-10T10:16:30","guid":{"rendered":"https:\/\/myspainfood.com\/producto\/longe-de-porc-100-iberique-nourri-aux-glands-fili-500-gr\/"},"modified":"2026-01-29T13:12:22","modified_gmt":"2026-01-29T12:12:22","slug":"longe-de-porc-100-iberique-nourri-aux-glands-fili-500-gr","status":"publish","type":"product","link":"https:\/\/myspainfood.com\/fr\/producto\/longe-de-porc-100-iberique-nourri-aux-glands-fili-500-gr\/","title":{"rendered":"Longe de porc 100% ib\u00e9rique nourri aux glands - FILI - 500 gr"},"content":{"rendered":"<h3>Longe de porc 100% ib\u00e9rique nourri aux glands - FILI - 800 gr<\/h3>\n<p>La <strong>longe de porc 100% ib\u00e9rique nourri aux glands - FILI<\/strong> de 800 grammes est un d\u00e9lice gastronomique, \u00e9labor\u00e9 \u00e0 partir de porcs ib\u00e9riques de pure race, \u00e9lev\u00e9s \u00e0 l&rsquo;\u00e9tat sauvage et nourris aux glands. Ce processus artisanal, associ\u00e9 \u00e0 un affinage minutieux, permet d&rsquo;obtenir une saveur in\u00e9gal\u00e9e et une texture juteuse. Parfait pour les amateurs de produits ib\u00e9riques et riche en acides gras sains.  <\/p>\n<p>Pour en savoir plus sur les bienfaits de la consommation de produits ib\u00e9riques, consultez le site <a href=\"https:\/\/www.jamonlovers.es\" target=\"_new\" rel=\"noopener noreferrer nofollow\" target=\"_blank\">Jam\u00f3n Lovers<\/a>.<\/p>\n<p>D\u00e9couvrez d&rsquo;autres options dans nos cat\u00e9gories de <a href=\"https:\/\/latiendadesami.com\/categoria-producto\/queso-embutido\/\" target=\"_blank\" rel=\"noopener noreferrer nofollow\"><span style=\"color: #2ea3f2;\">Saucisses<\/span><\/a><\/p>\n","protected":false},"excerpt":{"rendered":"<p>Longe de porc 100% ib\u00e9rique nourri aux glands - FILI - 800 gr La longe de porc 100% ib\u00e9rique nourri aux glands - FILI de 800 grammes est un d\u00e9lice gastronomique, \u00e9labor\u00e9 \u00e0 partir de porcs ib\u00e9riques de pure race, \u00e9lev\u00e9s \u00e0 l&rsquo;\u00e9tat sauvage et nourris aux glands. Ce processus artisanal, associ\u00e9 \u00e0 un affinage [&hellip;]<\/p>\n","protected":false},"featured_media":15389,"template":"","meta":{"_et_pb_use_builder":"","_et_pb_old_content":"","_et_gb_content_width":""},"product_brand":[1388],"product_cat":[2295,2296],"product_tag":[],"class_list":{"0":"post-19455","1":"product","2":"type-product","3":"status-publish","4":"has-post-thumbnail","6":"product_brand-fili","7":"product_cat-fromage-et-saucisse","8":"product_cat-saucisse","10":"first","11":"outofstock","12":"taxable","13":"shipping-taxable","14":"purchasable","15":"product-type-simple"},"_links":{"self":[{"href":"https:\/\/myspainfood.com\/fr\/wp-json\/wp\/v2\/product\/19455","targetHints":{"allow":["GET"]}}],"collection":[{"href":"https:\/\/myspainfood.com\/fr\/wp-json\/wp\/v2\/product"}],"about":[{"href":"https:\/\/myspainfood.com\/fr\/wp-json\/wp\/v2\/types\/product"}],"wp:featuredmedia":[{"embeddable":true,"href":"https:\/\/myspainfood.com\/fr\/wp-json\/wp\/v2\/media\/15389"}],"wp:attachment":[{"href":"https:\/\/myspainfood.com\/fr\/wp-json\/wp\/v2\/media?parent=19455"}],"wp:term":[{"taxonomy":"product_brand","embeddable":true,"href":"https:\/\/myspainfood.com\/fr\/wp-json\/wp\/v2\/product_brand?post=19455"},{"taxonomy":"product_cat","embeddable":true,"href":"https:\/\/myspainfood.com\/fr\/wp-json\/wp\/v2\/product_cat?post=19455"},{"taxonomy":"product_tag","embeddable":true,"href":"https:\/\/myspainfood.com\/fr\/wp-json\/wp\/v2\/product_tag?post=19455"}],"curies":[{"name":"wp","href":"https:\/\/api.w.org\/{rel}","templated":true}]}}