{"id":19729,"date":"2025-04-10T12:14:40","date_gmt":"2025-04-10T10:14:40","guid":{"rendered":"https:\/\/myspainfood.com\/producto\/filets-de-maquereau-du-sud-ubago-a-lhuile-dolive-105-gr\/"},"modified":"2026-01-30T14:23:53","modified_gmt":"2026-01-30T13:23:53","slug":"filets-de-maquereau-du-sud-ubago-a-lhuile-dolive-105-gr","status":"publish","type":"product","link":"https:\/\/myspainfood.com\/fr\/producto\/filets-de-maquereau-du-sud-ubago-a-lhuile-dolive-105-gr\/","title":{"rendered":"Filets de maquereau du sud - Ubago - A l&rsquo;huile d&rsquo;olive - 105 gr"},"content":{"rendered":"<h3><strong>Filets de maquereau du sud d&rsquo;Ubago \u00e0 l&rsquo;huile d&rsquo;olive - Qualit\u00e9 et saveur traditionnelles<\/strong><\/h3>\n<p>D\u00e9couvrez les <strong>filets de maquereau du sud \u00e0 l&rsquo;huile d&rsquo;olive d&rsquo;<a href=\"https:\/\/ubagogroup.com\/\" target=\"_blank\" rel=\"noopener noreferrer nofollow\">Ubago<\/a><\/strong>, un mets riche en <a href=\"https:\/\/nutribiotica.es\/digestivo-y-nutricion\/omega-3-para-que-sirve\/\" target=\"_blank\" rel=\"noopener noreferrer nofollow\"><strong>om\u00e9ga-3<\/strong><\/a> et de prot\u00e9ines. Cette conserve gastronomique propose des maquereaux p\u00each\u00e9s au large de la c\u00f4te atlantique et conditionn\u00e9s dans de l <strong>&lsquo;huile d&rsquo;olive extra vierge<\/strong>, ce qui rehausse leur saveur et leur fra\u00eecheur.<\/p>\n<p>Id\u00e9ale pour pr\u00e9parer des recettes saines ou pour agr\u00e9menter des salades et des en-cas. D\u00e9couvrez les avantages de l&rsquo;<strong>huile d&rsquo;olive extra vierge<\/strong> dans <a href=\"https:\/\/latiendadesami.com\/category\/recetas\/\" rel=\"noopener noreferrer nofollow\" target=\"_blank\">notre blog sur les produits gastronomiques<\/a>. <\/p>\n<p><strong>Commandez d\u00e8s aujourd&rsquo;hui et savourez le go\u00fbt authentique des c\u00f4tes m\u00e9ridionales.<\/strong> Si vous aimez ce produit, ne manquez pas notre s\u00e9lection de <strong><a href=\"https:\/\/latiendadesami.com\/categoria-producto\/conservas\/\" rel=\"noopener noreferrer nofollow\" target=\"_blank\">conserves gourmandes<\/a><\/strong> ou d\u00e9couvrez d&rsquo;autres d\u00e9licieux <strong><a href=\"https:\/\/latiendadesami.com\/categoria-producto\/queso-embutido\/\" rel=\"noopener noreferrer nofollow\" target=\"_blank\">d\u00e9licieux produits typiquement espagnols<\/a><\/strong> tels que des huiles, des vins, des saucisses et bien plus encore.<\/p>\n<p>Explorez notre boutique et apportez le meilleur de la gastronomie espagnole \u00e0 votre table !<\/p>\n","protected":false},"excerpt":{"rendered":"<p>Filets de maquereau du sud d&rsquo;Ubago \u00e0 l&rsquo;huile d&rsquo;olive - Qualit\u00e9 et saveur traditionnelles<\/p>\n","protected":false},"featured_media":15137,"template":"","meta":{"_et_pb_use_builder":"","_et_pb_old_content":"","_et_gb_content_width":""},"product_brand":[],"product_cat":[2193,1941],"product_tag":[],"class_list":{"0":"post-19729","1":"product","2":"type-product","3":"status-publish","4":"has-post-thumbnail","6":"product_cat-categorie-dessai","7":"product_cat-conserves","9":"first","10":"instock","11":"taxable","12":"shipping-taxable","13":"purchasable","14":"product-type-variable"},"_links":{"self":[{"href":"https:\/\/myspainfood.com\/fr\/wp-json\/wp\/v2\/product\/19729","targetHints":{"allow":["GET"]}}],"collection":[{"href":"https:\/\/myspainfood.com\/fr\/wp-json\/wp\/v2\/product"}],"about":[{"href":"https:\/\/myspainfood.com\/fr\/wp-json\/wp\/v2\/types\/product"}],"wp:featuredmedia":[{"embeddable":true,"href":"https:\/\/myspainfood.com\/fr\/wp-json\/wp\/v2\/media\/15137"}],"wp:attachment":[{"href":"https:\/\/myspainfood.com\/fr\/wp-json\/wp\/v2\/media?parent=19729"}],"wp:term":[{"taxonomy":"product_brand","embeddable":true,"href":"https:\/\/myspainfood.com\/fr\/wp-json\/wp\/v2\/product_brand?post=19729"},{"taxonomy":"product_cat","embeddable":true,"href":"https:\/\/myspainfood.com\/fr\/wp-json\/wp\/v2\/product_cat?post=19729"},{"taxonomy":"product_tag","embeddable":true,"href":"https:\/\/myspainfood.com\/fr\/wp-json\/wp\/v2\/product_tag?post=19729"}],"curies":[{"name":"wp","href":"https:\/\/api.w.org\/{rel}","templated":true}]}}