{"id":19837,"date":"2025-04-10T12:16:17","date_gmt":"2025-04-10T10:16:17","guid":{"rendered":"https:\/\/myspainfood.com\/producto\/saumon-norvegien-fume-port-faroe-600-g\/"},"modified":"2026-01-30T14:33:49","modified_gmt":"2026-01-30T13:33:49","slug":"saumon-norvegien-fume-port-faroe-600-g","status":"publish","type":"product","link":"https:\/\/myspainfood.com\/fr\/producto\/saumon-norvegien-fume-port-faroe-600-g\/","title":{"rendered":"Saumon norv\u00e9gien fum\u00e9 - Port Faroe - 600 g"},"content":{"rendered":"<h3><strong>Saumon norv\u00e9gien fum\u00e9 - Port Faroe - 600 g<\/strong><\/h3>\n<p><strong>  Vous pouvez d\u00e9sormais profiter de la fra\u00eecheur et de la qualit\u00e9 du saumon de premi\u00e8re qualit\u00e9.<\/strong><\/p>\n<p>Le <strong>saumon norv\u00e9gien fum\u00e9 - Port Faroe<\/strong> allie tradition et saveur, id\u00e9al pour les recettes gastronomiques. Provenant d&rsquo;eaux cristallines, il offre une saveur fum\u00e9e douce et \u00e9quilibr\u00e9e. <\/p>\n<h4><strong>Principaux avantages :<\/strong><\/h4>\n<ul>\n<li><strong>Origine certifi\u00e9e<\/strong>: eaux propres et durables de Norv\u00e8ge et de Port F\u00e9ro\u00e9.<\/li>\n<li><strong>Riche en om\u00e9ga-3<\/strong>: parfait pour une alimentation saine et \u00e9quilibr\u00e9e.<\/li>\n<li><strong>Facile \u00e0 utiliser<\/strong>: Pr\u00eat pour vos salades, sushis ou snacks.<\/li>\n<\/ul>\n<p><strong>Vous aimez la cuisine gastronomique ? D\u00e9couvrez \u00e9galement d <a href=\"https:\/\/latiendadesami.com\/\" rel=\"noopener noreferrer nofollow\" target=\"_blank\">&lsquo;autres produits de qualit\u00e9 dans notre boutique.<\/a> <\/strong><\/p>\n","protected":false},"excerpt":{"rendered":"<p>Saumon norv\u00e9gien fum\u00e9 - Port Faroe - 600 g Vous pouvez d\u00e9sormais profiter de la fra\u00eecheur et de la qualit\u00e9 du saumon de premi\u00e8re qualit\u00e9. Le saumon norv\u00e9gien fum\u00e9 - Port Faroe allie tradition et saveur, id\u00e9al pour les recettes gastronomiques. Provenant d&rsquo;eaux cristallines, il offre une saveur fum\u00e9e douce et \u00e9quilibr\u00e9e. Principaux avantages : [&hellip;]<\/p>\n","protected":false},"featured_media":15488,"template":"","meta":{"_et_pb_use_builder":"","_et_pb_old_content":"","_et_gb_content_width":""},"product_brand":[],"product_cat":[2193],"product_tag":[],"class_list":{"0":"post-19837","1":"product","2":"type-product","3":"status-publish","4":"has-post-thumbnail","6":"product_cat-categorie-dessai","8":"first","9":"outofstock","10":"taxable","11":"shipping-taxable","12":"product-type-variable"},"_links":{"self":[{"href":"https:\/\/myspainfood.com\/fr\/wp-json\/wp\/v2\/product\/19837","targetHints":{"allow":["GET"]}}],"collection":[{"href":"https:\/\/myspainfood.com\/fr\/wp-json\/wp\/v2\/product"}],"about":[{"href":"https:\/\/myspainfood.com\/fr\/wp-json\/wp\/v2\/types\/product"}],"wp:featuredmedia":[{"embeddable":true,"href":"https:\/\/myspainfood.com\/fr\/wp-json\/wp\/v2\/media\/15488"}],"wp:attachment":[{"href":"https:\/\/myspainfood.com\/fr\/wp-json\/wp\/v2\/media?parent=19837"}],"wp:term":[{"taxonomy":"product_brand","embeddable":true,"href":"https:\/\/myspainfood.com\/fr\/wp-json\/wp\/v2\/product_brand?post=19837"},{"taxonomy":"product_cat","embeddable":true,"href":"https:\/\/myspainfood.com\/fr\/wp-json\/wp\/v2\/product_cat?post=19837"},{"taxonomy":"product_tag","embeddable":true,"href":"https:\/\/myspainfood.com\/fr\/wp-json\/wp\/v2\/product_tag?post=19837"}],"curies":[{"name":"wp","href":"https:\/\/api.w.org\/{rel}","templated":true}]}}