{"id":19997,"date":"2025-04-10T12:16:17","date_gmt":"2025-04-10T10:16:17","guid":{"rendered":"https:\/\/myspainfood.com\/producto\/fromage-de-brebis-au-lait-cru-flor-esgueva-1-kg\/"},"modified":"2026-01-30T14:35:56","modified_gmt":"2026-01-30T13:35:56","slug":"fromage-de-brebis-au-lait-cru-flor-esgueva-1-kg","status":"publish","type":"product","link":"https:\/\/myspainfood.com\/fr\/producto\/fromage-de-brebis-au-lait-cru-flor-esgueva-1-kg\/","title":{"rendered":"Fromage de brebis au lait cru - Flor Esgueva - 1 kg"},"content":{"rendered":"<h3><strong>Fromage de brebis au lait cru - Flor Esgueva - 1 kg<\/strong><\/h3>\n<p>Le <strong>fromage au lait cru de brebis - Flor Esgueva -<\/strong> est une r\u00e9f\u00e9rence en mati\u00e8re de fromages artisanaux espagnols. Fabriqu\u00e9 avec du lait cru de brebis s\u00e9lectionn\u00e9es, il se distingue par sa texture ferme, son ar\u00f4me intense et sa saveur qui allie des notes lact\u00e9es \u00e0 une parfaite maturit\u00e9. <\/p>\n<h4><strong>Pourquoi choisir Flor Esgueva<\/strong><\/h4>\n<ul>\n<li><strong>Lait de brebis cru<\/strong>: go\u00fbt authentique et propri\u00e9t\u00e9s naturelles intactes.<\/li>\n<li><strong>Maturation traditionnelle<\/strong>: am\u00e9lior\u00e9e dans les caves pour un profil de go\u00fbt unique.<\/li>\n<li><strong>Taille id\u00e9ale<\/strong>: Parfaite pour partager ou d\u00e9guster dans diverses recettes.<\/li>\n<\/ul>\n","protected":false},"excerpt":{"rendered":"<p>Fromage de brebis au lait cru - Flor Esgueva - 1 kg Le fromage au lait cru de brebis - Flor Esgueva - est une r\u00e9f\u00e9rence en mati\u00e8re de fromages artisanaux espagnols. Fabriqu\u00e9 avec du lait cru de brebis s\u00e9lectionn\u00e9es, il se distingue par sa texture ferme, son ar\u00f4me intense et sa saveur qui allie [&hellip;]<\/p>\n","protected":false},"featured_media":15560,"template":"","meta":{"_et_pb_use_builder":"","_et_pb_old_content":"","_et_gb_content_width":""},"product_brand":[],"product_cat":[2295],"product_tag":[],"class_list":{"0":"post-19997","1":"product","2":"type-product","3":"status-publish","4":"has-post-thumbnail","6":"product_cat-fromage-et-saucisse","8":"first","9":"outofstock","10":"taxable","11":"shipping-taxable","12":"product-type-variable"},"_links":{"self":[{"href":"https:\/\/myspainfood.com\/fr\/wp-json\/wp\/v2\/product\/19997","targetHints":{"allow":["GET"]}}],"collection":[{"href":"https:\/\/myspainfood.com\/fr\/wp-json\/wp\/v2\/product"}],"about":[{"href":"https:\/\/myspainfood.com\/fr\/wp-json\/wp\/v2\/types\/product"}],"wp:featuredmedia":[{"embeddable":true,"href":"https:\/\/myspainfood.com\/fr\/wp-json\/wp\/v2\/media\/15560"}],"wp:attachment":[{"href":"https:\/\/myspainfood.com\/fr\/wp-json\/wp\/v2\/media?parent=19997"}],"wp:term":[{"taxonomy":"product_brand","embeddable":true,"href":"https:\/\/myspainfood.com\/fr\/wp-json\/wp\/v2\/product_brand?post=19997"},{"taxonomy":"product_cat","embeddable":true,"href":"https:\/\/myspainfood.com\/fr\/wp-json\/wp\/v2\/product_cat?post=19997"},{"taxonomy":"product_tag","embeddable":true,"href":"https:\/\/myspainfood.com\/fr\/wp-json\/wp\/v2\/product_tag?post=19997"}],"curies":[{"name":"wp","href":"https:\/\/api.w.org\/{rel}","templated":true}]}}