{"id":20626,"date":"2025-04-10T12:11:04","date_gmt":"2025-04-10T10:11:04","guid":{"rendered":"https:\/\/myspainfood.com\/producto\/longe-de-porc-iberique-race-iberique-fili-500-grammes-env\/"},"modified":"2025-06-24T13:19:09","modified_gmt":"2025-06-24T11:19:09","slug":"longe-de-porc-iberique-race-iberique-fili-500-grammes-env","status":"publish","type":"product","link":"https:\/\/myspainfood.com\/fr\/producto\/longe-de-porc-iberique-race-iberique-fili-500-grammes-env\/","title":{"rendered":"Longe de porc ib\u00e9rique Race ib\u00e9rique FILI 500 grammes env."},"content":{"rendered":"<p>Produit traditionnel de la plus haute qualit\u00e9, \u00e9labor\u00e9 \u00e0 partir d&rsquo;une s\u00e9lection des meilleures viandes maigres ib\u00e9riques, pr\u00e9par\u00e9es avec des \u00e9pices naturelles.<\/p>\n","protected":false},"excerpt":{"rendered":"<p>Produit traditionnel de la plus haute qualit\u00e9, \u00e9labor\u00e9 \u00e0 partir d&rsquo;une s\u00e9lection des meilleures viandes maigres ib\u00e9riques, pr\u00e9par\u00e9es avec des \u00e9pices naturelles.<\/p>\n","protected":false},"featured_media":13427,"template":"","meta":{"_et_pb_use_builder":"","_et_pb_old_content":"","_et_gb_content_width":""},"product_brand":[],"product_cat":[1864,2295,2296],"product_tag":[],"class_list":{"0":"post-20626","1":"product","2":"type-product","3":"status-publish","4":"has-post-thumbnail","6":"product_cat-froid","7":"product_cat-fromage-et-saucisse","8":"product_cat-saucisse","9":"product_shipping_class-expedition-a-froid","11":"first","12":"outofstock","13":"taxable","14":"shipping-taxable","15":"purchasable","16":"product-type-simple"},"_links":{"self":[{"href":"https:\/\/myspainfood.com\/fr\/wp-json\/wp\/v2\/product\/20626","targetHints":{"allow":["GET"]}}],"collection":[{"href":"https:\/\/myspainfood.com\/fr\/wp-json\/wp\/v2\/product"}],"about":[{"href":"https:\/\/myspainfood.com\/fr\/wp-json\/wp\/v2\/types\/product"}],"wp:featuredmedia":[{"embeddable":true,"href":"https:\/\/myspainfood.com\/fr\/wp-json\/wp\/v2\/media\/13427"}],"wp:attachment":[{"href":"https:\/\/myspainfood.com\/fr\/wp-json\/wp\/v2\/media?parent=20626"}],"wp:term":[{"taxonomy":"product_brand","embeddable":true,"href":"https:\/\/myspainfood.com\/fr\/wp-json\/wp\/v2\/product_brand?post=20626"},{"taxonomy":"product_cat","embeddable":true,"href":"https:\/\/myspainfood.com\/fr\/wp-json\/wp\/v2\/product_cat?post=20626"},{"taxonomy":"product_tag","embeddable":true,"href":"https:\/\/myspainfood.com\/fr\/wp-json\/wp\/v2\/product_tag?post=20626"}],"curies":[{"name":"wp","href":"https:\/\/api.w.org\/{rel}","templated":true}]}}