{"id":21332,"date":"2025-04-10T12:10:23","date_gmt":"2025-04-10T10:10:23","guid":{"rendered":"https:\/\/myspainfood.com\/producto\/salade-de-poivrons-du-piquillo-15-kg\/"},"modified":"2025-04-10T12:10:23","modified_gmt":"2025-04-10T10:10:23","slug":"salade-de-poivrons-du-piquillo-15-kg","status":"publish","type":"product","link":"https:\/\/myspainfood.com\/fr\/producto\/salade-de-poivrons-du-piquillo-15-kg\/","title":{"rendered":"Salade de poivrons du piquillo 1,5 kg"},"content":{"rendered":"<p>La salade de poivrons piquillos d&rsquo;<a href=\"https:\/\/www.alsurvegetales.com\/producto\/id\/35\/pimiento-del-piquillo\" target=\"_blank\" rel=\"noopener noreferrer nofollow\">Alsur<\/a> est pr\u00e9par\u00e9e avec un poivron doux en conserve.<\/p>\n<p>Le poivre est r\u00e9put\u00e9 pour sa grande qualit\u00e9 et son go\u00fbt tr\u00e8s particulier avec une pointe de piquant.<\/p>\n<p>Ils se caract\u00e9risent \u00e9galement par leur couleur rouge intense, leur texture unique, leur taille et leur forme triangulaire allong\u00e9e particuli\u00e8re.<\/p>\n<p>Ingr\u00e9dients : Poivrons piquillos, oignon, eau, sucre, sel, vinaigre et acide citrique.<\/p>\n<p>Le pot a un poids net de 410 grammes.<\/p>\n<p>Conserver dans un endroit frais et sec. Une fois ouvert, transf\u00e9rez-le dans un r\u00e9cipient non m\u00e9tallique, r\u00e9frig\u00e9rez-le et consommez-le dans les 7 jours. <\/p>\n<p>Alsur est une entreprise familiale o\u00f9 l&rsquo;essence de la nourriture est le principal protagoniste.<\/p>\n<h4>Principaux avantages des aliments en conserve<\/h4>\n<ol>\n<li>Ils pr\u00e9servent toutes les propri\u00e9t\u00e9s nutritionnelles de l&rsquo;aliment lui-m\u00eame. Les aliments conservent leur fra\u00eecheur. <\/li>\n<li>Les aliments utilis\u00e9s sont sains et conviennent donc \u00e0 un r\u00e9gime optimal en raison de leur teneur \u00e9lev\u00e9e en vitamines et en prot\u00e9ines.<\/li>\n<li>Ces produits ont une dur\u00e9e de vie plus longue (2 \u00e0 5 ans en g\u00e9n\u00e9ral).<\/li>\n<li>Les conserves sont tr\u00e8s faciles \u00e0 conserver car leur emballage est facile \u00e0 appliquer.<\/li>\n<\/ol>\n<p>Si vous souhaitez acheter de la salade de poivrons au thon ou tout autre type d&rsquo;<a href=\"https:\/\/latiendadesami.com\/categoria-producto\/conservas\/\" rel=\"noopener noreferrer nofollow\" target=\"_blank\">aliment en conserve<\/a>, n&rsquo;h\u00e9sitez pas \u00e0 consulter notre catalogue en ligne pour voir la grande vari\u00e9t\u00e9 de <a href=\"https:\/\/latiendadesami.com\/categoria-producto\/conservas\/atun-y-bonito\/\" target=\"_blank\" rel=\"noopener noreferrer nofollow\">thon<\/a> que nous avons.<\/p>\n<p>\u00c9crivez-nous pour plus d&rsquo;informations.<\/p>\n","protected":false},"excerpt":{"rendered":"<p>La salade de poivrons piquillos d&rsquo;Alsur est pr\u00e9par\u00e9e avec un poivron doux en conserve. Le poivre est r\u00e9put\u00e9 pour sa grande qualit\u00e9 et son go\u00fbt tr\u00e8s particulier avec une pointe de piquant. Ils se caract\u00e9risent \u00e9galement par leur couleur rouge intense, leur texture unique, leur taille et leur forme triangulaire allong\u00e9e particuli\u00e8re. Ingr\u00e9dients : Poivrons [&hellip;]<\/p>\n","protected":false},"featured_media":12716,"template":"","meta":{"_et_pb_use_builder":"","_et_pb_old_content":"","_et_gb_content_width":""},"product_brand":[1196],"product_cat":[1941,3728,2367],"product_tag":[],"class_list":{"0":"post-21332","1":"product","2":"type-product","3":"status-publish","4":"has-post-thumbnail","6":"product_brand-alsur","7":"product_cat-conserves","8":"product_cat-legumes","9":"product_cat-poivrons","11":"first","12":"outofstock","13":"taxable","14":"shipping-taxable","15":"purchasable","16":"product-type-simple"},"_links":{"self":[{"href":"https:\/\/myspainfood.com\/fr\/wp-json\/wp\/v2\/product\/21332","targetHints":{"allow":["GET"]}}],"collection":[{"href":"https:\/\/myspainfood.com\/fr\/wp-json\/wp\/v2\/product"}],"about":[{"href":"https:\/\/myspainfood.com\/fr\/wp-json\/wp\/v2\/types\/product"}],"wp:featuredmedia":[{"embeddable":true,"href":"https:\/\/myspainfood.com\/fr\/wp-json\/wp\/v2\/media\/12716"}],"wp:attachment":[{"href":"https:\/\/myspainfood.com\/fr\/wp-json\/wp\/v2\/media?parent=21332"}],"wp:term":[{"taxonomy":"product_brand","embeddable":true,"href":"https:\/\/myspainfood.com\/fr\/wp-json\/wp\/v2\/product_brand?post=21332"},{"taxonomy":"product_cat","embeddable":true,"href":"https:\/\/myspainfood.com\/fr\/wp-json\/wp\/v2\/product_cat?post=21332"},{"taxonomy":"product_tag","embeddable":true,"href":"https:\/\/myspainfood.com\/fr\/wp-json\/wp\/v2\/product_tag?post=21332"}],"curies":[{"name":"wp","href":"https:\/\/api.w.org\/{rel}","templated":true}]}}