{"id":21481,"date":"2025-04-10T12:10:29","date_gmt":"2025-04-10T10:10:29","guid":{"rendered":"https:\/\/myspainfood.com\/producto\/morceaux-de-poitrine-de-thon-areoso-120gr-250-unites\/"},"modified":"2025-04-10T12:10:29","modified_gmt":"2025-04-10T10:10:29","slug":"morceaux-de-poitrine-de-thon-areoso-120gr-250-unites","status":"publish","type":"product","link":"https:\/\/myspainfood.com\/fr\/producto\/morceaux-de-poitrine-de-thon-areoso-120gr-250-unites\/","title":{"rendered":"Morceaux de poitrine de thon Areoso 120gr 250 unit\u00e9s"},"content":{"rendered":"<p>Sp\u00e9cifications : Ventre de thon albacore (Thunnus albacares) dans de l&rsquo;huile de tournesol.<\/p>\n<p>Ingr\u00e9dients : Ventre de thon albacore 65,2%, huile de tournesol 34,8%, sel, sel.<\/p>\n<p>Processus de production : La zone ventrale de l&rsquo;albacore est l&rsquo;une des plus appr\u00e9ci\u00e9es pour sa grande saveur et sa texture douce. Les morceaux de thon ventral arrivent \u00e0 l&rsquo;usine pour \u00eatre trait\u00e9s de mani\u00e8re tout \u00e0 fait traditionnelle. Apr\u00e8s la cuisson, ils sont nettoy\u00e9s et s\u00e9par\u00e9s manuellement en fines tranches de taille uniforme. Elles sont conditionn\u00e9es dans des bo\u00eetes de conserve et l&rsquo;huile d&rsquo;olive est ajout\u00e9e comme liquide de couverture, ce qui renforcera sans aucun doute toute la saveur de ce produit tr\u00e8s pris\u00e9. Les bo\u00eetes sont ensuite scell\u00e9es et st\u00e9rilis\u00e9es, un processus rigoureusement contr\u00f4l\u00e9 qui garantit la qualit\u00e9 et la conservation du produit pendant des ann\u00e9es, sans ajout de conservateurs artificiels.    <\/p>\n<p>\u00c9crivez-nous pour plus d&rsquo;informations.<\/p>\n","protected":false},"excerpt":{"rendered":"<p>Sp\u00e9cifications : Ventre de thon albacore (Thunnus albacares) dans de l&rsquo;huile de tournesol. Ingr\u00e9dients : Ventre de thon albacore 65,2%, huile de tournesol 34,8%, sel, sel. Processus de production : La zone ventrale de l&rsquo;albacore est l&rsquo;une des plus appr\u00e9ci\u00e9es pour sa grande saveur et sa texture douce. Les morceaux de thon ventral arrivent \u00e0 [&hellip;]<\/p>\n","protected":false},"featured_media":12842,"template":"","meta":{"_et_pb_use_builder":"","_et_pb_old_content":"","_et_gb_content_width":""},"product_brand":[1358],"product_cat":[2985,3285],"product_tag":[],"class_list":{"0":"post-21481","1":"product","2":"type-product","3":"status-publish","4":"has-post-thumbnail","6":"product_brand-areoso","7":"product_cat-commerce-de-gros","8":"product_cat-conserves-fr-2","10":"first","11":"outofstock","12":"taxable","13":"shipping-taxable","14":"product-type-variable"},"_links":{"self":[{"href":"https:\/\/myspainfood.com\/fr\/wp-json\/wp\/v2\/product\/21481","targetHints":{"allow":["GET"]}}],"collection":[{"href":"https:\/\/myspainfood.com\/fr\/wp-json\/wp\/v2\/product"}],"about":[{"href":"https:\/\/myspainfood.com\/fr\/wp-json\/wp\/v2\/types\/product"}],"wp:featuredmedia":[{"embeddable":true,"href":"https:\/\/myspainfood.com\/fr\/wp-json\/wp\/v2\/media\/12842"}],"wp:attachment":[{"href":"https:\/\/myspainfood.com\/fr\/wp-json\/wp\/v2\/media?parent=21481"}],"wp:term":[{"taxonomy":"product_brand","embeddable":true,"href":"https:\/\/myspainfood.com\/fr\/wp-json\/wp\/v2\/product_brand?post=21481"},{"taxonomy":"product_cat","embeddable":true,"href":"https:\/\/myspainfood.com\/fr\/wp-json\/wp\/v2\/product_cat?post=21481"},{"taxonomy":"product_tag","embeddable":true,"href":"https:\/\/myspainfood.com\/fr\/wp-json\/wp\/v2\/product_tag?post=21481"}],"curies":[{"name":"wp","href":"https:\/\/api.w.org\/{rel}","templated":true}]}}