{"id":21557,"date":"2025-04-10T12:10:34","date_gmt":"2025-04-10T10:10:34","guid":{"rendered":"https:\/\/myspainfood.com\/producto\/chorizo-iberique-extra-fili-500-grammes-salamanca\/"},"modified":"2026-01-29T11:16:39","modified_gmt":"2026-01-29T10:16:39","slug":"chorizo-iberique-extra-fili-500-grammes-salamanca","status":"publish","type":"product","link":"https:\/\/myspainfood.com\/fr\/producto\/chorizo-iberique-extra-fili-500-grammes-salamanca\/","title":{"rendered":"Chorizo ib\u00e9rique Extra Fili 500 grammes Salamanca"},"content":{"rendered":"<p>Produit traditionnel de qualit\u00e9 sup\u00e9rieure \u00e9labor\u00e9 \u00e0 partir d&rsquo;une s\u00e9lection des meilleures viandes maigres ib\u00e9riques, de paprika, d&rsquo;ail&#8230;<\/p>\n<p>Pr\u00e9sentation : boyau naturel de porc, emball\u00e9 sous vide en pi\u00e8ces enti\u00e8res ou en moiti\u00e9s.<\/p>\n","protected":false},"excerpt":{"rendered":"<p>Produit traditionnel de qualit\u00e9 sup\u00e9rieure \u00e9labor\u00e9 \u00e0 partir d&rsquo;une s\u00e9lection des meilleures viandes maigres ib\u00e9riques, de paprika, d&rsquo;ail&#8230; Pr\u00e9sentation : boyau naturel de porc, emball\u00e9 sous vide en pi\u00e8ces enti\u00e8res ou en moiti\u00e9s.<\/p>\n","protected":false},"featured_media":13103,"template":"","meta":{"_et_pb_use_builder":"","_et_pb_old_content":"","_et_gb_content_width":""},"product_brand":[1388],"product_cat":[1864,2295,2296],"product_tag":[],"class_list":{"0":"post-21557","1":"product","2":"type-product","3":"status-publish","4":"has-post-thumbnail","6":"product_brand-fili","7":"product_cat-froid","8":"product_cat-fromage-et-saucisse","9":"product_cat-saucisse","10":"product_shipping_class-expedition-a-froid","12":"first","13":"instock","14":"featured","15":"taxable","16":"shipping-taxable","17":"purchasable","18":"product-type-variable"},"_links":{"self":[{"href":"https:\/\/myspainfood.com\/fr\/wp-json\/wp\/v2\/product\/21557","targetHints":{"allow":["GET"]}}],"collection":[{"href":"https:\/\/myspainfood.com\/fr\/wp-json\/wp\/v2\/product"}],"about":[{"href":"https:\/\/myspainfood.com\/fr\/wp-json\/wp\/v2\/types\/product"}],"wp:featuredmedia":[{"embeddable":true,"href":"https:\/\/myspainfood.com\/fr\/wp-json\/wp\/v2\/media\/13103"}],"wp:attachment":[{"href":"https:\/\/myspainfood.com\/fr\/wp-json\/wp\/v2\/media?parent=21557"}],"wp:term":[{"taxonomy":"product_brand","embeddable":true,"href":"https:\/\/myspainfood.com\/fr\/wp-json\/wp\/v2\/product_brand?post=21557"},{"taxonomy":"product_cat","embeddable":true,"href":"https:\/\/myspainfood.com\/fr\/wp-json\/wp\/v2\/product_cat?post=21557"},{"taxonomy":"product_tag","embeddable":true,"href":"https:\/\/myspainfood.com\/fr\/wp-json\/wp\/v2\/product_tag?post=21557"}],"curies":[{"name":"wp","href":"https:\/\/api.w.org\/{rel}","templated":true}]}}