{"id":21660,"date":"2025-04-10T12:10:34","date_gmt":"2025-04-10T10:10:34","guid":{"rendered":"https:\/\/myspainfood.com\/producto\/salchichon-iberique-extra-fili-500-grammes-salamanca\/"},"modified":"2026-01-29T11:13:40","modified_gmt":"2026-01-29T10:13:40","slug":"salchichon-iberique-extra-fili-500-grammes-salamanca","status":"publish","type":"product","link":"https:\/\/myspainfood.com\/fr\/producto\/salchichon-iberique-extra-fili-500-grammes-salamanca\/","title":{"rendered":"Salchich\u00f3n ib\u00e9rique extra Fili 500 grammes Salamanca"},"content":{"rendered":"<p>Produit traditionnel de la plus haute qualit\u00e9, \u00e9labor\u00e9 \u00e0 partir d&rsquo;une s\u00e9lection des meilleures viandes maigres ib\u00e9riques, pr\u00e9par\u00e9es avec des \u00e9pices naturelles.<\/p>\n","protected":false},"excerpt":{"rendered":"<p>Produit traditionnel de la plus haute qualit\u00e9, \u00e9labor\u00e9 \u00e0 partir d&rsquo;une s\u00e9lection des meilleures viandes maigres ib\u00e9riques, pr\u00e9par\u00e9es avec des \u00e9pices naturelles.<\/p>\n","protected":false},"featured_media":13067,"template":"","meta":{"_et_pb_use_builder":"","_et_pb_old_content":"","_et_gb_content_width":""},"product_brand":[1388],"product_cat":[1864,2295,2296],"product_tag":[],"class_list":{"0":"post-21660","1":"product","2":"type-product","3":"status-publish","4":"has-post-thumbnail","6":"product_brand-fili","7":"product_cat-froid","8":"product_cat-fromage-et-saucisse","9":"product_cat-saucisse","10":"product_shipping_class-expedition-a-froid","12":"first","13":"instock","14":"taxable","15":"shipping-taxable","16":"purchasable","17":"product-type-variable"},"_links":{"self":[{"href":"https:\/\/myspainfood.com\/fr\/wp-json\/wp\/v2\/product\/21660","targetHints":{"allow":["GET"]}}],"collection":[{"href":"https:\/\/myspainfood.com\/fr\/wp-json\/wp\/v2\/product"}],"about":[{"href":"https:\/\/myspainfood.com\/fr\/wp-json\/wp\/v2\/types\/product"}],"wp:featuredmedia":[{"embeddable":true,"href":"https:\/\/myspainfood.com\/fr\/wp-json\/wp\/v2\/media\/13067"}],"wp:attachment":[{"href":"https:\/\/myspainfood.com\/fr\/wp-json\/wp\/v2\/media?parent=21660"}],"wp:term":[{"taxonomy":"product_brand","embeddable":true,"href":"https:\/\/myspainfood.com\/fr\/wp-json\/wp\/v2\/product_brand?post=21660"},{"taxonomy":"product_cat","embeddable":true,"href":"https:\/\/myspainfood.com\/fr\/wp-json\/wp\/v2\/product_cat?post=21660"},{"taxonomy":"product_tag","embeddable":true,"href":"https:\/\/myspainfood.com\/fr\/wp-json\/wp\/v2\/product_tag?post=21660"}],"curies":[{"name":"wp","href":"https:\/\/api.w.org\/{rel}","templated":true}]}}