{"id":21777,"date":"2025-04-10T12:10:34","date_gmt":"2025-04-10T10:10:34","guid":{"rendered":"https:\/\/myspainfood.com\/producto\/sardinilla-25-35-areoso-a-lhuile-dolive-120gr\/"},"modified":"2025-09-02T10:47:48","modified_gmt":"2025-09-02T08:47:48","slug":"sardinilla-25-35-areoso-a-lhuile-dolive-120gr","status":"publish","type":"product","link":"https:\/\/myspainfood.com\/fr\/producto\/sardinilla-25-35-areoso-a-lhuile-dolive-120gr\/","title":{"rendered":"Sardinilla 25\/35 Areoso \u00e0 l&rsquo;huile d&rsquo;olive 120gr"},"content":{"rendered":"<p>Produit : Sardines \u00e0 l&rsquo;huile d&rsquo;olive 25\/35 pi\u00e8ces<\/p>\n<p>Sp\u00e9cifications : Petite sardine (Sardina pilchardus) des Rias de Galice, de taille homog\u00e8ne dans l&rsquo;huile d&rsquo;olive. S\u00e9lectionn\u00e9es \u00e0 la main dans chaque bo\u00eete. <\/p>\n<p>Ingr\u00e9dients : Sardine 73%, huile d&rsquo;olive 27% et sel.<\/p>\n<p>Processus de production : La sardine, bien qu&rsquo;il s&rsquo;agisse d&rsquo;un poisson, est un produit exigeant dont le processus de production n\u00e9cessite beaucoup de main-d&rsquo;\u0153uvre. \u00c0 leur arriv\u00e9e \u00e0 l&rsquo;usine, les sardines sont soigneusement \u00e9t\u00eat\u00e9es et vid\u00e9es afin d&rsquo;\u00e9viter qu&rsquo;elles ne se cassent et que leur aspect ne soit alt\u00e9r\u00e9. Les sardines sont ensuite plac\u00e9es sur des grilles, pass\u00e9es et immerg\u00e9es dans une saumure (eau et sel) pour leur donner du go\u00fbt et de la fermet\u00e9. Elles sont ensuite grill\u00e9es de mani\u00e8re traditionnelle et emball\u00e9es \u00e0 la main dans chaque bo\u00eete. Une fois la couche d&rsquo;huile d&rsquo;olive ajout\u00e9e, les bo\u00eetes sont scell\u00e9es et st\u00e9rilis\u00e9es, un processus rigoureusement contr\u00f4l\u00e9 qui garantit la conservation et la qualit\u00e9 du produit pendant des ann\u00e9es, sans qu&rsquo;il soit n\u00e9cessaire d&rsquo;ajouter des conservateurs ou des additifs artificiels. Les bo\u00eetes sont ensuite pr\u00eates \u00e0 \u00eatre stock\u00e9es et transform\u00e9es.     <\/p>\n","protected":false},"excerpt":{"rendered":"<p>Produit : Sardines \u00e0 l&rsquo;huile d&rsquo;olive 25\/35 pi\u00e8ces Sp\u00e9cifications : Petite sardine (Sardina pilchardus) des Rias de Galice, de taille homog\u00e8ne dans l&rsquo;huile d&rsquo;olive. S\u00e9lectionn\u00e9es \u00e0 la main dans chaque bo\u00eete. Ingr\u00e9dients : Sardine 73%, huile d&rsquo;olive 27% et sel. Processus de production : La sardine, bien qu&rsquo;il s&rsquo;agisse d&rsquo;un poisson, est un produit exigeant [&hellip;]<\/p>\n","protected":false},"featured_media":12932,"template":"","meta":{"_et_pb_use_builder":"","_et_pb_old_content":"","_et_gb_content_width":""},"product_brand":[1358],"product_cat":[1941,3776],"product_tag":[],"class_list":{"0":"post-21777","1":"product","2":"type-product","3":"status-publish","4":"has-post-thumbnail","6":"product_brand-areoso","7":"product_cat-conserves","8":"product_cat-sardinillas-fr","10":"first","11":"outofstock","12":"taxable","13":"shipping-taxable","14":"product-type-variable"},"_links":{"self":[{"href":"https:\/\/myspainfood.com\/fr\/wp-json\/wp\/v2\/product\/21777","targetHints":{"allow":["GET"]}}],"collection":[{"href":"https:\/\/myspainfood.com\/fr\/wp-json\/wp\/v2\/product"}],"about":[{"href":"https:\/\/myspainfood.com\/fr\/wp-json\/wp\/v2\/types\/product"}],"wp:featuredmedia":[{"embeddable":true,"href":"https:\/\/myspainfood.com\/fr\/wp-json\/wp\/v2\/media\/12932"}],"wp:attachment":[{"href":"https:\/\/myspainfood.com\/fr\/wp-json\/wp\/v2\/media?parent=21777"}],"wp:term":[{"taxonomy":"product_brand","embeddable":true,"href":"https:\/\/myspainfood.com\/fr\/wp-json\/wp\/v2\/product_brand?post=21777"},{"taxonomy":"product_cat","embeddable":true,"href":"https:\/\/myspainfood.com\/fr\/wp-json\/wp\/v2\/product_cat?post=21777"},{"taxonomy":"product_tag","embeddable":true,"href":"https:\/\/myspainfood.com\/fr\/wp-json\/wp\/v2\/product_tag?post=21777"}],"curies":[{"name":"wp","href":"https:\/\/api.w.org\/{rel}","templated":true}]}}