{"id":22843,"date":"2025-04-10T12:05:09","date_gmt":"2025-04-10T10:05:09","guid":{"rendered":"https:\/\/myspainfood.com\/producto\/partida-de-la-abuela-900-gr-chicon\/"},"modified":"2026-01-29T11:29:06","modified_gmt":"2026-01-29T10:29:06","slug":"partida-de-la-abuela-900-gr-chicon","status":"publish","type":"product","link":"https:\/\/myspainfood.com\/fr\/producto\/partida-de-la-abuela-900-gr-chicon\/","title":{"rendered":"Partida de la Abuela 900 gr Chicon"},"content":{"rendered":"<p>Les bienfaits des olives fendues de la grand-m\u00e8re Chicon<\/p>\n<p>Les bienfaits des olives cass\u00e9es de grand-m\u00e8re sont nombreux et, outre leur go\u00fbt extraordinaire, leurs propri\u00e9t\u00e9s sont \u00e9galement tr\u00e8s b\u00e9n\u00e9fiques pour la sant\u00e9.<\/p>\n<p>Elles r\u00e9duisent le cholest\u00e9rol. Gr\u00e2ce \u00e0 l&rsquo;acide ol\u00e9ique, les olives fendues de grand-m\u00e8re contribuent \u00e0 r\u00e9duire le cholest\u00e9rol. <\/p>\n<p>Elles facilitent la digestion. Gr\u00e2ce \u00e0 leur teneur \u00e9lev\u00e9e en fibres, ces olives contribuent \u00e0 l&rsquo;\u00e9limination des toxines et \u00e0 l&rsquo;am\u00e9lioration de la digestion. <\/p>\n<p>Avantages pour la peau. Les vitamines A et E sont b\u00e9n\u00e9fiques pour la peau et ont des effets anti-\u00e2ge. <\/p>\n<p>Ils fournissent de l&rsquo;\u00e9nergie. Ils sont riches en fer, qui contribue \u00e0 la synth\u00e8se de la carnitine et \u00e0 la production d&rsquo;\u00e9nergie. <\/p>\n<p>Achetez vos olives \u00e0 la f\u00eate de grand-m\u00e8re<\/p>\n<p>Les olives Grandma&rsquo;s se distinguent par leur saveur douce et intense, ainsi que par leur assaisonnement caract\u00e9ristique, cr\u00e9\u00e9 \u00e0 partir d&rsquo;\u00e9pices naturelles.<\/p>\n<p>Apr\u00e8s avoir \u00e9t\u00e9 conserv\u00e9s pendant 5 ans, les fruits de l&rsquo;olivier sont mac\u00e9r\u00e9s jusqu&rsquo;\u00e0 ce qu&rsquo;ils atteignent la texture agr\u00e9able de nos <a href=\"https:\/\/latiendadesami.com\/categoria-producto\/encurtidos\/\" target=\"_blank\" rel=\"noopener noreferrer nofollow\">\u00ab\u00a0Encurtidos Aceitunas de la Abuela\u00a0\u00bb (Olives au vinaigre de<\/a> la grand-m\u00e8re).<\/p>\n<p>Ces olives enti\u00e8res \u00e0 chair ferme, l\u00e9g\u00e8rement broy\u00e9es et <a href=\"https:\/\/es.wikipedia.org\/wiki\/Aceitunas_ali%C3%B1adas\" target=\"_blank\" rel=\"noopener noreferrer nofollow\">assaisonn\u00e9es<\/a> selon la recette de grand-m\u00e8re, sont le fruit d&rsquo;une longue tradition familiale, originaire d&rsquo;Antequera, Malaga.<\/p>\n","protected":false},"excerpt":{"rendered":"<p>Les bienfaits des olives fendues de la grand-m\u00e8re Chicon Les bienfaits des olives cass\u00e9es de grand-m\u00e8re sont nombreux et, outre leur go\u00fbt extraordinaire, leurs propri\u00e9t\u00e9s sont \u00e9galement tr\u00e8s b\u00e9n\u00e9fiques pour la sant\u00e9. Elles r\u00e9duisent le cholest\u00e9rol. Gr\u00e2ce \u00e0 l&rsquo;acide ol\u00e9ique, les olives fendues de grand-m\u00e8re contribuent \u00e0 r\u00e9duire le cholest\u00e9rol. Elles facilitent la digestion. Gr\u00e2ce [&hellip;]<\/p>\n","protected":false},"featured_media":6992,"template":"","meta":{"_et_pb_use_builder":"","_et_pb_old_content":"","_et_gb_content_width":""},"product_brand":[1036],"product_cat":[1570,1571],"product_tag":[1772,1773],"class_list":{"0":"post-22843","1":"product","2":"type-product","3":"status-publish","4":"has-post-thumbnail","6":"product_brand-chicon","7":"product_cat-cornichons","8":"product_cat-olives-fr","9":"product_tag-grand-mere","10":"product_tag-objet","12":"first","13":"instock","14":"featured","15":"taxable","16":"shipping-taxable","17":"purchasable","18":"product-type-variable"},"_links":{"self":[{"href":"https:\/\/myspainfood.com\/fr\/wp-json\/wp\/v2\/product\/22843","targetHints":{"allow":["GET"]}}],"collection":[{"href":"https:\/\/myspainfood.com\/fr\/wp-json\/wp\/v2\/product"}],"about":[{"href":"https:\/\/myspainfood.com\/fr\/wp-json\/wp\/v2\/types\/product"}],"wp:featuredmedia":[{"embeddable":true,"href":"https:\/\/myspainfood.com\/fr\/wp-json\/wp\/v2\/media\/6992"}],"wp:attachment":[{"href":"https:\/\/myspainfood.com\/fr\/wp-json\/wp\/v2\/media?parent=22843"}],"wp:term":[{"taxonomy":"product_brand","embeddable":true,"href":"https:\/\/myspainfood.com\/fr\/wp-json\/wp\/v2\/product_brand?post=22843"},{"taxonomy":"product_cat","embeddable":true,"href":"https:\/\/myspainfood.com\/fr\/wp-json\/wp\/v2\/product_cat?post=22843"},{"taxonomy":"product_tag","embeddable":true,"href":"https:\/\/myspainfood.com\/fr\/wp-json\/wp\/v2\/product_tag?post=22843"}],"curies":[{"name":"wp","href":"https:\/\/api.w.org\/{rel}","templated":true}]}}