{"id":23051,"date":"2025-04-10T12:05:10","date_gmt":"2025-04-10T10:05:10","guid":{"rendered":"https:\/\/myspainfood.com\/producto\/aubergine-hachee-la-encajera-440-grammes\/"},"modified":"2025-04-10T12:05:10","modified_gmt":"2025-04-10T10:05:10","slug":"aubergine-hachee-la-encajera-440-grammes","status":"publish","type":"product","link":"https:\/\/myspainfood.com\/fr\/producto\/aubergine-hachee-la-encajera-440-grammes\/","title":{"rendered":"Aubergine, hach\u00e9e La Encajera 440 grammes"},"content":{"rendered":"<p>L&rsquo;aubergine hach\u00e9e est l&rsquo;ingr\u00e9dient vedette des salades <a href=\"https:\/\/www.laencajera.es\/berenjenas-de-almagro\" target=\"_blank\" rel=\"noopener noreferrer nofollow\">Almagro<\/a>. Sentez la saveur traditionnelle dans chaque bouch\u00e9e. <\/p>\n<p>Elle est g\u00e9n\u00e9ralement servie en entr\u00e9e ou combin\u00e9e \u00e0 des plats \u00e0 la cuill\u00e8re. Les aubergines hach\u00e9es sont originaires de Castilla la Mancha, en Espagne. <\/p>\n<p>Ingr\u00e9dients : Aubergine \u00ab\u00a0De Almagro\u00a0\u00bb, eau, sel, vinaigre d&rsquo;alcool, acide citrique (E-330), chlorure de calcium (E-509), m\u00e9tabisulfite de sodium, cumin, paprika, fenouil naturel, acide lactique (E-270).<\/p>\n<p>Conditions de conservation :<\/p>\n<p>Conserver dans un endroit frais et sec, entre 3\u00baC et 10\u00baC. Prot\u00e9ger de la lumi\u00e8re du soleil et des odeurs fortes.<\/p>\n<p>Apr\u00e8s ouverture, conservez au r\u00e9frig\u00e9rateur et consommez dans les 30 jours.<\/p>\n<p>Si vous souhaitez acheter des olives ou tout autre type de <a href=\"https:\/\/latiendadesami.com\/categoria-producto\/encurtidos\/\" rel=\"noopener noreferrer nofollow\" target=\"_blank\">cornichons<\/a>, n&rsquo;h\u00e9sitez pas \u00e0 consulter notre catalogue en ligne pour voir la grande vari\u00e9t\u00e9 d&rsquo;<a href=\"https:\/\/latiendadesami.com\/categoria-producto\/encurtidos\/berenjenas\/\" target=\"_blank\" rel=\"noopener noreferrer nofollow\">aubergines<\/a> que nous avons.<\/p>\n<p>La marque est La Encajonera, une entreprise familiale fond\u00e9e en 1990, situ\u00e9e au c\u0153ur de La Mancha, dans la ville d&rsquo;ALMAGRO, dans la province de Ciudad Real.<\/p>\n<p>Le processus de fabrication de ses produits commence dans la m\u00eame zone de culture, en s\u00e9lectionnant le produit de la meilleure qualit\u00e9.<\/p>\n<p>L&rsquo;usine est \u00e9quip\u00e9e des technologies les plus avanc\u00e9es, tout en pr\u00e9servant la tradition et le savoir-faire de ses artisans.<\/p>\n","protected":false},"excerpt":{"rendered":"<p>L&rsquo;ingr\u00e9dient vedette des salades Almagro. Sentez la saveur traditionnelle dans chaque bouch\u00e9e. Elle est g\u00e9n\u00e9ralement servie en entr\u00e9e ou combin\u00e9e avec des plats \u00e0 la cuill\u00e8re.  <\/p>\n","protected":false},"featured_media":7385,"template":"","meta":{"_et_pb_use_builder":"","_et_pb_old_content":"","_et_gb_content_width":""},"product_brand":[1057],"product_cat":[2121,1570],"product_tag":[4152],"class_list":{"0":"post-23051","1":"product","2":"type-product","3":"status-publish","4":"has-post-thumbnail","6":"product_brand-la-encajera","7":"product_cat-aubergines-fr","8":"product_cat-cornichons","9":"product_tag-hache","11":"first","12":"instock","13":"taxable","14":"shipping-taxable","15":"purchasable","16":"product-type-variable"},"_links":{"self":[{"href":"https:\/\/myspainfood.com\/fr\/wp-json\/wp\/v2\/product\/23051","targetHints":{"allow":["GET"]}}],"collection":[{"href":"https:\/\/myspainfood.com\/fr\/wp-json\/wp\/v2\/product"}],"about":[{"href":"https:\/\/myspainfood.com\/fr\/wp-json\/wp\/v2\/types\/product"}],"wp:featuredmedia":[{"embeddable":true,"href":"https:\/\/myspainfood.com\/fr\/wp-json\/wp\/v2\/media\/7385"}],"wp:attachment":[{"href":"https:\/\/myspainfood.com\/fr\/wp-json\/wp\/v2\/media?parent=23051"}],"wp:term":[{"taxonomy":"product_brand","embeddable":true,"href":"https:\/\/myspainfood.com\/fr\/wp-json\/wp\/v2\/product_brand?post=23051"},{"taxonomy":"product_cat","embeddable":true,"href":"https:\/\/myspainfood.com\/fr\/wp-json\/wp\/v2\/product_cat?post=23051"},{"taxonomy":"product_tag","embeddable":true,"href":"https:\/\/myspainfood.com\/fr\/wp-json\/wp\/v2\/product_tag?post=23051"}],"curies":[{"name":"wp","href":"https:\/\/api.w.org\/{rel}","templated":true}]}}