{"id":23223,"date":"2025-04-10T12:05:54","date_gmt":"2025-04-10T10:05:54","guid":{"rendered":"https:\/\/myspainfood.com\/producto\/sardinillas-oti-925gr\/"},"modified":"2025-04-10T12:05:54","modified_gmt":"2025-04-10T10:05:54","slug":"sardinillas-oti-925gr","status":"publish","type":"product","link":"https:\/\/myspainfood.com\/fr\/producto\/sardinillas-oti-925gr\/","title":{"rendered":"Sardinillas Oti 925gr"},"content":{"rendered":"<p>Conservas Oti s\u00e9lectionne les meilleures sardines, qui sont coup\u00e9es, \u00e9t\u00eat\u00e9es et nettoy\u00e9es \u00e0 la main, puis grill\u00e9es \u00e0 la vapeur et conditionn\u00e9es dans de l&rsquo;huile de tournesol. Elles se distinguent par leur bel aspect argent\u00e9, leur texture cr\u00e9meuse, leur go\u00fbt intense de poisson et leur magnifique pr\u00e9sentation. Elles contribuent \u00e0 un r\u00e9gime m\u00e9diterran\u00e9en gr\u00e2ce \u00e0 leur teneur \u00e9lev\u00e9e en om\u00e9ga 3.  <\/p>\n","protected":false},"excerpt":{"rendered":"<p>Conservas Oti s\u00e9lectionne les meilleures sardines, qui sont coup\u00e9es, \u00e9t\u00eat\u00e9es et nettoy\u00e9es \u00e0 la main, puis grill\u00e9es \u00e0 la vapeur et conditionn\u00e9es dans de l&rsquo;huile de tournesol. Elles se distinguent par leur bel aspect argent\u00e9, leur texture cr\u00e9meuse, leur go\u00fbt intense de poisson et leur magnifique pr\u00e9sentation. Elles contribuent \u00e0 un r\u00e9gime m\u00e9diterran\u00e9en gr\u00e2ce \u00e0 [&hellip;]<\/p>\n","protected":false},"featured_media":8279,"template":"","meta":{"_et_pb_use_builder":"","_et_pb_old_content":"","_et_gb_content_width":""},"product_brand":[1075],"product_cat":[1941,3776],"product_tag":[],"class_list":{"0":"post-23223","1":"product","2":"type-product","3":"status-publish","4":"has-post-thumbnail","6":"product_brand-oti","7":"product_cat-conserves","8":"product_cat-sardinillas-fr","10":"first","11":"outofstock","12":"taxable","13":"shipping-taxable","14":"purchasable","15":"product-type-variable"},"_links":{"self":[{"href":"https:\/\/myspainfood.com\/fr\/wp-json\/wp\/v2\/product\/23223","targetHints":{"allow":["GET"]}}],"collection":[{"href":"https:\/\/myspainfood.com\/fr\/wp-json\/wp\/v2\/product"}],"about":[{"href":"https:\/\/myspainfood.com\/fr\/wp-json\/wp\/v2\/types\/product"}],"wp:featuredmedia":[{"embeddable":true,"href":"https:\/\/myspainfood.com\/fr\/wp-json\/wp\/v2\/media\/8279"}],"wp:attachment":[{"href":"https:\/\/myspainfood.com\/fr\/wp-json\/wp\/v2\/media?parent=23223"}],"wp:term":[{"taxonomy":"product_brand","embeddable":true,"href":"https:\/\/myspainfood.com\/fr\/wp-json\/wp\/v2\/product_brand?post=23223"},{"taxonomy":"product_cat","embeddable":true,"href":"https:\/\/myspainfood.com\/fr\/wp-json\/wp\/v2\/product_cat?post=23223"},{"taxonomy":"product_tag","embeddable":true,"href":"https:\/\/myspainfood.com\/fr\/wp-json\/wp\/v2\/product_tag?post=23223"}],"curies":[{"name":"wp","href":"https:\/\/api.w.org\/{rel}","templated":true}]}}