{"id":24281,"date":"2025-04-10T12:06:37","date_gmt":"2025-04-10T10:06:37","guid":{"rendered":"https:\/\/myspainfood.com\/producto\/coeurs-dartichauts-20-fruits\/"},"modified":"2025-04-10T12:06:37","modified_gmt":"2025-04-10T10:06:37","slug":"coeurs-dartichauts-20-fruits","status":"publish","type":"product","link":"https:\/\/myspainfood.com\/fr\/producto\/coeurs-dartichauts-20-fruits\/","title":{"rendered":"Coeurs d&rsquo;artichauts +20 fruits"},"content":{"rendered":"<p>Coeurs d&rsquo;artichauts + 20 <a href=\"https:\/\/twitter.com\/mca_spain\" target=\"_blank\" rel=\"noopener noreferrer nofollow\">premiers<\/a> fruits.<\/p>\n<p>Ingr\u00e9dients : Artichauts, eau, sel et acidifiant : acide citrique.<\/p>\n<p>Apr\u00e8s ouverture, conservez au r\u00e9frig\u00e9rateur et consommez de pr\u00e9f\u00e9rence dans les 5 jours.<\/p>\n<p>La Viuda de Mateo est l&rsquo;une des marques commerciales sous lesquelles le groupe MCA Espagne se pr\u00e9sente sur le march\u00e9.<\/p>\n<p>L&rsquo;origine de MCA Espagne r\u00e9side dans l&rsquo;exp\u00e9rience de Carlos Ripa, son actuel directeur g\u00e9n\u00e9ral, qui a travaill\u00e9 pendant dix ans dans une entreprise familiale li\u00e9e au secteur de l&rsquo;alimentation de d\u00e9tail.<\/p>\n<p>Cependant, c&rsquo;est au milieu des ann\u00e9es 1980 que Ripa a lanc\u00e9 son propre projet personnel dans sa ville natale (Mendavia, Navarre) : une entreprise de conserves, MCA Spain.<\/p>\n<p>Cette entreprise, sp\u00e9cialis\u00e9e dans les conserves de l\u00e9gumes et de poissons, s&rsquo;est positionn\u00e9e dans la premi\u00e8re division du secteur agroalimentaire espagnol.<\/p>\n<p>Un d\u00e9veloppement spectaculaire qui n&rsquo;aurait pas \u00e9t\u00e9 possible sans une \u00e9quipe de premier ordre et une vocation pour le service \u00e0 la client\u00e8le.<\/p>\n<p>Si vous souhaitez acheter des Coeurs d&rsquo;Artichauts +20 fruits ou tout autre type d&rsquo;<a href=\"https:\/\/latiendadesami.com\/categoria-producto\/conservas\/\" rel=\"noopener noreferrer nofollow\" target=\"_blank\">aliment en conserve<\/a>, n&rsquo;h\u00e9sitez pas \u00e0 consulter notre catalogue en ligne.<\/p>\n<p>Nous offrons la meilleure qualit\u00e9 au meilleur prix.<\/p>\n<p>Ecrivez-nous pour plus d&rsquo;informations ou si vous avez des questions sur ce produit ou tout autre produit de notre catalogue.<\/p>\n","protected":false},"excerpt":{"rendered":"<p>Coeurs d&rsquo;artichauts 20 premiers fruits<\/p>\n","protected":false},"featured_media":8792,"template":"","meta":{"_et_pb_use_builder":"","_et_pb_old_content":"","_et_gb_content_width":""},"product_brand":[1129],"product_cat":[4709,1941],"product_tag":[4710],"class_list":{"0":"post-24281","1":"product","2":"type-product","3":"status-publish","4":"has-post-thumbnail","6":"product_brand-mateo","7":"product_cat-artichauts","8":"product_cat-conserves","9":"product_tag-coeurs","11":"first","12":"outofstock","13":"taxable","14":"shipping-taxable","15":"purchasable","16":"product-type-variable"},"_links":{"self":[{"href":"https:\/\/myspainfood.com\/fr\/wp-json\/wp\/v2\/product\/24281","targetHints":{"allow":["GET"]}}],"collection":[{"href":"https:\/\/myspainfood.com\/fr\/wp-json\/wp\/v2\/product"}],"about":[{"href":"https:\/\/myspainfood.com\/fr\/wp-json\/wp\/v2\/types\/product"}],"wp:featuredmedia":[{"embeddable":true,"href":"https:\/\/myspainfood.com\/fr\/wp-json\/wp\/v2\/media\/8792"}],"wp:attachment":[{"href":"https:\/\/myspainfood.com\/fr\/wp-json\/wp\/v2\/media?parent=24281"}],"wp:term":[{"taxonomy":"product_brand","embeddable":true,"href":"https:\/\/myspainfood.com\/fr\/wp-json\/wp\/v2\/product_brand?post=24281"},{"taxonomy":"product_cat","embeddable":true,"href":"https:\/\/myspainfood.com\/fr\/wp-json\/wp\/v2\/product_cat?post=24281"},{"taxonomy":"product_tag","embeddable":true,"href":"https:\/\/myspainfood.com\/fr\/wp-json\/wp\/v2\/product_tag?post=24281"}],"curies":[{"name":"wp","href":"https:\/\/api.w.org\/{rel}","templated":true}]}}