{"id":25167,"date":"2025-04-10T12:05:46","date_gmt":"2025-04-10T10:05:46","guid":{"rendered":"https:\/\/myspainfood.com\/producto\/cornichons-farcis-aux-anchois-2-kg-non\/"},"modified":"2025-06-25T12:21:30","modified_gmt":"2025-06-25T10:21:30","slug":"cornichons-farcis-aux-anchois-2-kg-non","status":"publish","type":"product","link":"https:\/\/myspainfood.com\/fr\/producto\/cornichons-farcis-aux-anchois-2-kg-non\/","title":{"rendered":"Cornichons farcis aux anchois 2 kg non"},"content":{"rendered":"<p>Cornichon farci aux anchois 2kg - Concombre, anchois, oignon, olive, poivre, sel. A d\u00e9guster en <a href=\"https:\/\/www.google.com\/search?q=pepinillos+rellenos+de+anchoa&amp;sxsrf=APq-WBt_i-Tka1Uv3POveVZqwLAkAbPIVg:1644316240904&amp;source=lnms&amp;tbm=isch&amp;sa=X&amp;ved=2ahUKEwj7or-r8-_1AhXO57sIHTYYAU0Q_AUoAXoECAEQAw&amp;biw=1577&amp;bih=780&amp;dpr=1\" target=\"_blank\" rel=\"noopener noreferrer nofollow\">entr\u00e9e<\/a>. <\/p>\n<p>Le m\u00e9lange des saveurs apport\u00e9es par les ingr\u00e9dients et la touche de vinaigre lui conf\u00e8rent un go\u00fbt particulier, tr\u00e8s agr\u00e9able au palais.<\/p>\n<p>Les cornichons sont un en-cas qui renforce le syst\u00e8me immunitaire, ce qui signifie qu&rsquo;ils soutiennent les d\u00e9fenses de l&rsquo;organisme et la sant\u00e9 en g\u00e9n\u00e9ral.<\/p>\n<h3><strong>Avantages du cornichon farci aux anchois 2kg<\/strong><\/h3>\n<p>Connaissez-vous les bienfaits des cornichons en g\u00e9n\u00e9ral ? Voici une liste des plus importants : <\/p>\n<ul>\n<li>Riche en probiotiques.<\/li>\n<li>Ils facilitent la digestion.<\/li>\n<li>Ils renforcent le syst\u00e8me immunitaire.<\/li>\n<li>Ils r\u00e9duisent les envies de sucre.<\/li>\n<li>Favorable \u00e0 la v\u00e9sicule biliaire.<\/li>\n<\/ul>\n<p>Si vous souhaitez acheter des olives ou tout autre type de <a href=\"https:\/\/latiendadesami.com\/categoria-producto\/encurtidos\/\" rel=\"noopener noreferrer nofollow\" target=\"_blank\">cornichons<\/a>, n&rsquo;h\u00e9sitez pas \u00e0 consulter notre catalogue en ligne pour voir la grande vari\u00e9t\u00e9 de <a href=\"https:\/\/latiendadesami.com\/categoria-producto\/encurtidos\/pepinillos\/\" target=\"_blank\" rel=\"noopener noreferrer nofollow\">cornichons<\/a> que nous avons.<\/p>\n","protected":false},"excerpt":{"rendered":"<p>Cornichon farci aux anchois 2kg - Concombre, anchois, oignon, olive, poivre, sel. A d\u00e9guster en entr\u00e9e. Le m\u00e9lange des saveurs apport\u00e9es par les ingr\u00e9dients et la touche de vinaigre lui conf\u00e8rent un go\u00fbt particulier, tr\u00e8s agr\u00e9able au palais. Les cornichons sont un en-cas qui renforce le syst\u00e8me immunitaire, ce qui signifie qu&rsquo;ils soutiennent les d\u00e9fenses [&hellip;]<\/p>\n","protected":false},"featured_media":7793,"template":"","meta":{"_et_pb_use_builder":"","_et_pb_old_content":"","_et_gb_content_width":""},"product_brand":[1069],"product_cat":[1636,1570,1864],"product_tag":[5015,2025],"class_list":{"0":"post-25167","1":"product","2":"type-product","3":"status-publish","4":"has-post-thumbnail","6":"product_brand-sangar","7":"product_cat-cornichons-fr","8":"product_cat-cornichons","9":"product_cat-froid","10":"product_tag-anchois","11":"product_tag-cornichon","12":"product_shipping_class-expedition-a-froid","14":"first","15":"instock","16":"taxable","17":"shipping-taxable","18":"purchasable","19":"product-type-simple"},"_links":{"self":[{"href":"https:\/\/myspainfood.com\/fr\/wp-json\/wp\/v2\/product\/25167","targetHints":{"allow":["GET"]}}],"collection":[{"href":"https:\/\/myspainfood.com\/fr\/wp-json\/wp\/v2\/product"}],"about":[{"href":"https:\/\/myspainfood.com\/fr\/wp-json\/wp\/v2\/types\/product"}],"wp:featuredmedia":[{"embeddable":true,"href":"https:\/\/myspainfood.com\/fr\/wp-json\/wp\/v2\/media\/7793"}],"wp:attachment":[{"href":"https:\/\/myspainfood.com\/fr\/wp-json\/wp\/v2\/media?parent=25167"}],"wp:term":[{"taxonomy":"product_brand","embeddable":true,"href":"https:\/\/myspainfood.com\/fr\/wp-json\/wp\/v2\/product_brand?post=25167"},{"taxonomy":"product_cat","embeddable":true,"href":"https:\/\/myspainfood.com\/fr\/wp-json\/wp\/v2\/product_cat?post=25167"},{"taxonomy":"product_tag","embeddable":true,"href":"https:\/\/myspainfood.com\/fr\/wp-json\/wp\/v2\/product_tag?post=25167"}],"curies":[{"name":"wp","href":"https:\/\/api.w.org\/{rel}","templated":true}]}}