{"id":25490,"date":"2025-04-10T12:06:29","date_gmt":"2025-04-10T10:06:29","guid":{"rendered":"https:\/\/myspainfood.com\/producto\/senorio-de-las-ventas-rioja-crianza-vin-mis-en-bouteille-par-antonio-escribano-pascual\/"},"modified":"2025-04-10T12:06:29","modified_gmt":"2025-04-10T10:06:29","slug":"senorio-de-las-ventas-rioja-crianza-vin-mis-en-bouteille-par-antonio-escribano-pascual","status":"publish","type":"product","link":"https:\/\/myspainfood.com\/fr\/producto\/senorio-de-las-ventas-rioja-crianza-vin-mis-en-bouteille-par-antonio-escribano-pascual\/","title":{"rendered":"Se\u00f1orio de las Ventas, Rioja Crianza, vin mis en bouteille par Antonio Escribano Pascual"},"content":{"rendered":"<p>L&rsquo;\u00e9ducation<\/p>\n<p>Correspond \u00e0 des vins au moins dans leur troisi\u00e8me ann\u00e9e qui ont pass\u00e9 au moins un an en f\u00fbts de ch\u00eane.<\/p>\n<p>Couleur rubis, avec un ar\u00f4me intense de fruits m\u00fbrs, bien combin\u00e9 avec des touches grill\u00e9es et des notes de vanille. La bouche est ample et \u00e9quilibr\u00e9e, avec une parfaite harmonie entre les tanins subtils. Savoureux et cors\u00e9 tout en gardant sa finesse et son \u00e9l\u00e9gance.  <\/p>\n","protected":false},"excerpt":{"rendered":"<p>L&rsquo;\u00e9ducation Correspond \u00e0 des vins au moins dans leur troisi\u00e8me ann\u00e9e qui ont pass\u00e9 au moins un an en f\u00fbts de ch\u00eane. Couleur rubis, avec un ar\u00f4me intense de fruits m\u00fbrs, bien combin\u00e9 avec des touches grill\u00e9es et des notes de vanille. La bouche est ample et \u00e9quilibr\u00e9e, avec une parfaite harmonie entre les tanins [&hellip;]<\/p>\n","protected":false},"featured_media":8594,"template":"","meta":{"_et_pb_use_builder":"","_et_pb_old_content":"","_et_gb_content_width":""},"product_brand":[1139],"product_cat":[4900,4902],"product_tag":[4904,5261],"class_list":{"0":"post-25490","1":"product","2":"type-product","3":"status-publish","4":"has-post-thumbnail","6":"product_brand-antonio-escribano","7":"product_cat-boissons","8":"product_cat-le-vin","9":"product_tag-antonio-escribano-fr","10":"product_tag-education","12":"first","13":"outofstock","14":"taxable","15":"shipping-taxable","16":"product-type-variable"},"_links":{"self":[{"href":"https:\/\/myspainfood.com\/fr\/wp-json\/wp\/v2\/product\/25490","targetHints":{"allow":["GET"]}}],"collection":[{"href":"https:\/\/myspainfood.com\/fr\/wp-json\/wp\/v2\/product"}],"about":[{"href":"https:\/\/myspainfood.com\/fr\/wp-json\/wp\/v2\/types\/product"}],"wp:featuredmedia":[{"embeddable":true,"href":"https:\/\/myspainfood.com\/fr\/wp-json\/wp\/v2\/media\/8594"}],"wp:attachment":[{"href":"https:\/\/myspainfood.com\/fr\/wp-json\/wp\/v2\/media?parent=25490"}],"wp:term":[{"taxonomy":"product_brand","embeddable":true,"href":"https:\/\/myspainfood.com\/fr\/wp-json\/wp\/v2\/product_brand?post=25490"},{"taxonomy":"product_cat","embeddable":true,"href":"https:\/\/myspainfood.com\/fr\/wp-json\/wp\/v2\/product_cat?post=25490"},{"taxonomy":"product_tag","embeddable":true,"href":"https:\/\/myspainfood.com\/fr\/wp-json\/wp\/v2\/product_tag?post=25490"}],"curies":[{"name":"wp","href":"https:\/\/api.w.org\/{rel}","templated":true}]}}