{"id":26603,"date":"2025-04-10T12:07:09","date_gmt":"2025-04-10T10:07:09","guid":{"rendered":"https:\/\/myspainfood.com\/producto\/coques-serie-oro-20-30-pieces\/"},"modified":"2025-04-10T12:07:09","modified_gmt":"2025-04-10T10:07:09","slug":"coques-serie-oro-20-30-pieces","status":"publish","type":"product","link":"https:\/\/myspainfood.com\/fr\/producto\/coques-serie-oro-20-30-pieces\/","title":{"rendered":"Coques s\u00e9rie ORO 20\/30 pi\u00e8ces"},"content":{"rendered":"<p>Les coques dor\u00e9es <a href=\"https:\/\/conservasarlequin.com\/serie-oro\/\" target=\"_blank\" rel=\"noopener noreferrer nofollow\">Arlequ\u00edn<\/a> s\u00e9rie 00 sont un produit en conserve \u00e9labor\u00e9 de mani\u00e8re traditionnelle.<\/p>\n<p><strong>Poids net\/ Escu :<\/strong> 113g\/63g<\/p>\n<p><strong>Dur\u00e9e de conservation :<\/strong> 4 ans<\/p>\n<p><strong>Conservation :<\/strong> Environnement<\/p>\n<p><strong>Nombre de filets\/nombre de pi\u00e8ces :<\/strong> 20\/30<\/p>\n<p>Conservas Arlequ\u00edn a pour mission d&rsquo;offrir un excellent produit, le meilleur service et une vaste gamme de conserves de poisson au meilleur prix. Conservas <a href=\"https:\/\/latiendadesami.com\/marca\/arlequin\/\" target=\"_blank\" rel=\"noopener noreferrer nofollow\">Arlequ\u00edn<\/a> a pour mission d&rsquo;offrir un excellent produit, le meilleur service et une vaste gamme de conserves de poisson au meilleur prix.<\/p>\n<p>Ils sont \u00e9galement sp\u00e9cialis\u00e9s dans les anchois, les coques s\u00e9rie 00 or, les anchois, la bonite, le thon albacore, les moules, les maquereaux et les sardines.<\/p>\n<p>Par exemple, le Comidista du journal El Pa\u00eds a dit de la ventresca : \u00ab\u00a0Elle est si tendre, presque cr\u00e9meuse, qu&rsquo;elle donne envie de l&rsquo;\u00e9pouser et de vivre heureux jusqu&rsquo;\u00e0 ce que le Seigneur vous prenne\u00a0\u00bb.<\/p>\n<h4>Principaux avantages des aliments en conserve<\/h4>\n<ol>\n<li>Ils pr\u00e9servent toutes les propri\u00e9t\u00e9s nutritionnelles de l&rsquo;aliment lui-m\u00eame. Les aliments conservent leur fra\u00eecheur. <\/li>\n<li>Les aliments utilis\u00e9s sont sains et conviennent donc \u00e0 un r\u00e9gime optimal en raison de leur teneur \u00e9lev\u00e9e en vitamines et en prot\u00e9ines.<\/li>\n<li>Ces produits ont une dur\u00e9e de vie plus longue (2 \u00e0 5 ans en g\u00e9n\u00e9ral).<\/li>\n<li>Les conserves sont tr\u00e8s faciles \u00e0 conserver car leur emballage est facile \u00e0 appliquer.<\/li>\n<\/ol>\n<p>Si vous souhaitez acheter du thon ou tout autre type d&rsquo;<a href=\"https:\/\/latiendadesami.com\/categoria-producto\/conservas\/\" rel=\"noopener noreferrer nofollow\" target=\"_blank\">aliment en conserve<\/a>, n&rsquo;h\u00e9sitez pas \u00e0 consulter notre catalogue en ligne pour voir la grande vari\u00e9t\u00e9 de <a href=\"https:\/\/latiendadesami.com\/categoria-producto\/conservas\/atun-y-bonito\/\" target=\"_blank\" rel=\"noopener noreferrer nofollow\">thon<\/a> que nous avons.<\/p>\n<p>\u00c9crivez-nous pour plus d&rsquo;informations.<\/p>\n","protected":false},"excerpt":{"rendered":"<p><strong>De la R\u00eda de Noia<\/p>\n<p>Qualit\u00e9 s\u00e9lectionn\u00e9e<\/strong><\/p>\n<p><strong>Nombre de pi\u00e8ces :<\/strong> 15\/25 Pi\u00e8ces<\/p>\n<p><strong>Poids net :<\/strong> 113 g<\/p>\n<p><strong>Poids \u00e9goutt\u00e9 : <\/strong>63 g<\/p>\n<p><strong>Ingr\u00e9dients : <\/strong><em>Coques,<\/em> eau, sel, acidifiant (E330, E331) et antioxydant (E385).<\/p>\n<p><strong>Allerg\u00e8nes :<\/strong> <em>Contient des mollusques, des coques.<\/em><\/p>\n<p>Conservez \u00e0 temp\u00e9rature ambiante.<\/p>\n<p>Une fois ouvert, il est recommand\u00e9 de le consommer dans son int\u00e9gralit\u00e9.<\/p>\n","protected":false},"featured_media":9350,"template":"","meta":{"_et_pb_use_builder":"","_et_pb_old_content":"","_et_gb_content_width":""},"product_brand":[1162],"product_cat":[1941,5677],"product_tag":[5632],"class_list":{"0":"post-26603","1":"product","2":"type-product","3":"status-publish","4":"has-post-thumbnail","6":"product_brand-arlequin","7":"product_cat-conserves","8":"product_cat-coques","9":"product_tag-serieoro-fr","11":"first","12":"outofstock","13":"sale","14":"taxable","15":"shipping-taxable","16":"purchasable","17":"product-type-simple"},"_links":{"self":[{"href":"https:\/\/myspainfood.com\/fr\/wp-json\/wp\/v2\/product\/26603","targetHints":{"allow":["GET"]}}],"collection":[{"href":"https:\/\/myspainfood.com\/fr\/wp-json\/wp\/v2\/product"}],"about":[{"href":"https:\/\/myspainfood.com\/fr\/wp-json\/wp\/v2\/types\/product"}],"wp:featuredmedia":[{"embeddable":true,"href":"https:\/\/myspainfood.com\/fr\/wp-json\/wp\/v2\/media\/9350"}],"wp:attachment":[{"href":"https:\/\/myspainfood.com\/fr\/wp-json\/wp\/v2\/media?parent=26603"}],"wp:term":[{"taxonomy":"product_brand","embeddable":true,"href":"https:\/\/myspainfood.com\/fr\/wp-json\/wp\/v2\/product_brand?post=26603"},{"taxonomy":"product_cat","embeddable":true,"href":"https:\/\/myspainfood.com\/fr\/wp-json\/wp\/v2\/product_cat?post=26603"},{"taxonomy":"product_tag","embeddable":true,"href":"https:\/\/myspainfood.com\/fr\/wp-json\/wp\/v2\/product_tag?post=26603"}],"curies":[{"name":"wp","href":"https:\/\/api.w.org\/{rel}","templated":true}]}}