{"id":26689,"date":"2025-04-10T12:07:15","date_gmt":"2025-04-10T10:07:15","guid":{"rendered":"https:\/\/myspainfood.com\/producto\/maquereau-andalou-huile-dolive-aoc\/"},"modified":"2025-04-10T12:07:15","modified_gmt":"2025-04-10T10:07:15","slug":"maquereau-andalou-huile-dolive-aoc","status":"publish","type":"product","link":"https:\/\/myspainfood.com\/fr\/producto\/maquereau-andalou-huile-dolive-aoc\/","title":{"rendered":"Maquereau andalou Huile d&rsquo;olive AOC"},"content":{"rendered":"<p style=\"text-align: left\">Filets propres de maquereau andalou, conditionn\u00e9s dans un bocal en verre et une capsule m\u00e9tallique.<\/p>\n<p style=\"text-align: left\">Production et qualit\u00e9 \u00e9tablies par le r\u00e8glement du <span class=\"file\">Conseil r\u00e9gulateur des indications g\u00e9ographiques prot\u00e9g\u00e9es pour le maquereau et la fr\u00e9gate d&rsquo;Andalousie<\/span>, auquel appartient <a href=\"https:\/\/pesasur.com\/calidad\/\" target=\"_blank\" rel=\"noopener noreferrer nofollow\">Pesasur<\/a>.<\/p>\n<p style=\"text-align: left\">De couleur blanc gris\u00e2tre, de consistance lisse et d&rsquo;odeur agr\u00e9able, il a une saveur caract\u00e9ristique et unique.<\/p>\n<p><strong>INGR\u00c9DIENTS<\/strong><\/p>\n<ul>\n<li>Maquereaux<\/li>\n<li>Huile d&rsquo;olive<\/li>\n<li>Sel<\/li>\n<\/ul>\n<p>PESASUR utilise du maquereau andalou (I.G.P. Appellation d&rsquo;Origine Sp\u00e9cifique de la R\u00e9gion Andalouse) qui est transform\u00e9 frais dans l&rsquo;usine pendant la majeure partie de l&rsquo;ann\u00e9e.<\/p>\n<p>PESASUR n&rsquo;utilise pas de produits chimiques pendant le processus de production et l&rsquo;exp\u00e9rience de la main-d&rsquo;\u0153uvre qui travaille avec les filets de maquereau depuis des g\u00e9n\u00e9rations garantit la propret\u00e9 parfaite du poisson et une excellente pr\u00e9sentation des filets dans les bocaux et les bo\u00eetes de tous les formats.<\/p>\n<h4>Principaux avantages des aliments en conserve<\/h4>\n<ol>\n<li>Ils pr\u00e9servent toutes les propri\u00e9t\u00e9s nutritionnelles de l&rsquo;aliment lui-m\u00eame. Les aliments conservent leur fra\u00eecheur. <\/li>\n<li>Les aliments utilis\u00e9s sont sains et conviennent donc \u00e0 un r\u00e9gime optimal en raison de leur teneur \u00e9lev\u00e9e en vitamines et en prot\u00e9ines.<\/li>\n<li>Ces produits ont une dur\u00e9e de vie plus longue (2 \u00e0 5 ans en g\u00e9n\u00e9ral).<\/li>\n<li>Les conserves sont tr\u00e8s faciles \u00e0 conserver car leur emballage est facile \u00e0 appliquer.<\/li>\n<\/ol>\n<p>Si vous souhaitez acheter du maquereau andalou ou tout autre type d&rsquo;<a href=\"https:\/\/latiendadesami.com\/categoria-producto\/conservas\/\" rel=\"noopener noreferrer nofollow\" target=\"_blank\">aliment en conserve<\/a>, n&rsquo;h\u00e9sitez pas \u00e0 consulter notre catalogue en ligne pour voir la grande vari\u00e9t\u00e9 de <a href=\"https:\/\/latiendadesami.com\/categoria-producto\/conservas\/atun-y-bonito\/\" target=\"_blank\" rel=\"noopener noreferrer nofollow\">thon<\/a> que nous avons.<\/p>\n<p>\u00c9crivez-nous pour plus d&rsquo;informations.<\/p>\n","protected":false},"excerpt":{"rendered":"<p>Huile d&rsquo;olive de maquereau andalou<\/p>\n","protected":false},"featured_media":9539,"template":"","meta":{"_et_pb_use_builder":"","_et_pb_old_content":"","_et_gb_content_width":""},"product_brand":[1205],"product_cat":[1941,2681],"product_tag":[],"class_list":{"0":"post-26689","1":"product","2":"type-product","3":"status-publish","4":"has-post-thumbnail","6":"product_brand-pesasur","7":"product_cat-conserves","8":"product_cat-maquereau","10":"first","11":"outofstock","12":"taxable","13":"shipping-taxable","14":"product-type-variable"},"_links":{"self":[{"href":"https:\/\/myspainfood.com\/fr\/wp-json\/wp\/v2\/product\/26689","targetHints":{"allow":["GET"]}}],"collection":[{"href":"https:\/\/myspainfood.com\/fr\/wp-json\/wp\/v2\/product"}],"about":[{"href":"https:\/\/myspainfood.com\/fr\/wp-json\/wp\/v2\/types\/product"}],"wp:featuredmedia":[{"embeddable":true,"href":"https:\/\/myspainfood.com\/fr\/wp-json\/wp\/v2\/media\/9539"}],"wp:attachment":[{"href":"https:\/\/myspainfood.com\/fr\/wp-json\/wp\/v2\/media?parent=26689"}],"wp:term":[{"taxonomy":"product_brand","embeddable":true,"href":"https:\/\/myspainfood.com\/fr\/wp-json\/wp\/v2\/product_brand?post=26689"},{"taxonomy":"product_cat","embeddable":true,"href":"https:\/\/myspainfood.com\/fr\/wp-json\/wp\/v2\/product_cat?post=26689"},{"taxonomy":"product_tag","embeddable":true,"href":"https:\/\/myspainfood.com\/fr\/wp-json\/wp\/v2\/product_tag?post=26689"}],"curies":[{"name":"wp","href":"https:\/\/api.w.org\/{rel}","templated":true}]}}