{"id":26747,"date":"2025-04-10T12:07:40","date_gmt":"2025-04-10T10:07:40","guid":{"rendered":"https:\/\/myspainfood.com\/producto\/gros-cornichons-225-kg-poids-n\/"},"modified":"2025-04-10T12:07:40","modified_gmt":"2025-04-10T10:07:40","slug":"gros-cornichons-225-kg-poids-n","status":"publish","type":"product","link":"https:\/\/myspainfood.com\/fr\/producto\/gros-cornichons-225-kg-poids-n\/","title":{"rendered":"Gros cornichons 2,25 kg poids n"},"content":{"rendered":"<p>Cornichons 2,25 kg poids net - Avec seulement des cornichons \u00e0 l&rsquo;eau et au sel, vous obtenez l&rsquo;un des <a href=\"https:\/\/www.google.com\/search?q=pepinillos+gordos&amp;tbm=isch&amp;ved=2ahUKEwj6xNCv8-_1AhWXiP0HHcNGC0QQ2-cCegQIABAA&amp;oq=pepinillos+gordos&amp;gs_lcp=CgNpbWcQA1DZFVjlJ2DcK2gAcAB4AIABYYgB4wqSAQIxOJgBAKABAaoBC2d3cy13aXotaW1nwAEB&amp;sclient=img&amp;ei=WUYCYrq0IpeR9u8Pw42toAQ&amp;bih=780&amp;biw=1577\" target=\"_blank\" rel=\"noopener noreferrer nofollow\">en-cas<\/a> les plus d\u00e9licieux qui soient.<\/p>\n<p>Le m\u00e9lange des saveurs apport\u00e9es par les ingr\u00e9dients et la touche de vinaigre lui conf\u00e8rent un go\u00fbt particulier, tr\u00e8s agr\u00e9able au palais.<\/p>\n<p>Les cornichons sont un en-cas qui renforce le syst\u00e8me immunitaire, ce qui signifie qu&rsquo;ils soutiennent les d\u00e9fenses de l&rsquo;organisme et la sant\u00e9 en g\u00e9n\u00e9ral.<\/p>\n<h3><strong>Les bienfaits des cornichons gras<\/strong><\/h3>\n<p>Connaissez-vous les bienfaits des cornichons en g\u00e9n\u00e9ral ? Voici une liste des plus importants : <\/p>\n<ul>\n<li>Riche en probiotiques.<\/li>\n<li>Ils facilitent la digestion.<\/li>\n<li>Ils renforcent le syst\u00e8me immunitaire.<\/li>\n<li>Ils r\u00e9duisent les envies de sucre.<\/li>\n<li>Favorable \u00e0 la v\u00e9sicule biliaire.<\/li>\n<\/ul>\n<p>Si vous souhaitez acheter des olives ou tout autre type de <a href=\"https:\/\/latiendadesami.com\/categoria-producto\/encurtidos\/\" rel=\"noopener noreferrer nofollow\" target=\"_blank\">cornichons<\/a>, n&rsquo;h\u00e9sitez pas \u00e0 consulter notre catalogue en ligne pour voir la grande vari\u00e9t\u00e9 de <a href=\"https:\/\/latiendadesami.com\/categoria-producto\/encurtidos\/pepinillos\/\" target=\"_blank\" rel=\"noopener noreferrer nofollow\">cornichons<\/a> que nous avons.<\/p>\n","protected":false},"excerpt":{"rendered":"<p>Cornichons 2,25 kg poids net - Avec seulement des cornichons \u00e0 l&rsquo;eau et au sel, vous obtenez l&rsquo;un des en-cas les plus d\u00e9licieux qui soient. Le m\u00e9lange des saveurs apport\u00e9es par les ingr\u00e9dients et la touche de vinaigre lui conf\u00e8rent un go\u00fbt particulier, tr\u00e8s agr\u00e9able au palais. Les cornichons sont un en-cas qui renforce le [&hellip;]<\/p>\n","protected":false},"featured_media":9989,"template":"","meta":{"_et_pb_use_builder":"","_et_pb_old_content":"","_et_gb_content_width":""},"product_brand":[],"product_cat":[1570,1636],"product_tag":[2025],"class_list":{"0":"post-26747","1":"product","2":"type-product","3":"status-publish","4":"has-post-thumbnail","6":"product_cat-cornichons","7":"product_cat-cornichons-fr","8":"product_tag-cornichon","10":"first","11":"instock","12":"taxable","13":"shipping-taxable","14":"purchasable","15":"product-type-simple"},"_links":{"self":[{"href":"https:\/\/myspainfood.com\/fr\/wp-json\/wp\/v2\/product\/26747","targetHints":{"allow":["GET"]}}],"collection":[{"href":"https:\/\/myspainfood.com\/fr\/wp-json\/wp\/v2\/product"}],"about":[{"href":"https:\/\/myspainfood.com\/fr\/wp-json\/wp\/v2\/types\/product"}],"wp:featuredmedia":[{"embeddable":true,"href":"https:\/\/myspainfood.com\/fr\/wp-json\/wp\/v2\/media\/9989"}],"wp:attachment":[{"href":"https:\/\/myspainfood.com\/fr\/wp-json\/wp\/v2\/media?parent=26747"}],"wp:term":[{"taxonomy":"product_brand","embeddable":true,"href":"https:\/\/myspainfood.com\/fr\/wp-json\/wp\/v2\/product_brand?post=26747"},{"taxonomy":"product_cat","embeddable":true,"href":"https:\/\/myspainfood.com\/fr\/wp-json\/wp\/v2\/product_cat?post=26747"},{"taxonomy":"product_tag","embeddable":true,"href":"https:\/\/myspainfood.com\/fr\/wp-json\/wp\/v2\/product_tag?post=26747"}],"curies":[{"name":"wp","href":"https:\/\/api.w.org\/{rel}","templated":true}]}}