{"id":26817,"date":"2025-04-10T12:07:39","date_gmt":"2025-04-10T10:07:39","guid":{"rendered":"https:\/\/myspainfood.com\/producto\/fromage-de-chevre-affine-au-paprika-env-320gr\/"},"modified":"2025-06-24T14:09:35","modified_gmt":"2025-06-24T12:09:35","slug":"fromage-de-chevre-affine-au-paprika-env-320gr","status":"publish","type":"product","link":"https:\/\/myspainfood.com\/fr\/producto\/fromage-de-chevre-affine-au-paprika-env-320gr\/","title":{"rendered":"Fromage de ch\u00e8vre affin\u00e9 au paprika env. 320gr"},"content":{"rendered":"<p>Le fromage de ch\u00e8vre affin\u00e9 au paprika d&rsquo;environ 320gr est produit par Queser\u00eda El <a href=\"https:\/\/www.facebook.com\/Queser%C3%ADa-El-Manjar-1564604537177140\/\" target=\"_blank\" rel=\"noopener noreferrer nofollow\">Manjar<\/a>.<\/p>\n<p>Cette fromagerie est situ\u00e9e \u00e0 Velada, Tol\u00e8de, pr\u00e8s de Talavera de la Reina.<\/p>\n<p>Il est fabriqu\u00e9 \u00e0 partir de lait pasteuris\u00e9 et sa cro\u00fbte est recouverte d&rsquo;une couche de paprika qui lui conf\u00e8re sa saveur particuli\u00e8re et inimitable.<\/p>\n<p>Outre la production de fromage de ch\u00e8vre affin\u00e9 au paprika, son catalogue de produits comprend \u00e9galement une vari\u00e9t\u00e9 d&rsquo;autres fromages tels que les fromages frais.<\/p>\n<p>Tous les produits sont fabriqu\u00e9s \u00e0 la main de mani\u00e8re traditionnelle. Le poids approximatif de chaque portion est de 320 grammes. <\/p>\n<p>Ce produit doit \u00eatre conserv\u00e9 au r\u00e9frig\u00e9rateur entre 0\u00ba et 8\u00ba.<\/p>\n<p>Le fromage de ch\u00e8vre, ou plus pr\u00e9cis\u00e9ment le fromage de lait de ch\u00e8vre, est connu sous le nom de ch\u00e8vre et d\u00e9signe tout fromage fabriqu\u00e9 \u00e0 partir de lait de ch\u00e8vre.<\/p>\n<p>Le fromage de ch\u00e8vre est fabriqu\u00e9 depuis des milliers d&rsquo;ann\u00e9es et a probablement \u00e9t\u00e9 l&rsquo;un des premiers produits laitiers pr\u00e9par\u00e9s. Dans sa forme la plus simple, le fromage de ch\u00e8vre est pr\u00e9par\u00e9 en laissant le lait cru se d\u00e9couper naturellement, puis en \u00e9gouttant et en pressant le caill\u00e9. <\/p>\n<p>Si vous souhaitez acheter d&rsquo;autres fromages ou tout autre type d&rsquo;<a href=\"https:\/\/latiendadesami.com\/\" rel=\"noopener noreferrer nofollow\" target=\"_blank\">aliments<\/a>, n&rsquo;h\u00e9sitez pas \u00e0 consulter notre catalogue en ligne pour voir la grande vari\u00e9t\u00e9 de produits que nous avons.<\/p>\n<p>\u00c9crivez-nous pour plus d&rsquo;informations.<\/p>\n","protected":false},"excerpt":{"rendered":"<p>Le fromage de ch\u00e8vre affin\u00e9 au paprika d&rsquo;environ 320gr est produit par Queser\u00eda El Manjar. Cette fromagerie est situ\u00e9e \u00e0 Velada, Tol\u00e8de, pr\u00e8s de Talavera de la Reina. Il est fabriqu\u00e9 \u00e0 partir de lait pasteuris\u00e9 et sa cro\u00fbte est recouverte d&rsquo;une couche de paprika qui lui conf\u00e8re sa saveur particuli\u00e8re et inimitable. Outre la [&hellip;]<\/p>\n","protected":false},"featured_media":9953,"template":"","meta":{"_et_pb_use_builder":"","_et_pb_old_content":"","_et_gb_content_width":""},"product_brand":[],"product_cat":[5733,1864,2295],"product_tag":[],"class_list":{"0":"post-26817","1":"product","2":"type-product","3":"status-publish","4":"has-post-thumbnail","6":"product_cat-durcissement-fr","7":"product_cat-froid","8":"product_cat-fromage-et-saucisse","9":"product_shipping_class-expedition-a-froid","11":"first","12":"instock","13":"taxable","14":"shipping-taxable","15":"purchasable","16":"product-type-simple"},"_links":{"self":[{"href":"https:\/\/myspainfood.com\/fr\/wp-json\/wp\/v2\/product\/26817","targetHints":{"allow":["GET"]}}],"collection":[{"href":"https:\/\/myspainfood.com\/fr\/wp-json\/wp\/v2\/product"}],"about":[{"href":"https:\/\/myspainfood.com\/fr\/wp-json\/wp\/v2\/types\/product"}],"wp:featuredmedia":[{"embeddable":true,"href":"https:\/\/myspainfood.com\/fr\/wp-json\/wp\/v2\/media\/9953"}],"wp:attachment":[{"href":"https:\/\/myspainfood.com\/fr\/wp-json\/wp\/v2\/media?parent=26817"}],"wp:term":[{"taxonomy":"product_brand","embeddable":true,"href":"https:\/\/myspainfood.com\/fr\/wp-json\/wp\/v2\/product_brand?post=26817"},{"taxonomy":"product_cat","embeddable":true,"href":"https:\/\/myspainfood.com\/fr\/wp-json\/wp\/v2\/product_cat?post=26817"},{"taxonomy":"product_tag","embeddable":true,"href":"https:\/\/myspainfood.com\/fr\/wp-json\/wp\/v2\/product_tag?post=26817"}],"curies":[{"name":"wp","href":"https:\/\/api.w.org\/{rel}","templated":true}]}}